{"id":64139,"date":"2026-03-10T09:00:00","date_gmt":"2026-03-10T09:00:00","guid":{"rendered":"https:\/\/work-foxx.com\/product\/nizki-zascitni-cevlji-peak-s1p\/"},"modified":"2026-03-10T09:12:04","modified_gmt":"2026-03-10T09:12:04","slug":"niske-zastitne-cipele-peak-s1p","status":"publish","type":"product","link":"https:\/\/work-foxx.com\/hr\/proizvod\/niske-zastitne-cipele-peak-s1p\/","title":{"rendered":"Niske za\u0161titne cipele PEAK S1P"},"content":{"rendered":"<h1 class=\"fc-black pb-1 pt-1 p-md-0\">Niske za\u0161titne cipele PEAK S1P<\/h1>\n<p>Niske za\u0161titne cipele Peak imaju za\u0161titnu kapicu i klasificirane su u za\u0161titnu klasu S1P. Izra\u0111ene su od kombinacije bru\u0161ene ko\u017ee i tekstila s podstavom od prozra\u010dne tkanine. Podstavljeni jezik pru\u017ea ve\u0107u udobnost i bolju za\u0161titu. Ulo\u017eak od memorijske pjene prilago\u0111ava se stopalu te pru\u017ea iznimnu udobnost i smanjuje umor. Vanjski potplat od poliuretana (PU) dvostruke gusto\u0107e otporan je na probijanje (P), antistati\u010dki i otporan na ugljikovodike. Cipele pru\u017eaju dobro prianjanje i za\u0161titu od klizanja na keramici i metalu (SRC). Niske za\u0161titne cipele Peak\u00a0za\u0161titne klase S1P imaju antistati\u010dki potplat i ulo\u017eak. Potplat je otporan na probode i ugljikovodike, a peta radne cipele upija energiju.<\/p>\n<h3>Materijalni sastav i tehni\u010dka svojstva<\/h3>\n<p><strong>Vanjski materijal:<\/strong>\u00a0Bru\u0161ena gove\u0111a ko\u017ea i tekstil<br \/>\n<b>Podstava:<\/b>\u00a0Prozra\u010dna tkanina<br \/>\n<b>Ulo\u017eak:<\/b>\u00a0Anatomski, periv, na bazi memorijske pjene<br \/>\n<strong>Potplat:<\/strong>\u00a0Dvoslojni poliuretan dvostruke gusto\u0107e (PU) \/ poliuretan (PU)<\/p>\n<p><strong>Veli\u010dine:<\/strong>\u00a037 &#8211; 48<br \/>\n<strong>Boja:<\/strong> Sivo &#8211; plava, sivo &#8211; naran\u010dasta<br \/>\n<strong>Spol:<\/strong>\u00a0Unisex<br \/>\n<strong>Proizvo\u0111a\u010d:<\/strong>\u00a0<a href=\"https:\/\/www.lacuna.hr\/\" rel=\"nofollow\">Lacuna<\/a><\/p>\n<p><strong>Tehni\u010dke karakteristike:<\/strong>\u00a0S1P, SRC<br \/>\n<strong>Za\u0161tita prstiju:<\/strong>\u00a0Za\u0161titna kapica (SB), \u010delik<br \/>\n<b>Za\u0161tita potplata:<\/b>\u00a0Sigurnosni ulo\u017eak, \u010delik<br \/>\n<strong>Standard:<\/strong>\u00a0EN ISO 20345: 2011<\/p>\n<h3>Opis standarda<\/h3>\n<p>Norma EN ISO 20345 utvr\u0111uje osnovne zahtjeve i (po izboru) dodatne zahtjeve za za\u0161titnu obu\u0107u. Obu\u0107a koja je u skladu s normom EN ISO 20345 mora imati specifi\u010dan oblik, za\u0161titu za prste, protuklizni potplat, ergonomska svojstva, gornji dio obu\u0107e, \u010dvrsto\u0107u i mora zadovoljiti tra\u017eene kriterije ispitivanja. Za\u0161titna obu\u0107a s kapom prikladna je za rad gdje postoji velika mogu\u0107nost ozljeda uslijed mehani\u010dkih utjecaja.<\/p>\n<p><i>Savjete za odabir pravih radnih cipela za va\u0161e potrebe mo\u017eete prona\u0107i u segmentu &#8220;<\/i><a href=\"https:\/\/work-foxx.com\/hr\/savjeti\/\"><i>Savjeti stru\u010dnjaka<\/i><\/a><i>&#8220;.<\/i><\/p>\n","protected":false},"excerpt":{"rendered":"<p>Niske za\u0161titne cipele Peak S1P imaju za\u0161titnu kapicu, antistati\u010dke su, smanjuju napetost u peti i imaju neklizaju\u0107i potplat koji je otporan na probijanje.<\/p>\n","protected":false},"featured_media":64136,"comment_status":"open","ping_status":"closed","template":"","meta":{"_acf_changed":false,"inline_featured_image":false},"product_brand":[],"product_cat":[748,1013,1042],"product_tag":[],"class_list":{"0":"post-64139","1":"product","2":"type-product","3":"status-publish","4":"has-post-thumbnail","6":"product_cat-niske-zastitne-cipele","7":"product_cat-obuca","8":"product_cat-zastitne-cipele","10":"first","11":"instock","12":"taxable","13":"shipping-taxable","14":"purchasable","15":"product-type-variable"},"acf":[],"_links":{"self":[{"href":"https:\/\/work-foxx.com\/hr\/wp-json\/wp\/v2\/product\/64139","targetHints":{"allow":["GET"]}}],"collection":[{"href":"https:\/\/work-foxx.com\/hr\/wp-json\/wp\/v2\/product"}],"about":[{"href":"https:\/\/work-foxx.com\/hr\/wp-json\/wp\/v2\/types\/product"}],"replies":[{"embeddable":true,"href":"https:\/\/work-foxx.com\/hr\/wp-json\/wp\/v2\/comments?post=64139"}],"wp:featuredmedia":[{"embeddable":true,"href":"https:\/\/work-foxx.com\/hr\/wp-json\/wp\/v2\/media\/64136"}],"wp:attachment":[{"href":"https:\/\/work-foxx.com\/hr\/wp-json\/wp\/v2\/media?parent=64139"}],"wp:term":[{"taxonomy":"product_brand","embeddable":true,"href":"https:\/\/work-foxx.com\/hr\/wp-json\/wp\/v2\/product_brand?post=64139"},{"taxonomy":"product_cat","embeddable":true,"href":"https:\/\/work-foxx.com\/hr\/wp-json\/wp\/v2\/product_cat?post=64139"},{"taxonomy":"product_tag","embeddable":true,"href":"https:\/\/work-foxx.com\/hr\/wp-json\/wp\/v2\/product_tag?post=64139"}],"curies":[{"name":"wp","href":"https:\/\/api.w.org\/{rel}","templated":true}]}}