{"id":63651,"date":"2026-02-23T09:28:00","date_gmt":"2026-02-23T09:28:00","guid":{"rendered":"https:\/\/work-foxx.com\/product\/pvc-predpasnik-110x75-cm\/"},"modified":"2026-03-02T14:27:54","modified_gmt":"2026-03-02T14:27:54","slug":"pvc-pregaca-110x75-cm","status":"publish","type":"product","link":"https:\/\/work-foxx.com\/hr\/proizvod\/pvc-pregaca-110x75-cm\/","title":{"rendered":"PVC prega\u010da 110&#215;75 cm"},"content":{"rendered":"<h1>PVC prega\u010da 110&#215;75 cm<\/h1>\n<p>Prega\u010da je izra\u0111ena od dvostrukog PVC-a sa slojem polipropilena (PP) na podlozi od mje\u0161avine poliestera i pamuka. Kop\u010da se \u0161pagom na le\u0111ima.<\/p>\n<h3>Materijalni sastav i tehni\u010dka svojstva<\/h3>\n<p><strong>Materijal:<\/strong> Dvostruki PVC s polipropilenskim (PP) slojem, poliesterskom\/pamu\u010dnom oblogom, s kabelom za pri\u010dvr\u0161\u0107ivanje<br \/>\n<strong>Debljina:<\/strong> 0,30 mm<br \/>\n<strong>Dimenzije:<\/strong> 110 x 75 cm<\/p>\n<p><strong>Veli\u010dina:<\/strong> Univerzalna<br \/>\n<strong>Boja:<\/strong> Zelena, bileja<br \/>\n<strong>Proizvo\u0111a\u010d:<\/strong> <a href=\"https:\/\/www.coverguard-safety.com\/\">Coverguard<\/a><br \/>\n<strong>Pakiranje:<\/strong> 1 komad u vre\u0107ici<br \/>\n<strong>Standard:<\/strong> EN 13688<\/p>\n<p>Ako proizvod koji vam je potreban nije na zalihi ili ne mo\u017eete prona\u0107i \u017eeljeni proizvod u na\u0161oj internetskoj trgovini, pozivamo vas da nam po\u0161aljete upit na <a href=\"mailto:info@work-foxx.com\"><strong>info@work-foxx.com<\/strong><\/a> ili putem <a href=\"https:\/\/work-foxx.com\/hr\/pomoc-i-kontakt\/\">kontakt obrasca<\/a>. S na\u0161om partnerskom mre\u017eom poku\u0161at \u0107emo vam pru\u017eiti \u017eeljene proizvode ili skratiti vrijeme isporuke.<\/p>\n","protected":false},"excerpt":{"rendered":"<p>Prega\u010da je izra\u0111ena od dvostrukog PVC-a sa slojem polipropilena (PP) na podlozi od mje\u0161avine poliestera i pamuka. Kop\u010da se \u0161pagom na le\u0111ima.<\/p>\n","protected":false},"featured_media":12288,"comment_status":"open","ping_status":"closed","template":"","meta":{"_acf_changed":false,"inline_featured_image":false},"product_brand":[],"product_cat":[1084,1064,784],"product_tag":[],"class_list":{"0":"post-63651","1":"product","2":"type-product","3":"status-publish","4":"has-post-thumbnail","6":"product_cat-jednokratne-kute-i-pregace","7":"product_cat-jednokratni-program","8":"product_cat-odjeca","10":"first","11":"instock","12":"taxable","13":"shipping-taxable","14":"purchasable","15":"product-type-variable"},"acf":[],"_links":{"self":[{"href":"https:\/\/work-foxx.com\/hr\/wp-json\/wp\/v2\/product\/63651","targetHints":{"allow":["GET"]}}],"collection":[{"href":"https:\/\/work-foxx.com\/hr\/wp-json\/wp\/v2\/product"}],"about":[{"href":"https:\/\/work-foxx.com\/hr\/wp-json\/wp\/v2\/types\/product"}],"replies":[{"embeddable":true,"href":"https:\/\/work-foxx.com\/hr\/wp-json\/wp\/v2\/comments?post=63651"}],"wp:featuredmedia":[{"embeddable":true,"href":"https:\/\/work-foxx.com\/hr\/wp-json\/wp\/v2\/media\/12288"}],"wp:attachment":[{"href":"https:\/\/work-foxx.com\/hr\/wp-json\/wp\/v2\/media?parent=63651"}],"wp:term":[{"taxonomy":"product_brand","embeddable":true,"href":"https:\/\/work-foxx.com\/hr\/wp-json\/wp\/v2\/product_brand?post=63651"},{"taxonomy":"product_cat","embeddable":true,"href":"https:\/\/work-foxx.com\/hr\/wp-json\/wp\/v2\/product_cat?post=63651"},{"taxonomy":"product_tag","embeddable":true,"href":"https:\/\/work-foxx.com\/hr\/wp-json\/wp\/v2\/product_tag?post=63651"}],"curies":[{"name":"wp","href":"https:\/\/api.w.org\/{rel}","templated":true}]}}