{"id":63633,"date":"2026-02-23T08:24:00","date_gmt":"2026-02-23T08:24:00","guid":{"rendered":"https:\/\/work-foxx.com\/product\/predpasnik-za-enkratno-uporabo-zoe-100-kos\/"},"modified":"2026-02-23T08:44:45","modified_gmt":"2026-02-23T08:44:45","slug":"pregaca-za-jednokratnu-upotrebu-zoe-100-kos","status":"publish","type":"product","link":"https:\/\/work-foxx.com\/hr\/proizvod\/pregaca-za-jednokratnu-upotrebu-zoe-100-kos\/","title":{"rendered":"Prega\u010da za jednokratnu upotrebu ZOE (100 kos)"},"content":{"rendered":"<h1>Prega\u010da za jednokratnu upotrebu ZOE (100 kos)<\/h1>\n<p>Prega\u010da za jednokratnu upotrebu ZOE izra\u0111ena je od polietilena. Ima okrugli ovratnik, a veli\u010dina se mo\u017ee podesiti na pole\u0111ini. Na raspolaganju je u beli i modri boji.<\/p>\n<h3>Materijalni sastav i tehni\u010dka svojstva<\/h3>\n<p><strong>Materijal:<\/strong> Polietilen (PE)<br \/>\n<strong>Zna\u010dajkama:<\/strong> Okrugli ovratnik, veza na le\u0111ima<br \/>\n<strong>Dimenzije:<\/strong> 120 x 70 cm<\/p>\n<p><strong>Veli\u010dina:<\/strong> Univerzalna<br \/>\n<strong>Boja:<\/strong> Bijela, plava<br \/>\n<strong>Proizvo\u0111a\u010d:<\/strong> <a href=\"https:\/\/www.lacuna.hr\/\">Lacuna<\/a><br \/>\n<strong>Pakiranje:<\/strong> 100 kom\/paket<\/p>\n<p>Ako proizvod koji vam je potreban nije na zalihi ili ne mo\u017eete prona\u0107i \u017eeljeni proizvod u na\u0161oj internetskoj trgovini, pozivamo vas da nam po\u0161aljete upit na\u00a0<a href=\"mailto:info@work-foxx.com\"><strong>info@work-foxx.com<\/strong><\/a>\u00a0ili putem\u00a0<a href=\"https:\/\/work-foxx.com\/hr\/pomoc-i-kontakt\/\">kontakt obrasca<\/a>. S na\u0161om partnerskom mre\u017eom poku\u0161at \u0107emo vam pru\u017eiti \u017eeljene proizvode ili skratiti vrijeme isporuke.<\/p>\n","protected":false},"excerpt":{"rendered":"<p>Prega\u010da za jednokratnu upotrebu ZOE izra\u0111ena je od polietilena. Ima okrugli ovratnik, a veli\u010dina se mo\u017ee podesiti na pole\u0111ini.<\/p>\n","protected":false},"featured_media":63630,"comment_status":"open","ping_status":"closed","template":"","meta":{"_acf_changed":false,"inline_featured_image":false},"product_brand":[],"product_cat":[1084,1064,784],"product_tag":[],"class_list":{"0":"post-63633","1":"product","2":"type-product","3":"status-publish","4":"has-post-thumbnail","6":"product_cat-jednokratne-kute-i-pregace","7":"product_cat-jednokratni-program","8":"product_cat-odjeca","10":"first","11":"instock","12":"taxable","13":"shipping-taxable","14":"purchasable","15":"product-type-variable"},"acf":[],"_links":{"self":[{"href":"https:\/\/work-foxx.com\/hr\/wp-json\/wp\/v2\/product\/63633","targetHints":{"allow":["GET"]}}],"collection":[{"href":"https:\/\/work-foxx.com\/hr\/wp-json\/wp\/v2\/product"}],"about":[{"href":"https:\/\/work-foxx.com\/hr\/wp-json\/wp\/v2\/types\/product"}],"replies":[{"embeddable":true,"href":"https:\/\/work-foxx.com\/hr\/wp-json\/wp\/v2\/comments?post=63633"}],"wp:featuredmedia":[{"embeddable":true,"href":"https:\/\/work-foxx.com\/hr\/wp-json\/wp\/v2\/media\/63630"}],"wp:attachment":[{"href":"https:\/\/work-foxx.com\/hr\/wp-json\/wp\/v2\/media?parent=63633"}],"wp:term":[{"taxonomy":"product_brand","embeddable":true,"href":"https:\/\/work-foxx.com\/hr\/wp-json\/wp\/v2\/product_brand?post=63633"},{"taxonomy":"product_cat","embeddable":true,"href":"https:\/\/work-foxx.com\/hr\/wp-json\/wp\/v2\/product_cat?post=63633"},{"taxonomy":"product_tag","embeddable":true,"href":"https:\/\/work-foxx.com\/hr\/wp-json\/wp\/v2\/product_tag?post=63633"}],"curies":[{"name":"wp","href":"https:\/\/api.w.org\/{rel}","templated":true}]}}