{"id":63575,"date":"2026-02-22T17:40:00","date_gmt":"2026-02-22T17:40:00","guid":{"rendered":"https:\/\/work-foxx.com\/product\/kapa-za-enkratno-uporabo-grace-100-kos\/"},"modified":"2026-02-22T17:55:47","modified_gmt":"2026-02-22T17:55:47","slug":"jednokratna-kapa-grace-100-kos","status":"publish","type":"product","link":"https:\/\/work-foxx.com\/hr\/proizvod\/jednokratna-kapa-grace-100-kos\/","title":{"rendered":"Jednokratna kapa GRACE (100 kos)"},"content":{"rendered":"<h1>Jednokratna kapa GRACE<\/h1>\n<p>Jednokratna kapa GRACE ima elasti\u010dnu man\u017eetu za bolje prianjanje. Dostupna je u plavoj i bijeloj boji. Kape su pakirane u paketi\u0107ima od 100 komada.<\/p>\n<h3>Materijalni sastav i tehni\u010dka svojstva<\/h3>\n<p><strong>Materijal:<\/strong>\u00a0Polipropilen (PP)<br \/>\n<strong>Zna\u010dajke:<\/strong>\u00a0Univerzalna veli\u010dina<br \/>\n<strong>Karakteristika:<\/strong>\u00a0Kapa sa kop\u010dama \/ model harmonika<\/p>\n<p><strong>Boja:<\/strong> Bijela, plava<br \/>\n<strong>Veli\u010dina:<\/strong>\u00a0Univerzalna<br \/>\n<strong>Proizvo\u0111a\u010d:<\/strong>\u00a0<a href=\"https:\/\/www.lacuna.hr\/\" rel=\"nofollow\">Lacuna<\/a><br \/>\n<strong>Pakiranje:<\/strong>\u00a0100 kom u paketu<\/p>\n<p>Ako proizvod koji vam je potreban nije na zalihi ili ne mo\u017eete prona\u0107i \u017eeljeni proizvod u na\u0161oj internetskoj trgovini, pozivamo vas da nam po\u0161aljete upit na\u00a0<a href=\"mailto:info@work-foxx.com\"><strong>info@work-foxx.com<\/strong><\/a>\u00a0ili putem\u00a0<a href=\"https:\/\/work-foxx.com\/hr\/pomoc-i-kontakt\/\">kontakt obrasca<\/a>. S na\u0161om partnerskom mre\u017eom poku\u0161at \u0107emo vam pru\u017eiti \u017eeljene proizvode ili skratiti vrijeme isporuke.<\/p>\n","protected":false},"excerpt":{"rendered":"<p>Jednokratna kapa GRACE ima elasti\u010dnu man\u017eetu za bolje prianjanje. Dostupna je u plavoj i bijeloj boji. Kape su pakirane u paketi\u0107ima od 100 komada.<\/p>\n","protected":false},"featured_media":63572,"comment_status":"open","ping_status":"closed","template":"","meta":{"_acf_changed":false,"inline_featured_image":false},"product_brand":[],"product_cat":[1071,1064,784],"product_tag":[],"class_list":{"0":"post-63575","1":"product","2":"type-product","3":"status-publish","4":"has-post-thumbnail","6":"product_cat-jednokratne-kape","7":"product_cat-jednokratni-program","8":"product_cat-odjeca","10":"first","11":"instock","12":"taxable","13":"shipping-taxable","14":"purchasable","15":"product-type-variable"},"acf":[],"_links":{"self":[{"href":"https:\/\/work-foxx.com\/hr\/wp-json\/wp\/v2\/product\/63575","targetHints":{"allow":["GET"]}}],"collection":[{"href":"https:\/\/work-foxx.com\/hr\/wp-json\/wp\/v2\/product"}],"about":[{"href":"https:\/\/work-foxx.com\/hr\/wp-json\/wp\/v2\/types\/product"}],"replies":[{"embeddable":true,"href":"https:\/\/work-foxx.com\/hr\/wp-json\/wp\/v2\/comments?post=63575"}],"wp:featuredmedia":[{"embeddable":true,"href":"https:\/\/work-foxx.com\/hr\/wp-json\/wp\/v2\/media\/63572"}],"wp:attachment":[{"href":"https:\/\/work-foxx.com\/hr\/wp-json\/wp\/v2\/media?parent=63575"}],"wp:term":[{"taxonomy":"product_brand","embeddable":true,"href":"https:\/\/work-foxx.com\/hr\/wp-json\/wp\/v2\/product_brand?post=63575"},{"taxonomy":"product_cat","embeddable":true,"href":"https:\/\/work-foxx.com\/hr\/wp-json\/wp\/v2\/product_cat?post=63575"},{"taxonomy":"product_tag","embeddable":true,"href":"https:\/\/work-foxx.com\/hr\/wp-json\/wp\/v2\/product_tag?post=63575"}],"curies":[{"name":"wp","href":"https:\/\/api.w.org\/{rel}","templated":true}]}}