{"id":63510,"date":"2026-02-22T09:56:00","date_gmt":"2026-02-22T09:56:00","guid":{"rendered":"https:\/\/work-foxx.com\/product\/t-shirt-majica-visoke-vidljivosti-yard\/"},"modified":"2026-02-22T10:15:36","modified_gmt":"2026-02-22T10:15:36","slug":"t-shirt-majica-visoke-vidljivosti-yard","status":"publish","type":"product","link":"https:\/\/work-foxx.com\/hr\/proizvod\/t-shirt-majica-visoke-vidljivosti-yard\/","title":{"rendered":"T-shirt majica visoke vidljivosti YARD"},"content":{"rendered":"<h1>High Visibility T-shirt YARD<\/h1>\n<p>T-shirt majica visoke vidljivosti iz kolekcije Yard ima klasi\u010dan izgled. Izra\u0111ena je od \u010dvrste poliesterske tkanine koja pru\u017ea otpornost na habanje. Dodatni patent na krajevima ovratnika i rukava osigurava bolje pristajanje. Dobru vidljivost osiguravaju \u010detiri u\u0161ivene reflektiraju\u0107e trake \u0161irine 5 cm i visoko reflektiraju\u0107a boja. Kroj je klasi\u010dan i pristaje svim tipovima tijela. Majica proizvedena je u skladu sa standardom EN ISO 20471, koji name\u0107e zahtjeve za vidljivu radnu odje\u0107u za zaposlenike u visokorizi\u010dnim podru\u010djima. Reflektivni materijali i fluorescentne boje omogu\u0107uju identifikaciju i prepoznavanje radnika, \u0161to doprinosi ve\u0107oj sigurnosti na radnom mjestu.<\/p>\n<h3>Materijalni sastav i tehni\u010dka svojstva<\/h3>\n<p><strong>Kroj:<\/strong>\u00a0Regular fit<br \/>\n<strong>Materijal:<\/strong>\u00a0100 % poliester, 140 g\/m2<br \/>\n<strong>Hi-Viz klasa:<\/strong>\u00a0Klasa 2 (reflektiraju\u0107a traka: 0,13 m\u00b2, fluorescentni materijal: 0,50 m\u00b2)<\/p>\n<p><strong>Veli\u010dine:<\/strong><br \/>\nM (48, 50)<br \/>\nL (52, 54)<br \/>\nXL (56, 58)<br \/>\nXXL (60, 62)<\/p>\n<p><strong>Boja:<\/strong> Hi-Viz naran\u010dasta, Hi-Viz \u017euta<br \/>\n<strong>Spol:<\/strong>\u00a0Unisex<br \/>\n<strong>Proizvo\u0111a\u010d:<\/strong>\u00a0<a href=\"https:\/\/www.coverguard-safety.com\/\" rel=\"nofollow\">Coverguard<\/a><br \/>\n<strong>Standard:<\/strong>\u00a0EN ISO 13688:2013, EN ISO 20471:2013 + A1:2016<\/p>\n<h3>Opis standarda<\/h3>\n<p>EN ISO 13688 odre\u0111uje op\u0107e zahtjeve u\u010dinkovitosti za ergonomiju, sigurnost, oznaku veli\u010dine, starenje, kompatibilnost i oznake za\u0161titne odje\u0107e te informacije koje treba pru\u017eiti proizvo\u0111a\u010d za\u0161titne odje\u0107e.<\/p>\n<p>EN ISO 20471 me\u0111unarodni je standard koji name\u0107e zahtjeve za vidljivu radnu odje\u0107u za zaposlenike u visokorizi\u010dnim podru\u010djima.<\/p>\n<p><em>Odje\u0107a visoke vidljivosti mo\u017ee se\u00a0<i>personalizirati strojnim vezom ili tiskom. Vi\u0161e o personalizaciji mo\u017eete pro\u010ditati na stranici &#8220;<\/i><a href=\"https:\/\/work-foxx.com\/hr\/personalizacija-radne-odjece\/\"><i>Personalizacija radne odje\u0107e<\/i><\/a><i>&#8221; na dnu stranice.<\/i><\/em><\/p>\n","protected":false},"excerpt":{"rendered":"<p>T-shirt majica visoke vidljivosti iz kolekcije Yard ima klasi\u010dan izgled. \u010cetiri u\u0161ivene reflektiraju\u0107e trake osiguravaju dobru vidljivost.<\/p>\n","protected":false},"featured_media":63538,"comment_status":"open","ping_status":"closed","template":"","meta":{"_acf_changed":false,"inline_featured_image":false},"product_brand":[],"product_cat":[1165,784,1088],"product_tag":[],"class_list":{"0":"post-63510","1":"product","2":"type-product","3":"status-publish","4":"has-post-thumbnail","6":"product_cat-majice-visoke-vidljivosti","7":"product_cat-odjeca","8":"product_cat-odjeca-visoke-vidljivosti","10":"first","11":"instock","12":"taxable","13":"shipping-taxable","14":"purchasable","15":"product-type-variable"},"acf":[],"_links":{"self":[{"href":"https:\/\/work-foxx.com\/hr\/wp-json\/wp\/v2\/product\/63510","targetHints":{"allow":["GET"]}}],"collection":[{"href":"https:\/\/work-foxx.com\/hr\/wp-json\/wp\/v2\/product"}],"about":[{"href":"https:\/\/work-foxx.com\/hr\/wp-json\/wp\/v2\/types\/product"}],"replies":[{"embeddable":true,"href":"https:\/\/work-foxx.com\/hr\/wp-json\/wp\/v2\/comments?post=63510"}],"wp:featuredmedia":[{"embeddable":true,"href":"https:\/\/work-foxx.com\/hr\/wp-json\/wp\/v2\/media\/63538"}],"wp:attachment":[{"href":"https:\/\/work-foxx.com\/hr\/wp-json\/wp\/v2\/media?parent=63510"}],"wp:term":[{"taxonomy":"product_brand","embeddable":true,"href":"https:\/\/work-foxx.com\/hr\/wp-json\/wp\/v2\/product_brand?post=63510"},{"taxonomy":"product_cat","embeddable":true,"href":"https:\/\/work-foxx.com\/hr\/wp-json\/wp\/v2\/product_cat?post=63510"},{"taxonomy":"product_tag","embeddable":true,"href":"https:\/\/work-foxx.com\/hr\/wp-json\/wp\/v2\/product_tag?post=63510"}],"curies":[{"name":"wp","href":"https:\/\/api.w.org\/{rel}","templated":true}]}}