{"id":63371,"date":"2026-02-22T08:02:00","date_gmt":"2026-02-22T08:02:00","guid":{"rendered":"https:\/\/work-foxx.com\/product\/jakna-visoke-vidljivosti-kanata-4v1\/"},"modified":"2026-02-22T08:15:44","modified_gmt":"2026-02-22T08:15:44","slug":"jakna-visoke-vidljivosti-kanata-4v1","status":"publish","type":"product","link":"https:\/\/work-foxx.com\/hr\/proizvod\/jakna-visoke-vidljivosti-kanata-4v1\/","title":{"rendered":"Jakna visoke vidljivosti KANATA 4v1"},"content":{"rendered":"<h1>Jakna visoke vidljivosti KANATA 4v1<\/h1>\n<p>Jakna visoke vidljivosti kolekcije Kanata atraktivnog je izgleda. Pogodna je za zimu kao i za prijelazna razdoblja jer je vodootporna i podstavljena toplom Taft postavom. Jakna je model 4 u 1, jer se ki\u0161na jakna mo\u017ee skinuti, a rukavi unutarnje signalne jakne se mogu skinuti. Tako ga pretvaramo u funkcionalni prsluk. Zatvara se patentnim zatvara\u010dem, a veli\u010dina se mo\u017ee podesiti u bokovima gumicom. U kombinaciji s osam reflektiraju\u0107ih traka, jakna visoke vidljivosti Kanata nudi izvrsnu vidljivost u lo\u0161im vremenskim uvjetima ili uvjetima smanjene vidljivosti. Pet d\u017eepova (3 vanjska d\u017eepa, 2 unutarnja d\u017eepa) osiguravaju ve\u0107u funkcionalnost. Kroj je klasi\u010dan i pristaje svim tipovima tijela.<\/p>\n<h3>Materijalni sastav i tehni\u010dka svojstva<\/h3>\n<p><strong>Kroj:<\/strong>\u00a0Regular fit<br \/>\n<strong>Materijal:<\/strong>\u00a0300D poliesterska vlakna &#8211; Oxfordski fluorescentni premaz, poliuretanski (PU) premaz<br \/>\n<strong>Podstava:<\/strong>\u00a0Taft obloga, 100% poliester &#8211; 60g\/m\u00b2<br \/>\n<strong>Vodootpornost:<\/strong>\u00a03000 mm<br \/>\n<strong>Trake:<\/strong>\u00a08 u\u0161ivenih reflektiraju\u0107ih traka (2 vodoravno na prsima, 2 preko ramena i 2 na svakom rukavu)<\/p>\n<h4><strong>Hi-VIZ KLASA<\/strong><\/h4>\n<ul>\n<li><strong>JAKNA:<\/strong>\u00a0Klasa 3 (reflektiraju\u0107a traka: 0,20 m\u00b2, fluorescentni materijal: 0,80 m\u00b2)<\/li>\n<li><strong>PRSLUK:<\/strong>\u00a0Klasa 2 (reflektiraju\u0107a traka: 0,13 m\u00b2, fluorescentni materijal: 0,50 m\u00b2)<\/li>\n<\/ul>\n<p><strong>Veli\u010dine:<\/strong><br \/>\nS (46)<br \/>\nM (48, 50)<br \/>\nL (52, 54)<br \/>\nXL (56, 58)<br \/>\nXXL (60, 62)<br \/>\nXXXL (64, 66)<\/p>\n<p><strong>Boja:<\/strong> Hi-Viz naran\u010dasta, Hi-Viz \u017euta<br \/>\n<strong>Spol:<\/strong>\u00a0Unisex<br \/>\n<strong>Proizvo\u0111a\u010d:<\/strong>\u00a0<a href=\"https:\/\/www.coverguard-safety.com\/\" rel=\"nofollow\">Coverguard<\/a><br \/>\n<strong>Standard:<\/strong>\u00a0EN 13688, EN ISO 20471:2013 + A1:2016, EN343:2003 + A1:2007, EN342:2017<\/p>\n<h3>Opis standarda<\/h3>\n<p>EN ISO 13688 odre\u0111uje op\u0107e zahtjeve u\u010dinkovitosti za ergonomiju, sigurnost, oznaku veli\u010dine, starenje, kompatibilnost i oznake za\u0161titne odje\u0107e te informacije koje treba pru\u017eiti proizvo\u0111a\u010d za\u0161titne odje\u0107e.<\/p>\n<p>EN ISO 20471 me\u0111unarodni je standard koji name\u0107e zahtjeve za vidljivu radnu odje\u0107u za zaposlenike u visokorizi\u010dnim podru\u010djima.<\/p>\n<p>EN 343 je me\u0111unarodni standard za za\u0161titnu odje\u0107u koji definira minimalnu razinu za\u0161tite od vla\u017enog vremena, uzimaju\u0107i u obzir cjelokupnu odjevnu konstrukciju uz kori\u0161tenu tkaninu.<\/p>\n<p>EN 342:2017 utvr\u0111uju se zahtjevi i metode ispitivanja za u\u010dinkovitost odjevnih kompleta (tj. dvodijelnih odijela ili kombinezona) za za\u0161titu od u\u010dinaka hladnog okru\u017eenja jednakog ili ni\u017eeg od -5 \u00b0C.<\/p>\n<p><em>Odje\u0107a visoke vidljivosti mo\u017ee se\u00a0<i>personalizirati strojnim vezom ili tiskom. Vi\u0161e o personalizaciji mo\u017eete pro\u010ditati na stranici &#8220;<\/i><a href=\"https:\/\/work-foxx.com\/hr\/personalizacija-radne-odjece\/\"><i>Personalizacija radne odje\u0107e<\/i><\/a><i>&#8221; na dnu stranice.<\/i><\/em><\/p>\n","protected":false},"excerpt":{"rendered":"<p>Jakna visoke vidljivosti Kanata u kombinaciji s reflektiraju\u0107im trakama nudi izvrsnu vidljivost u lo\u0161im vremenskim uvjetima ili smanjenu vidljivost.<\/p>\n","protected":false},"featured_media":63368,"comment_status":"open","ping_status":"closed","template":"","meta":{"_acf_changed":false,"inline_featured_image":false},"product_brand":[],"product_cat":[1093,784,1088],"product_tag":[],"class_list":{"0":"post-63371","1":"product","2":"type-product","3":"status-publish","4":"has-post-thumbnail","6":"product_cat-jakne-visoke-vidljivosti","7":"product_cat-odjeca","8":"product_cat-odjeca-visoke-vidljivosti","10":"first","11":"instock","12":"taxable","13":"shipping-taxable","14":"purchasable","15":"product-type-variable"},"acf":[],"_links":{"self":[{"href":"https:\/\/work-foxx.com\/hr\/wp-json\/wp\/v2\/product\/63371","targetHints":{"allow":["GET"]}}],"collection":[{"href":"https:\/\/work-foxx.com\/hr\/wp-json\/wp\/v2\/product"}],"about":[{"href":"https:\/\/work-foxx.com\/hr\/wp-json\/wp\/v2\/types\/product"}],"replies":[{"embeddable":true,"href":"https:\/\/work-foxx.com\/hr\/wp-json\/wp\/v2\/comments?post=63371"}],"wp:featuredmedia":[{"embeddable":true,"href":"https:\/\/work-foxx.com\/hr\/wp-json\/wp\/v2\/media\/63368"}],"wp:attachment":[{"href":"https:\/\/work-foxx.com\/hr\/wp-json\/wp\/v2\/media?parent=63371"}],"wp:term":[{"taxonomy":"product_brand","embeddable":true,"href":"https:\/\/work-foxx.com\/hr\/wp-json\/wp\/v2\/product_brand?post=63371"},{"taxonomy":"product_cat","embeddable":true,"href":"https:\/\/work-foxx.com\/hr\/wp-json\/wp\/v2\/product_cat?post=63371"},{"taxonomy":"product_tag","embeddable":true,"href":"https:\/\/work-foxx.com\/hr\/wp-json\/wp\/v2\/product_tag?post=63371"}],"curies":[{"name":"wp","href":"https:\/\/api.w.org\/{rel}","templated":true}]}}