{"id":63126,"date":"2026-02-20T06:47:00","date_gmt":"2026-02-20T06:47:00","guid":{"rendered":"https:\/\/work-foxx.com\/product\/brezrokavnik-visoke-vidljivosti-kanes-mesh\/"},"modified":"2026-02-23T08:01:02","modified_gmt":"2026-02-23T08:01:02","slug":"prsluk-visoke-vidljivosti-kanes-mesh","status":"publish","type":"product","link":"https:\/\/work-foxx.com\/hr\/proizvod\/prsluk-visoke-vidljivosti-kanes-mesh\/","title":{"rendered":"Prsluk visoke vidljivosti KANES MESH"},"content":{"rendered":"<h1>Prsluk visoke vidljivosti KANES MESH<\/h1>\n<p>Prsluk visoke vidljivosti Kanes Mesh ima klasi\u010dan izgled. Izra\u0111en je od kombinacije \u010dvrste i mre\u017easte (mash) tkanine koja pru\u017ea iznimnu prozra\u010dnost. Zatvara se \u010di\u010dak trakom. U kombinaciji s reflektiraju\u0107im trakama nudi izvrsnu vidljivost u lo\u0161im vremenskim uvjetima ili uvjetima smanjene vidljivosti. Prsluk je jedna veli\u010dina za sve. Kroj je klasi\u010dan i pristaje svim tipovima tijela. Prsluk visoke vidljivosti Kanes Mesh proizveden je u skladu sa standardom EN ISO 20471, koji name\u0107e zahtjeve za vidljivom radnom odje\u0107om za zaposlenike u visokorizi\u010dnim podru\u010djima. Reflektivni materijali i fluorescentne boje omogu\u0107uju identifikaciju i prepoznavanje radnika, \u0161to doprinosi ve\u0107oj sigurnosti na radnom mjestu.<\/p>\n<h3>Materijalni sastav i tehni\u010dka svojstva<\/h3>\n<p><strong>Kroj:<\/strong>\u00a0Regular fit<br \/>\n<strong>Materijal:<\/strong>\u00a0100 % poliester, 120 g\/m2, kombinacija \u010dvrste i mre\u017easte tkanine<br \/>\n<strong>Hi-Viz klasa:<\/strong>\u00a0Klasa 1 (reflektiraju\u0107a traka: 0,10 m\u00b2, fluorescentni materijal: 0,14 m\u00b2)<\/p>\n<p><strong>Veli\u010dina:<\/strong>\u00a0Univerzalan<br \/>\n<strong>Boja:<\/strong> Hi-Viz naran\u010dasta, Hi-Viz \u017euta<br \/>\n<strong>Spol:<\/strong>\u00a0Unisex<br \/>\n<strong>Proizvo\u0111a\u010d:<\/strong>\u00a0<a href=\"https:\/\/www.lacuna.hr\/\" rel=\"nofollow\">Lacuna<\/a><br \/>\n<strong>Standard:<\/strong>\u00a0EN ISO 13688:2013, EN ISO 20471:2013<\/p>\n<h3>Opis standarda<\/h3>\n<p>EN ISO 13688 odre\u0111uje op\u0107e zahtjeve u\u010dinkovitosti za ergonomiju, sigurnost, oznaku veli\u010dine, starenje, kompatibilnost i oznake za\u0161titne odje\u0107e te informacije koje treba pru\u017eiti proizvo\u0111a\u010d za\u0161titne odje\u0107e.<\/p>\n<p>EN ISO 20471 me\u0111unarodni je standard koji name\u0107e zahtjeve za vidljivu radnu odje\u0107u za zaposlenike u visokorizi\u010dnim podru\u010djima.<\/p>\n<p><em>Odje\u0107a visoke vidljivosti mo\u017ee se\u00a0<i>personalizirati strojnim vezom ili tiskom. Vi\u0161e o personalizaciji mo\u017eete pro\u010ditati na stranici &#8220;<\/i><a href=\"https:\/\/work-foxx.com\/hr\/personalizacija-radne-odjece\/\"><i>Personalizacija radne odje\u0107e<\/i><\/a><i>&#8221; na dnu stranice.<\/i><\/em><\/p>\n","protected":false},"excerpt":{"rendered":"<p>Prsluk visoke vidljivosti Kanes Mesh u kombinaciji s reflektiraju\u0107im trakama nudi izvrsnu vidljivost u lo\u0161im vremenskim uvjetima ili smanjeni vidljivosti.<\/p>\n","protected":false},"featured_media":63123,"comment_status":"open","ping_status":"closed","template":"","meta":{"_acf_changed":false,"inline_featured_image":false},"product_brand":[],"product_cat":[784,1088,1089],"product_tag":[],"class_list":{"0":"post-63126","1":"product","2":"type-product","3":"status-publish","4":"has-post-thumbnail","6":"product_cat-odjeca","7":"product_cat-odjeca-visoke-vidljivosti","8":"product_cat-prsluci-visoke-vidljivosti","10":"first","11":"instock","12":"taxable","13":"shipping-taxable","14":"purchasable","15":"product-type-variable"},"acf":[],"_links":{"self":[{"href":"https:\/\/work-foxx.com\/hr\/wp-json\/wp\/v2\/product\/63126","targetHints":{"allow":["GET"]}}],"collection":[{"href":"https:\/\/work-foxx.com\/hr\/wp-json\/wp\/v2\/product"}],"about":[{"href":"https:\/\/work-foxx.com\/hr\/wp-json\/wp\/v2\/types\/product"}],"replies":[{"embeddable":true,"href":"https:\/\/work-foxx.com\/hr\/wp-json\/wp\/v2\/comments?post=63126"}],"wp:featuredmedia":[{"embeddable":true,"href":"https:\/\/work-foxx.com\/hr\/wp-json\/wp\/v2\/media\/63123"}],"wp:attachment":[{"href":"https:\/\/work-foxx.com\/hr\/wp-json\/wp\/v2\/media?parent=63126"}],"wp:term":[{"taxonomy":"product_brand","embeddable":true,"href":"https:\/\/work-foxx.com\/hr\/wp-json\/wp\/v2\/product_brand?post=63126"},{"taxonomy":"product_cat","embeddable":true,"href":"https:\/\/work-foxx.com\/hr\/wp-json\/wp\/v2\/product_cat?post=63126"},{"taxonomy":"product_tag","embeddable":true,"href":"https:\/\/work-foxx.com\/hr\/wp-json\/wp\/v2\/product_tag?post=63126"}],"curies":[{"name":"wp","href":"https:\/\/api.w.org\/{rel}","templated":true}]}}