{"id":63083,"date":"2026-02-20T06:05:00","date_gmt":"2026-02-20T06:05:00","guid":{"rendered":"https:\/\/work-foxx.com\/product\/parka-visoke-vidljivosti-sokobie\/"},"modified":"2026-02-20T07:07:34","modified_gmt":"2026-02-20T07:07:34","slug":"parka-visoke-vidljivosti-sokobie","status":"publish","type":"product","link":"https:\/\/work-foxx.com\/hr\/proizvod\/parka-visoke-vidljivosti-sokobie\/","title":{"rendered":"Parka visoke vidljivosti SOKOBIE"},"content":{"rendered":"<h1>Parka visoke vidljivosti SOKOBIE<\/h1>\n<p>Parka visoke vidljivosti kolekcije Sokobie ima atraktivan izgled. Pogodna je za zimu, kao i za prijelazna razdoblja. Parka je vodootporna i podstavljena toplom postavom temeljenom na Sorona tehnologiji. Tehnologija Sorona poznata je po visokom zadr\u017eavanju topline, lako\u0107i i biljnom podrijetlu. Dodatna Taft podstava osigurava toplinu i udobnost. Zatvara se skrivenim dvosmjernim patentnim zatvara\u010dem i \u010di\u010dak trakom. Ima elasti\u010dne man\u0161ete na rukavima koje osiguravaju bolje pristajanje. U kombinaciji sa \u0161est reflektiraju\u0107ih traka, parka visoke vidljivosti Sokobie pru\u017ea odli\u010dnu vidljivost u lo\u0161im vremenskim uvjetima ili uvjetima smanjene vidljivosti. Pet d\u017eepova (3 vanjska d\u017eepa, 2 unutarnja d\u017eepa) osiguravaju ve\u0107u funkcionalnost. Kapulja\u010da je skrivena u visokom ovratniku \u010diji se opseg mo\u017ee podesiti gumicom. Kroj je klasi\u010dan i pristaje svim tipovima tijela. Model <strong>&#8220;PARKA&#8221;<\/strong> ozna\u010dava produ\u017eeni model jakne.<\/p>\n<h3>Materijalni sastav i tehni\u010dka svojstva<\/h3>\n<p><strong>Kroj:<\/strong> Regular fit \/ parka<br \/>\n<strong>Materijal:<\/strong>\u00a0300D poliestersko vlakno &#8211; fluorescentni Oxford, poliuretanski (PU) premaz<br \/>\n<strong>Podstava 1:<\/strong>\u00a0SORONA tehnologija &#8211; 100% poliester, 140g\/m2<br \/>\n<strong>Podstava 2:<\/strong>\u00a0Podstava od tafta, 100% poliester, 60g\/m\u00b2<br \/>\n<strong>Vodootpornost:<\/strong>\u00a03000 mm<br \/>\n<strong>Trake:<\/strong>\u00a06 reflektiraju\u0107ih traka (2 horizontalne, 2 preko ramena i 2 na svakom rukavu)<br \/>\n<strong>Hi-Viz klasa:<\/strong>\u00a0klasa 3 (reflektiraju\u0107a traka: 0,20 m\u00b2, fluorescentni materijal: 0,80 m\u00b2)<\/p>\n<p><strong>Veli\u010dine:<\/strong><br \/>\nS (46)<br \/>\nM (48, 50)<br \/>\nL (52, 54)<br \/>\nXL (56, 58)<br \/>\nXXL (60, 62)<br \/>\nXXXL (64, 66)<\/p>\n<p><strong>Boja:<\/strong> Hi-Viz naran\u010dasta, Hi-Viz \u017euta<br \/>\n<strong>Spol:<\/strong>\u00a0Unisex<br \/>\n<strong>Proizvo\u0111a\u010d:<\/strong>\u00a0<a href=\"https:\/\/www.coverguard-safety.com\/\" rel=\"nofollow\">Coverguard<\/a><br \/>\n<strong>Standard:<\/strong>\u00a0EN 13688, EN ISO 20471:2013 + A1:2016 (razred 3), EN14058:2017 (4.2.x.x), EN343:2019 (4.1)<\/p>\n<h3>Opis standarda<\/h3>\n<p>Norma EN ISO 13688 utvr\u0111uje op\u0107e zahtjeve izvedbe za ergonomiju, sigurnost, oznaku veli\u010dine, starenje, kompatibilnost i oznake za\u0161titne odje\u0107e te podatke koje daje proizvo\u0111a\u010d za\u0161titne odje\u0107e.<\/p>\n<p>EN ISO 20471 me\u0111unarodna je norma koja name\u0107e zahtjeve za vidljivu radnu odje\u0107u za zaposlenike u visokorizi\u010dnim podru\u010djima.<\/p>\n<p>EN 343 je me\u0111unarodna norma za za\u0161titnu odje\u0107u koja utvr\u0111uje minimalnu razinu za\u0161tite od vla\u017enog vremena, uzimaju\u0107i u obzir ukupnu konstrukciju odje\u0107e uz kori\u0161tenu tkaninu.<\/p>\n<p>EN ISO 14058 me\u0111unarodna je norma koja utvr\u0111uje zahtjeve i metode ispitivanja svojstava odje\u0107e za za\u0161titu tijela od hladnih okru\u017eenja s temperaturama iznad -5 \u00baC.<\/p>\n<p><em>Odje\u0107a visoke vidljivosti mo\u017ee se\u00a0<i>personalizirati strojnim vezom ili tiskom. Vi\u0161e o personalizaciji mo\u017eete pro\u010ditati na stranici &#8220;<\/i><a href=\"https:\/\/work-foxx.com\/hr\/personalizacija-radne-odjece\/\"><i>Personalizacija radne odje\u0107e<\/i><\/a><i>&#8221; na dnu stranice.<\/i><\/em><\/p>\n","protected":false},"excerpt":{"rendered":"<p>Parka visoke vidljivosti Sokobie prikladna je za rad zimi i u prijelaznim razdobljima. Dostupna je u \u017eutoj i naran\u010dastoj boji visoke vidljivosti.<\/p>\n","protected":false},"featured_media":34139,"comment_status":"open","ping_status":"closed","template":"","meta":{"_acf_changed":false,"inline_featured_image":false},"product_brand":[],"product_cat":[1093,784,1088],"product_tag":[],"class_list":{"0":"post-63083","1":"product","2":"type-product","3":"status-publish","4":"has-post-thumbnail","6":"product_cat-jakne-visoke-vidljivosti","7":"product_cat-odjeca","8":"product_cat-odjeca-visoke-vidljivosti","10":"first","11":"instock","12":"taxable","13":"shipping-taxable","14":"purchasable","15":"product-type-variable"},"acf":[],"_links":{"self":[{"href":"https:\/\/work-foxx.com\/hr\/wp-json\/wp\/v2\/product\/63083","targetHints":{"allow":["GET"]}}],"collection":[{"href":"https:\/\/work-foxx.com\/hr\/wp-json\/wp\/v2\/product"}],"about":[{"href":"https:\/\/work-foxx.com\/hr\/wp-json\/wp\/v2\/types\/product"}],"replies":[{"embeddable":true,"href":"https:\/\/work-foxx.com\/hr\/wp-json\/wp\/v2\/comments?post=63083"}],"wp:featuredmedia":[{"embeddable":true,"href":"https:\/\/work-foxx.com\/hr\/wp-json\/wp\/v2\/media\/34139"}],"wp:attachment":[{"href":"https:\/\/work-foxx.com\/hr\/wp-json\/wp\/v2\/media?parent=63083"}],"wp:term":[{"taxonomy":"product_brand","embeddable":true,"href":"https:\/\/work-foxx.com\/hr\/wp-json\/wp\/v2\/product_brand?post=63083"},{"taxonomy":"product_cat","embeddable":true,"href":"https:\/\/work-foxx.com\/hr\/wp-json\/wp\/v2\/product_cat?post=63083"},{"taxonomy":"product_tag","embeddable":true,"href":"https:\/\/work-foxx.com\/hr\/wp-json\/wp\/v2\/product_tag?post=63083"}],"curies":[{"name":"wp","href":"https:\/\/api.w.org\/{rel}","templated":true}]}}