{"id":63020,"date":"2026-02-19T13:21:00","date_gmt":"2026-02-19T13:21:00","guid":{"rendered":"https:\/\/work-foxx.com\/product\/hlace-z-oprsnikom-visoke-vidljivosti-hibana\/"},"modified":"2026-02-19T13:36:35","modified_gmt":"2026-02-19T13:36:35","slug":"farmer-hlace-visoke-vidljivosti-hibana","status":"publish","type":"product","link":"https:\/\/work-foxx.com\/hr\/proizvod\/farmer-hlace-visoke-vidljivosti-hibana\/","title":{"rendered":"Farmer hla\u010de visoke vidljivosti HIBANA"},"content":{"rendered":"<h1>Farmer hla\u010de visoke vidljivosti HIBANA<\/h1>\n<p>Farmer hla\u010de visoke vidljivosti kolekcije Hibana atraktivnog su izgleda. Pogodne su za rad u uvjetima smanjene vidljivosti. Zatvaraju se skrivenim patentnim zatvara\u010dem i gumbom u struku. Dodatnu za\u0161titu pru\u017ea d\u017eep za \u0161titnike za koljena. U zonama zatezanja i iza koljena nalaze se elasti\u010dni umetci koji osiguravaju ve\u0107u udobnost i slobodu kretanja. Duljina hla\u010da se mo\u017ee podesiti do 5 cm. Osam d\u017eepova (2 sprijeda, 2 straga, 2 sa strane &#8211; cargo, dva na prsima) osigurava ve\u0107u funkcionalnost. Farmer hla\u010de visoke vidljivosti Hibana su klasi\u010dnog kroja koji pristaje svim tipovima tijela.<\/p>\n<h3>Materijalni sastav i tehni\u010dka svojstva<\/h3>\n<p><strong>Fit:<\/strong>\u00a0Regular fit<br \/>\n<strong>Materijal 1:<\/strong>\u00a0Twill, 60% pamuk \/ 40% poliester, 270g\/m2<br \/>\n<strong>Materijal 2:<\/strong>\u00a0Stretch, 90% poliamid \/ 10% elastan &#8211; 270g\/m2<br \/>\n<strong>Trake:<\/strong>\u00a06 reflektiraju\u0107ih traka (2 horizontalne, 2 preko ramena i 2 na svakom rukavu)<br \/>\n<strong>Hi-Viz klasa:<\/strong>\u00a0Klasa 1 (veli\u010dine S &#8211; M), klasa 2 (veli\u010dine L+)<\/p>\n<p><strong>Veli\u010dine:<\/strong><br \/>\nS (46)<br \/>\nM (48, 50)<br \/>\nL (52, 54)<br \/>\nXL (56, 58)<br \/>\nXXL (60, 62)<br \/>\nXXXL (64, 66)<\/p>\n<p><strong>Boja:<\/strong> Hi-Viz rumena, Hi-Viz oran\u017ena<br \/>\n<strong>Spol:<\/strong>\u00a0Unisex<br \/>\n<strong>Proizvo\u0111a\u010d:<\/strong>\u00a0<a href=\"https:\/\/www.coverguard-safety.com\/\" rel=\"nofollow\">Coverguard<\/a><br \/>\n<strong>Standard:<\/strong>\u00a0EN ISO 20471:2013 + A1:2016, EN14404:2004 + A1:2010 (tip 2)<\/p>\n<h3>Opis standarda<\/h3>\n<p>Norma EN ISO 13688 utvr\u0111uje op\u0107e zahtjeve izvedbe za ergonomiju, sigurnost, oznaku veli\u010dine, starenje, kompatibilnost i oznake za\u0161titne odje\u0107e te podatke koje daje proizvo\u0111a\u010d za\u0161titne odje\u0107e.<\/p>\n<p>EN ISO 20471 me\u0111unarodna je norma koja name\u0107e zahtjeve za vidljivu radnu odje\u0107u za zaposlenike u visokorizi\u010dnim podru\u010djima.<\/p>\n<p>Norma EN 14404 utvr\u0111uje minimalne vrijednosti za dimenzije za\u0161ti\u0107enih podru\u010dja, kao i mehani\u010dke zahtjeve u pogledu otpornosti na probijanje i udobnosti. Unutra\u0161njost proizvoda ne smije imati rubove, \u0161avove ili druge nedostatke koji bi mogli na\u0161tetiti korisniku.<\/p>\n<p><em>Odje\u0107a visoke vidljivosti mo\u017ee se\u00a0<i>personalizirati strojnim vezom ili tiskom. Vi\u0161e o personalizaciji mo\u017eete pro\u010ditati na stranici &#8220;<\/i><a href=\"https:\/\/work-foxx.com\/hr\/personalizacija-radne-odjece\/\"><i>Personalizacija radne odje\u0107e<\/i><\/a><i>&#8221; na dnu stranice.<\/i><\/em><\/p>\n","protected":false},"excerpt":{"rendered":"<p>Farmer hla\u010de visoke vidljivosti Hibana imaju \u0161iroki stra\u017enji dio i d\u017eep za \u0161titnike za koljena. Osam d\u017eepova osigurava ve\u0107u funkcionalnost.<\/p>\n","protected":false},"featured_media":63017,"comment_status":"open","ping_status":"closed","template":"","meta":{"_acf_changed":false,"inline_featured_image":false},"product_brand":[],"product_cat":[1718,784,1088],"product_tag":[],"class_list":{"0":"post-63020","1":"product","2":"type-product","3":"status-publish","4":"has-post-thumbnail","6":"product_cat-farmer-hlace-visoke-vidljivosti","7":"product_cat-odjeca","8":"product_cat-odjeca-visoke-vidljivosti","10":"first","11":"instock","12":"taxable","13":"shipping-taxable","14":"purchasable","15":"product-type-variable"},"acf":[],"_links":{"self":[{"href":"https:\/\/work-foxx.com\/hr\/wp-json\/wp\/v2\/product\/63020","targetHints":{"allow":["GET"]}}],"collection":[{"href":"https:\/\/work-foxx.com\/hr\/wp-json\/wp\/v2\/product"}],"about":[{"href":"https:\/\/work-foxx.com\/hr\/wp-json\/wp\/v2\/types\/product"}],"replies":[{"embeddable":true,"href":"https:\/\/work-foxx.com\/hr\/wp-json\/wp\/v2\/comments?post=63020"}],"wp:featuredmedia":[{"embeddable":true,"href":"https:\/\/work-foxx.com\/hr\/wp-json\/wp\/v2\/media\/63017"}],"wp:attachment":[{"href":"https:\/\/work-foxx.com\/hr\/wp-json\/wp\/v2\/media?parent=63020"}],"wp:term":[{"taxonomy":"product_brand","embeddable":true,"href":"https:\/\/work-foxx.com\/hr\/wp-json\/wp\/v2\/product_brand?post=63020"},{"taxonomy":"product_cat","embeddable":true,"href":"https:\/\/work-foxx.com\/hr\/wp-json\/wp\/v2\/product_cat?post=63020"},{"taxonomy":"product_tag","embeddable":true,"href":"https:\/\/work-foxx.com\/hr\/wp-json\/wp\/v2\/product_tag?post=63020"}],"curies":[{"name":"wp","href":"https:\/\/api.w.org\/{rel}","templated":true}]}}