{"id":62941,"date":"2026-02-19T12:57:00","date_gmt":"2026-02-19T12:57:00","guid":{"rendered":"https:\/\/work-foxx.com\/product\/jakna-visoke-vidljivosti-hibana\/"},"modified":"2026-02-19T13:16:22","modified_gmt":"2026-02-19T13:16:22","slug":"jakna-visoke-vidljivosti-hibana","status":"publish","type":"product","link":"https:\/\/work-foxx.com\/hr\/proizvod\/jakna-visoke-vidljivosti-hibana\/","title":{"rendered":"Jakna visoke vidljivosti HIBANA"},"content":{"rendered":"<h1>Jakna visoke vidljivosti HIBANA<\/h1>\n<p>Jakna visoke vidljivosti Hibana atraktivnog je izgleda. Pogodna je za rad u uvjetima smanjene vidljivosti. Zatvara se patentnim zatvara\u010dem i \u010di\u010dak trakom. Produ\u017eena le\u0111a pru\u017eaju dodatnu za\u0161titu. U zateznim zonama nalaze se elasti\u010dni umetci koji osiguravaju ve\u0107u udobnost i slobodu kretanja. Obim se mo\u017ee pode\u0161avati na rukavima i bokovima pomo\u0107u \u010di\u010dak pojasa. \u010cetiri d\u017eepa (2 gornja d\u017eepa, 2 donja d\u017eepa) osiguravaju ve\u0107u funkcionalnost. Jakna visoke vidljivosti Hibana ima klasi\u010dan i pristaje svim tipovima tijela.<\/p>\n<h3>Materijalni sastav i tehni\u010dka svojstva<\/h3>\n<p><strong>Kroj:<\/strong>\u00a0Regular fit<br \/>\n<strong>Materijal 1:<\/strong>\u00a0Twill, 60% pamuk \/ 40% poliester, 270g\/m2<br \/>\n<strong>Materijal 2:<\/strong>\u00a0Stretch, 90% poliamid \/ 10% elastan &#8211; 270g\/m2<br \/>\n<strong>Trake:<\/strong> 8 reflektiraju\u0107ih traka (2 horizontalne, 2 preko ramena i 2 na svakom rukavu)<br \/>\n<strong>Hi-Viz klasa:<\/strong>\u00a0Klasa 2 (veli\u010dine S &#8211; L), klasa 3 (veli\u010dine XL+)<\/p>\n<p><strong>Veli\u010dine:<\/strong><br \/>\nS (46)<br \/>\nM (48, 50)<br \/>\nL (52, 54)<br \/>\nXL (56, 58)<br \/>\nXXL (60, 62)<br \/>\nXXXL (64, 66)<\/p>\n<p><strong>Boja:<\/strong> Hi-Viz naran\u010dasta, Hi-Viz \u017euta<br \/>\n<strong>Spol:<\/strong>\u00a0Unisex<br \/>\n<strong>Proizvo\u0111a\u010d:<\/strong>\u00a0<a href=\"https:\/\/www.coverguard-safety.com\/\" rel=\"nofollow\">Coverguard<\/a><br \/>\n<strong>Standard:<\/strong>\u00a0EN ISO 20471:2013 + A1:2016<\/p>\n<h3>Opis standarda<\/h3>\n<p>Norma EN ISO 13688 specificira op\u0107e zahtjeve za performanse za ergonomiju, sigurnost, ozna\u010davanje veli\u010dina, starenje, kompatibilnost i ozna\u010davanje za\u0161titne odje\u0107e te informacije koje mora pru\u017eiti proizvo\u0111a\u010d za\u0161titne odje\u0107e.<\/p>\n<p>EN ISO 20471 me\u0111unarodna je norma koja name\u0107e zahtjeve za vidljivu radnu odje\u0107u za zaposlenike u visokorizi\u010dnim podru\u010djima.<\/p>\n<p><em>Odje\u0107a visoke vidljivosti mo\u017ee se\u00a0<i>personalizirati strojnim vezom ili tiskom. Vi\u0161e o personalizaciji mo\u017eete pro\u010ditati na stranici &#8220;<\/i><a href=\"https:\/\/work-foxx.com\/hr\/personalizacija-radne-odjece\/\"><i>Personalizacija radne odje\u0107e<\/i><\/a><i>&#8221; na dnu stranice.<\/i><\/em><\/p>\n","protected":false},"excerpt":{"rendered":"<p>Jakna visoke vidljivosti Hibana pogodna je za rad u uvjetima smanjene vidljivosti. Produ\u017eena le\u0111a pru\u017eaju dodatnu za\u0161titu korisniku.<\/p>\n","protected":false},"featured_media":62982,"comment_status":"open","ping_status":"closed","template":"","meta":{"_acf_changed":false,"inline_featured_image":false},"product_brand":[],"product_cat":[1093,784,1088],"product_tag":[],"class_list":{"0":"post-62941","1":"product","2":"type-product","3":"status-publish","4":"has-post-thumbnail","6":"product_cat-jakne-visoke-vidljivosti","7":"product_cat-odjeca","8":"product_cat-odjeca-visoke-vidljivosti","10":"first","11":"instock","12":"taxable","13":"shipping-taxable","14":"purchasable","15":"product-type-variable"},"acf":[],"_links":{"self":[{"href":"https:\/\/work-foxx.com\/hr\/wp-json\/wp\/v2\/product\/62941","targetHints":{"allow":["GET"]}}],"collection":[{"href":"https:\/\/work-foxx.com\/hr\/wp-json\/wp\/v2\/product"}],"about":[{"href":"https:\/\/work-foxx.com\/hr\/wp-json\/wp\/v2\/types\/product"}],"replies":[{"embeddable":true,"href":"https:\/\/work-foxx.com\/hr\/wp-json\/wp\/v2\/comments?post=62941"}],"wp:featuredmedia":[{"embeddable":true,"href":"https:\/\/work-foxx.com\/hr\/wp-json\/wp\/v2\/media\/62982"}],"wp:attachment":[{"href":"https:\/\/work-foxx.com\/hr\/wp-json\/wp\/v2\/media?parent=62941"}],"wp:term":[{"taxonomy":"product_brand","embeddable":true,"href":"https:\/\/work-foxx.com\/hr\/wp-json\/wp\/v2\/product_brand?post=62941"},{"taxonomy":"product_cat","embeddable":true,"href":"https:\/\/work-foxx.com\/hr\/wp-json\/wp\/v2\/product_cat?post=62941"},{"taxonomy":"product_tag","embeddable":true,"href":"https:\/\/work-foxx.com\/hr\/wp-json\/wp\/v2\/product_tag?post=62941"}],"curies":[{"name":"wp","href":"https:\/\/api.w.org\/{rel}","templated":true}]}}