{"id":62678,"date":"2026-02-19T09:29:00","date_gmt":"2026-02-19T09:29:00","guid":{"rendered":"https:\/\/work-foxx.com\/product\/parka-visoke-vidljivosti-atria\/"},"modified":"2026-02-19T09:47:06","modified_gmt":"2026-02-19T09:47:06","slug":"parka-visoke-vidljivosti-atria","status":"publish","type":"product","link":"https:\/\/work-foxx.com\/hr\/proizvod\/parka-visoke-vidljivosti-atria\/","title":{"rendered":"Parka visoke vidljivosti ATRIA"},"content":{"rendered":"<h1>Parka visoke vidljivosti ATRIA<\/h1>\n<p>Parka visoke vidljivosti kolekcije Atria ima atraktivan izgled. Dizajnirana je za one kojima je potrebna najvi\u0161a razina vidljivosti i za\u0161tite u hladnijim vremenskim uvjetima. Parka je dizajnirana s pa\u017enjom posve\u0107enom detaljima, nude\u0107i iznimnu kombinaciju sigurnosti, udobnosti i izdr\u017eljivosti. Podstava od 100% poliestera nudi najvi\u0161u razinu udobnosti i izolacije te zadr\u017eava toplinu \u010dak i u najhladnijim uvjetima. Zatvara se patentnim zatvara\u010dem, a veli\u010dina se mo\u017ee podesiti elastikom na bokovima i \u010di\u010dak trakom na krajevima rukava. Visoki ovratnik tako\u0111er skriva kapulja\u010du \u010dija se veli\u010dina pode\u0161ava elastikom. U kombinaciji s reflektiraju\u0107im trakama, Atria parka visoke vidljivosti nudi izvrsnu vidljivost u lo\u0161im vremenskim uvjetima ili uvjetima smanjene vidljivosti. Kroj je klasi\u010dan i prikladan za sve tipove tijela. Model <strong>&#8220;PARKA&#8221;<\/strong> ozna\u010dava produ\u017eeni model jakne.<\/p>\n<h3>Materijalni sastav i tehni\u010dka svojstva<\/h3>\n<p><strong>Kroj:<\/strong> Regular fit \/ parka<br \/>\n<strong>Materijal:<\/strong> 300D poliesterska vlakna &#8211; fluorescentni Oxford, poliuretanski (PU) premaz<br \/>\n<strong>Podstava:<\/strong> 100% poliester<br \/>\n<strong>Trake:<\/strong> segmentirane reflektiraju\u0107e trake (2 oko struka, na ramenima)<br \/>\n<strong>Klasa visoke vidljivosti:<\/strong> Klasa 2 (reflektiraju\u0107a traka: 0,13 m\u00b2, fluorescentni materijal: 0,50 m\u00b2)<\/p>\n<p><strong>Veli\u010dine:<\/strong><br \/>\nS (46)<br \/>\nM (48, 50)<br \/>\nL (52, 54)<br \/>\nXL (56, 58)<br \/>\nXXL (60, 62)<br \/>\nXXXL (64, 66)<\/p>\n<p><strong>Boja:<\/strong> Hi-Viz naran\u010dasta, Hi-Viz \u017euta<br \/>\n<strong>Spol:<\/strong> Unisex<br \/>\n<strong>Proizvo\u0111a\u010d:<\/strong> <a href=\"https:\/\/www.lacuna.hr\/\" rel=\"nofollow\">Lacuna<\/a><br \/>\n<strong>Standard:<\/strong> EN ISO 13688, EN ISO 20471:2013, EN343, EN342:2017<\/p>\n<h3>Opis standarda<\/h3>\n<p>Standard EN ISO 13688 specificira op\u0107e performanse zahtjevi za ergonomiju, sigurnost, ozna\u010davanje veli\u010dina, starenje, kompatibilnost i ozna\u010davanje za\u0161titne odje\u0107e te informacije koje mora dostaviti proizvo\u0111a\u010d za\u0161titne odje\u0107e.<\/p>\n<p>EN ISO 20471 je me\u0111unarodni standard koji name\u0107e zahtjeve za radnu odje\u0107u visoke vidljivosti za radnike u podru\u010djima visokog rizika.<\/p>\n<p>EN 343 je me\u0111unarodni standard za za\u0161titnu odje\u0107u koji odre\u0111uje minimalnu razinu za\u0161tite od vla\u017enog vremena, uzimaju\u0107i u obzir cjelokupnu konstrukciju odjevnog predmeta uz kori\u0161tenu tkaninu.<\/p>\n<p>EN 342:2017 odre\u0111uje zahtjeve i metode ispitivanja za performanse odjevnih kompleta (tj. dvodijelnih odijela ili kombinezona) za za\u0161titu od utjecaja hladnih okru\u017eenja jednakih ili ni\u017eih od -5\u00b0C.<\/p>\n<p><em>Odje\u0107a visoke vidljivosti mo\u017ee se personalizirati strojnim vezom ili tiskom. Vi\u0161e o personalizaciji mo\u017eete pro\u010ditati na stranici &#8220;<a href=\"https:\/\/work-foxx.com\/hr\/personalizacija-radne-odjece\/\">Personalizacija radne odje\u0107e<\/a>&#8221; na dnu stranice.<\/em><\/p>\n","protected":false},"excerpt":{"rendered":"<p>Atria parka visoke vidljivosti prikladna je za rad zimi i u prijelaznim razdobljima. Dostupna je u \u017eutoj i naran\u010dastoj boji visoke vidljivosti.<\/p>\n","protected":false},"featured_media":62675,"comment_status":"open","ping_status":"closed","template":"","meta":{"_acf_changed":false,"inline_featured_image":false},"product_brand":[],"product_cat":[1093,784,1088],"product_tag":[],"class_list":{"0":"post-62678","1":"product","2":"type-product","3":"status-publish","4":"has-post-thumbnail","6":"product_cat-jakne-visoke-vidljivosti","7":"product_cat-odjeca","8":"product_cat-odjeca-visoke-vidljivosti","10":"first","11":"instock","12":"taxable","13":"shipping-taxable","14":"purchasable","15":"product-type-variable"},"acf":[],"_links":{"self":[{"href":"https:\/\/work-foxx.com\/hr\/wp-json\/wp\/v2\/product\/62678","targetHints":{"allow":["GET"]}}],"collection":[{"href":"https:\/\/work-foxx.com\/hr\/wp-json\/wp\/v2\/product"}],"about":[{"href":"https:\/\/work-foxx.com\/hr\/wp-json\/wp\/v2\/types\/product"}],"replies":[{"embeddable":true,"href":"https:\/\/work-foxx.com\/hr\/wp-json\/wp\/v2\/comments?post=62678"}],"wp:featuredmedia":[{"embeddable":true,"href":"https:\/\/work-foxx.com\/hr\/wp-json\/wp\/v2\/media\/62675"}],"wp:attachment":[{"href":"https:\/\/work-foxx.com\/hr\/wp-json\/wp\/v2\/media?parent=62678"}],"wp:term":[{"taxonomy":"product_brand","embeddable":true,"href":"https:\/\/work-foxx.com\/hr\/wp-json\/wp\/v2\/product_brand?post=62678"},{"taxonomy":"product_cat","embeddable":true,"href":"https:\/\/work-foxx.com\/hr\/wp-json\/wp\/v2\/product_cat?post=62678"},{"taxonomy":"product_tag","embeddable":true,"href":"https:\/\/work-foxx.com\/hr\/wp-json\/wp\/v2\/product_tag?post=62678"}],"curies":[{"name":"wp","href":"https:\/\/api.w.org\/{rel}","templated":true}]}}