{"id":62637,"date":"2026-02-19T08:39:00","date_gmt":"2026-02-19T08:39:00","guid":{"rendered":"https:\/\/work-foxx.com\/product\/naramnice-visoke-vidljivosti-avior\/"},"modified":"2026-02-23T08:01:29","modified_gmt":"2026-02-23T08:01:29","slug":"naramni-trakovi-visoke-vidljivosti-avior","status":"publish","type":"product","link":"https:\/\/work-foxx.com\/hr\/proizvod\/naramni-trakovi-visoke-vidljivosti-avior\/","title":{"rendered":"Naramni trakovi visoke vidljivosti AVIOR"},"content":{"rendered":"<h1>Naramni trakovi visoke vidljivosti AVIOR<\/h1>\n<p>Naramni trakovi visoke vidljivosti Avior prakti\u010dan su dodatak koji pove\u0107ava sigurnost i vidljivost na radu. No\u0161enje naramenica u kombinaciji s radnom odje\u0107om doprinosi sigurnosti na radu i u prometu. Naramni trakovi visoke vidljivosti su izuzetno lagani i dobro se prilago\u0111avaju svakoj osobi. Opseg se mo\u017ee podesiti na prsima i struku.<\/p>\n<h3>Materijalni sastav i tehni\u010dka svojstva<\/h3>\n<p><strong>Materijal:<\/strong> 100% poliester<br \/>\n<strong>Veli\u010dina:<\/strong> Univerzalna<br \/>\n<strong>Boja:<\/strong> Hi-Vis naran\u010dasta, Hi-Viz \u017euta<br \/>\n<strong>Proizvo\u0111a\u010d:<\/strong> <a href=\"https:\/\/www.lacuna.hr\/\" rel=\"nofollow\">Lacuna<\/a><br \/>\n<strong>Norma:<\/strong> EN ISO 13688:2013, EN 17353:2020<\/p>\n<h3>Opis standarda<\/h3>\n<p>Norma EN ISO 13688 specificira op\u0107e zahtjeve za performanse za ergonomiju, sigurnost, ozna\u010davanje veli\u010dina, starenje, kompatibilnost i ozna\u010davanje za\u0161titne odje\u0107e te informacije koje mora pru\u017eiti proizvo\u0111a\u010d za\u0161titne odje\u0107e.<\/p>\n<p>Norma EN 17353:2020 zamjenjuje dvije odvojene norme EN 1150:1999 (odje\u0107a visoke vidljivosti za neprofesionalnu upotrebu) i EN 13356:2001 (dodaci visoke vidljivosti za neprofesionalnu upotrebu). Norma specificira zahtjeve za opremu visoke vidljivosti za situacije srednjeg rizika.<\/p>\n<p><em>Odje\u0107a visoke vidljivosti mo\u017ee se personalizirati strojnim vezom ili ispisom. Vi\u0161e o personalizaciji mo\u017eete pro\u010ditati na kartici &#8220;<a href=\"https:\/\/work-foxx.com\/hr\/personalizacija-radne-odjece\/\">Personalizacija radne odje\u0107e<\/a>&#8221; na dnu stranice.<\/em><\/p>\n","protected":false},"excerpt":{"rendered":"<p>Naramni trakovi visoke vidljivosti Avior prakti\u010dan su dodatak koji pove\u0107ava sigurnost i vidljivost na radu. Opseg se mo\u017ee podesiti na prsima i struku.<\/p>\n","protected":false},"featured_media":62634,"comment_status":"open","ping_status":"closed","template":"","meta":{"_acf_changed":false,"inline_featured_image":false},"product_brand":[],"product_cat":[1108,784,1088],"product_tag":[],"class_list":{"0":"post-62637","1":"product","2":"type-product","3":"status-publish","4":"has-post-thumbnail","6":"product_cat-dodaci-odjeca-visoke-vidljivosti","7":"product_cat-odjeca","8":"product_cat-odjeca-visoke-vidljivosti","10":"first","11":"instock","12":"taxable","13":"shipping-taxable","14":"purchasable","15":"product-type-variable"},"acf":[],"_links":{"self":[{"href":"https:\/\/work-foxx.com\/hr\/wp-json\/wp\/v2\/product\/62637","targetHints":{"allow":["GET"]}}],"collection":[{"href":"https:\/\/work-foxx.com\/hr\/wp-json\/wp\/v2\/product"}],"about":[{"href":"https:\/\/work-foxx.com\/hr\/wp-json\/wp\/v2\/types\/product"}],"replies":[{"embeddable":true,"href":"https:\/\/work-foxx.com\/hr\/wp-json\/wp\/v2\/comments?post=62637"}],"wp:featuredmedia":[{"embeddable":true,"href":"https:\/\/work-foxx.com\/hr\/wp-json\/wp\/v2\/media\/62634"}],"wp:attachment":[{"href":"https:\/\/work-foxx.com\/hr\/wp-json\/wp\/v2\/media?parent=62637"}],"wp:term":[{"taxonomy":"product_brand","embeddable":true,"href":"https:\/\/work-foxx.com\/hr\/wp-json\/wp\/v2\/product_brand?post=62637"},{"taxonomy":"product_cat","embeddable":true,"href":"https:\/\/work-foxx.com\/hr\/wp-json\/wp\/v2\/product_cat?post=62637"},{"taxonomy":"product_tag","embeddable":true,"href":"https:\/\/work-foxx.com\/hr\/wp-json\/wp\/v2\/product_tag?post=62637"}],"curies":[{"name":"wp","href":"https:\/\/api.w.org\/{rel}","templated":true}]}}