{"id":60682,"date":"2026-01-20T13:02:00","date_gmt":"2026-01-20T13:02:00","guid":{"rendered":"https:\/\/work-foxx.com\/product\/delovne-farmer-hlace-pacific-flex\/"},"modified":"2026-04-07T09:12:12","modified_gmt":"2026-04-07T09:12:12","slug":"radne-farmer-hlace-pacific-flex","status":"publish","type":"product","link":"https:\/\/work-foxx.com\/hr\/proizvod\/radne-farmer-hlace-pacific-flex\/","title":{"rendered":"Radne farmer hla\u010de PACIFIC FLEX"},"content":{"rendered":"<h1>Radne farmer hla\u010de PACIFIC FLEX<\/h1>\n<p>Radne farmer hla\u010de kolekcije Pacific Flex modernog su izgleda. Izra\u0111ene su od tkanine s dodatkom elastana koji osigurava fleksibilnost i raste\u017ee se uz tijelo tijekom rada. Kop\u010daju se skrivenim patentnim zatvara\u010dem, imaju podesive naramenice s elastikom i samopode\u0161avaju\u0107i elasti\u010dni struk. Ve\u0107u funkcionalnost osigurava osam d\u017eepova i veliki d\u017eep s nekoliko pretinaca na prednjoj strani koji su dodatno oja\u010dani Cordura tkaninom. Na d\u017eepovima, koljenima i donjem dijelu hla\u010da nalaze se reflektiraju\u0107i elementi koji osiguravaju bolju vidljivost. Koljena imaju dodatno oja\u010danje od Cordura tkanine i d\u017eep za \u0161titnike za koljena. Radne farmer hla\u010de Pacific Flex pripadaju&nbsp;liniji radne odje\u0107e PRESTIGE WORK LINE, koja savr\u0161eno pristaje va\u0161em tijelu i osigurava udobnost tijekom cjelodnevnog kori\u0161tenja. Radne hla\u010de su u\u017eeg, ergonomskog kroja.<\/p>\n<h3>Materijalni sastav i tehni\u010dka svojstva<\/h3>\n<p><strong>Kroj:<\/strong>&nbsp;Slim fit<br \/>\n<strong>Linija:<\/strong>&nbsp;Prestige work line<br \/>\n<strong>Materijal:<\/strong>&nbsp;64 % poliester, 34,5 % pamuk, 1,5 % elastan, 245 g\/m2<br \/>\n<strong>Odr\u017eavanje:<\/strong>&nbsp;Pranje u perilici rublja na 60 \u00b0C<\/p>\n<p><strong>Veli\u010dine:<\/strong><br \/>\nS (46)<br \/>\nM (48, 50)<br \/>\nL (52, 54)<br \/>\nXL (56, 58)<br \/>\nXXL (60, 62)<br \/>\nXXXL (64, 66)<\/p>\n<p><strong>Boja:<\/strong> Crvena, mornarsko plava, petrol plava, pepeljasto siva<br \/>\n<strong>Spol:<\/strong>&nbsp;Unisex<br \/>\n<strong>Proizvo\u0111a\u010d:<\/strong>&nbsp;<a rel=\"nofollow\" href=\"https:\/\/www.lacuna.hr\/\">Lacuna<\/a><br \/>\n<strong>Standard:<\/strong>&nbsp;EN 13688<\/p>\n<h3>Opis standarda<\/h3>\n<p>EN ISO 13688 odre\u0111uje op\u0107e zahtjeve u\u010dinkovitosti za ergonomiju, sigurnost, oznaku veli\u010dine, starenje, kompatibilnost i oznake za\u0161titne odje\u0107e te informacije koje treba pru\u017eiti proizvo\u0111a\u010d za\u0161titne odje\u0107e.<\/p>\n<h3>Opis kolekcije<\/h3>\n<p data-start=\"1529\" data-end=\"1802\">Kolekcija PACIFIC FLEX predstavlja modernu rastezljivu radnu odje\u0107u za dinami\u010dan rad. Namijenjena je korisnicima koji trebaju ve\u0107u fleksibilnost, udobnost i funkcionalnost. Sportski dizajn spaja profesionalan izgled i prakti\u010dnu primjenu u razli\u010ditim radnim okru\u017eenjima.<\/p>\n<p data-start=\"1804\" data-end=\"2162\">Odje\u0107a koristi FLEX TECH\u00ae tehnologiju koja omogu\u0107uje mehani\u010dko rastezanje tkanine po \u0161irini. Dodatni 4-way stretch materijali pove\u0107avaju slobodu kretanja na klju\u010dnim zonama. Rastezljivi paneli nalaze se u podru\u010dju koljena, struka i le\u0111a. Takva konstrukcija osigurava bolje pristajanje i ve\u0107u udobnost tijekom rada.<\/p>\n<p data-start=\"2164\" data-end=\"2435\">Materijal kombinira poliester, pamuk i elastan za izdr\u017eljivost i udobno no\u0161enje. CORDURA\u00ae oja\u010danja pove\u0107avaju otpornost na koljenima i d\u017eepovima. Reflektivni detalji pobolj\u0161avaju vidljivost i nagla\u0161avaju moderan izgled kolekcije.<\/p>\n<p data-start=\"2437\" data-end=\"2639\">Kolekcija uklju\u010duje radne jakne, hla\u010de i farmer modele koji se mogu kombinirati u komplet. PACIFIC FLEX je odli\u010dan izbor za fleksibilnu i izdr\u017eljivu radnu opremu.<\/p>\n<p><i>Radnu odje\u0107u mogu\u0107e je personalizirati strojnim vezom ili tiskom. Vi\u0161e o personalizaciji mo\u017eete pro\u010ditati na stranici &#8220;<\/i><a href=\"https:\/\/work-foxx.com\/hr\/personalizacija-radne-odjece\/\"><i>Personalizacija radne odje\u0107e<\/i><\/a><i>&#8221; na dnu stranice.<\/i><\/p>\n","protected":false},"excerpt":{"rendered":"<p>Radne farmer hla\u010de Pacific Flex kop\u010daju se gumbima na bokovima i imaju nekoliko funkcionalnih d\u017eepova. Hla\u010de pripadaju liniji odje\u0107e PRESTIGE WORK LINE.<\/p>\n","protected":false},"featured_media":15074,"comment_status":"open","ping_status":"closed","template":"","meta":{"_acf_changed":false,"inline_featured_image":false},"product_brand":[],"product_cat":[784,1127,1128],"product_tag":[],"class_list":{"0":"post-60682","1":"product","2":"type-product","3":"status-publish","4":"has-post-thumbnail","6":"product_cat-odjeca","7":"product_cat-radna-odjeca","8":"product_cat-radne-farmer-hlace","10":"first","11":"instock","12":"taxable","13":"shipping-taxable","14":"purchasable","15":"product-type-variable"},"acf":[],"_links":{"self":[{"href":"https:\/\/work-foxx.com\/hr\/wp-json\/wp\/v2\/product\/60682","targetHints":{"allow":["GET"]}}],"collection":[{"href":"https:\/\/work-foxx.com\/hr\/wp-json\/wp\/v2\/product"}],"about":[{"href":"https:\/\/work-foxx.com\/hr\/wp-json\/wp\/v2\/types\/product"}],"replies":[{"embeddable":true,"href":"https:\/\/work-foxx.com\/hr\/wp-json\/wp\/v2\/comments?post=60682"}],"wp:featuredmedia":[{"embeddable":true,"href":"https:\/\/work-foxx.com\/hr\/wp-json\/wp\/v2\/media\/15074"}],"wp:attachment":[{"href":"https:\/\/work-foxx.com\/hr\/wp-json\/wp\/v2\/media?parent=60682"}],"wp:term":[{"taxonomy":"product_brand","embeddable":true,"href":"https:\/\/work-foxx.com\/hr\/wp-json\/wp\/v2\/product_brand?post=60682"},{"taxonomy":"product_cat","embeddable":true,"href":"https:\/\/work-foxx.com\/hr\/wp-json\/wp\/v2\/product_cat?post=60682"},{"taxonomy":"product_tag","embeddable":true,"href":"https:\/\/work-foxx.com\/hr\/wp-json\/wp\/v2\/product_tag?post=60682"}],"curies":[{"name":"wp","href":"https:\/\/api.w.org\/{rel}","templated":true}]}}