{"id":59585,"date":"2026-01-13T11:23:00","date_gmt":"2026-01-13T11:23:00","guid":{"rendered":"https:\/\/work-foxx.com\/?post_type=product&#038;p=59585"},"modified":"2026-03-30T11:33:55","modified_gmt":"2026-03-30T11:33:55","slug":"radna-jakna-grenland","status":"publish","type":"product","link":"https:\/\/work-foxx.com\/hr\/proizvod\/radna-jakna-grenland\/","title":{"rendered":"Radna jakna GREENLAND"},"content":{"rendered":"<h1>Radna jakna GREENLAND<\/h1>\n<p>Radna jakna kolekcije Greenland ima sportski izgled. Izra\u0111ena je od pamuka, koji di\u0161e, odvodi vlagu i pru\u017ea visoku razinu udobnosti tijekom rada. Zatvara se skrivenim patentnim zatvara\u010dem do kraja ovratnika i \u010di\u010dak trakom. Za bolje pristajanje, \u0161irina na krajevima rukava i na bokovima mo\u017ee se podesiti pomo\u0107u \u010di\u010dak trake. Izvana ima \u0161est d\u017eepova koji pru\u017eaju ve\u0107u funkcionalnost. Iznad prsnih d\u017eepova i na ramenima nalaze se reflektiraju\u0107i elementi koji osiguravaju bolju vidljivost. Radna jakna Grenlanda pripada liniji radne odje\u0107e DYNAMIC WORK LINE, koja bolje pristaje va\u0161em tijelu i osigurava udobnost tijekom cjelodnevnog kori\u0161tenja. Kroj je klasi\u010dan i pristaje svim tipovima tijela.<\/p>\n<h3>Materijalni sastav i tehni\u010dka svojstva<\/h3>\n<p><strong>Kroj:<\/strong>&nbsp;Regular fit<br \/>\n<strong>Linija:<\/strong>&nbsp;Dynamic work line<br \/>\n<strong>Materijal:<\/strong>&nbsp;100 % pamuk, 260 g\/m2<br \/>\n<strong>Odr\u017eavanje:<\/strong>&nbsp;Pranje u perilici rublja na 40 \u00b0C<\/p>\n<p><strong>Veli\u010dine:<\/strong><br \/>\nS (46)<br \/>\nM (48, 50)<br \/>\nL (52, 54)<br \/>\nXL (56, 58)<br \/>\nXXL (60, 62)<br \/>\nXXXL (64, 66)<\/p>\n<p><strong>Boja:<\/strong> Kraljevsko plava, mornarsko plava, antracit siva, pepeljasto siva<br \/>\n<strong>Spol:<\/strong>&nbsp;Unisex<br \/>\n<strong>Proizvo\u0111a\u010d:<\/strong>&nbsp;<a rel=\"nofollow\" href=\"https:\/\/www.lacuna.hr\/\">Lacuna<\/a><br \/>\n<strong>Standard:<\/strong>&nbsp;EN 13688<\/p>\n<h3>Opis standarda<\/h3>\n<p>EN ISO 13688 odre\u0111uje op\u0107e zahtjeve u\u010dinkovitosti za ergonomiju, sigurnost, oznaku veli\u010dine, starenje, kompatibilnost i oznake za\u0161titne odje\u0107e te informacije koje treba pru\u017eiti proizvo\u0111a\u010d za\u0161titne odje\u0107e.<\/p>\n<h3>Opis kolekcije<\/h3>\n<p data-end=\"1629\" data-start=\"1355\">Kolekcija GREENLAND obuhva\u0107a kvalitetnu radnu odje\u0107u izra\u0111enu od 100 % visokokvalitetnog pamuka. Namijenjena je korisnicima koji trebaju prozra\u010dnost, udobnost i prirodan osje\u0107aj tijekom rada. Mekana SOFT TOUCH tkanina pru\u017ea ugodno no\u0161enje kroz cijeli radni dan.<\/p>\n<p data-end=\"1629\" data-start=\"1355\">Materijal omogu\u0107uje dobro strujanje zraka i u\u010dinkovito upijanje vlage. Pamu\u010dna struktura prikladna je za rad u toplim ili zahtjevnim uvjetima. Klasi\u010dni krojevi osiguravaju udobno pristajanje i slobodu kretanja. Funkcionalni d\u017eepovi omogu\u0107uju prakti\u010dno spremanje alata i dodataka. Reflektivni detalji pobolj\u0161avaju vidljivost i nagla\u0161avaju profesionalan izgled.<\/p>\n<p data-end=\"1629\" data-start=\"1355\">Kolekcija uklju\u010duje radne hla\u010de, jakne i farmer modele. GREENLAND je pouzdan izbor za prozra\u010dnu i udobnu radnu opremu.<\/p>\n<p><i>Radnu odje\u0107u mogu\u0107e je personalizirati strojnim vezom ili tiskom. Vi\u0161e o personalizaciji mo\u017eete pro\u010ditati na stranici &#8220;<\/i><a href=\"https:\/\/work-foxx.com\/hr\/personalizacija-radne-odjece\/\"><i>Personalizacija radne odje\u0107e<\/i><\/a><i>&#8221; na dnu stranice.<\/i><\/p>\n","protected":false},"excerpt":{"rendered":"<p>Radna jakna Greenland zatvara se skrivenim patentnim zatvara\u010dem i ima nekoliko funkcionalnih d\u017eepova. Jakna pripada liniji radne odje\u0107e DYNAMIC WORK LINE.<\/p>\n","protected":false},"featured_media":14986,"comment_status":"open","ping_status":"closed","template":"","meta":{"_acf_changed":false,"inline_featured_image":false},"product_brand":[],"product_cat":[784,1127,1153],"product_tag":[],"class_list":{"0":"post-59585","1":"product","2":"type-product","3":"status-publish","4":"has-post-thumbnail","6":"product_cat-odjeca","7":"product_cat-radna-odjeca","8":"product_cat-radne-jakne","10":"first","11":"instock","12":"taxable","13":"shipping-taxable","14":"purchasable","15":"product-type-variable"},"acf":[],"_links":{"self":[{"href":"https:\/\/work-foxx.com\/hr\/wp-json\/wp\/v2\/product\/59585","targetHints":{"allow":["GET"]}}],"collection":[{"href":"https:\/\/work-foxx.com\/hr\/wp-json\/wp\/v2\/product"}],"about":[{"href":"https:\/\/work-foxx.com\/hr\/wp-json\/wp\/v2\/types\/product"}],"replies":[{"embeddable":true,"href":"https:\/\/work-foxx.com\/hr\/wp-json\/wp\/v2\/comments?post=59585"}],"wp:featuredmedia":[{"embeddable":true,"href":"https:\/\/work-foxx.com\/hr\/wp-json\/wp\/v2\/media\/14986"}],"wp:attachment":[{"href":"https:\/\/work-foxx.com\/hr\/wp-json\/wp\/v2\/media?parent=59585"}],"wp:term":[{"taxonomy":"product_brand","embeddable":true,"href":"https:\/\/work-foxx.com\/hr\/wp-json\/wp\/v2\/product_brand?post=59585"},{"taxonomy":"product_cat","embeddable":true,"href":"https:\/\/work-foxx.com\/hr\/wp-json\/wp\/v2\/product_cat?post=59585"},{"taxonomy":"product_tag","embeddable":true,"href":"https:\/\/work-foxx.com\/hr\/wp-json\/wp\/v2\/product_tag?post=59585"}],"curies":[{"name":"wp","href":"https:\/\/api.w.org\/{rel}","templated":true}]}}