{"id":58827,"date":"2025-09-25T13:24:00","date_gmt":"2025-09-25T13:24:00","guid":{"rendered":"https:\/\/work-foxx.com\/product\/delovna-jakna-classic-smart\/"},"modified":"2026-03-30T11:33:58","modified_gmt":"2026-03-30T11:33:58","slug":"radna-jakna-classic-smart","status":"publish","type":"product","link":"https:\/\/work-foxx.com\/hr\/proizvod\/radna-jakna-classic-smart\/","title":{"rendered":"Radna jakna CLASSIC SMART"},"content":{"rendered":"<h1>Radna jakna CLASSIC SMART<\/h1>\n<p>Radna jakna kolekcije Classic Smart ima klasi\u010dan izgled. Izra\u0111ena je od izdr\u017eljive tkanine, mje\u0161avine poliestera i pamuka, koja pru\u017ea visoku razinu za\u0161tite od tro\u0161enja. Zatvara se patentnim zatvara\u010dem do kraja ovratnika i ima klasi\u010dni ovratnik. Za bolje pristajanje, \u0161irina na krajevima rukava se mo\u017ee podesiti \u010di\u010dak trakom. Izvana ima sedam d\u017eepova koji pru\u017eaju ve\u0107u funkcionalnost. Dodaci u boji pru\u017eaju atraktivan izgled. Radna jakna Classic Smart pripada liniji radne odje\u0107e STANDARD WORK LINE, koja vas ne ometa tijekom kretanja i brine o udobnosti tijekom cjelodnevne uporabe. Kroj je klasi\u010dan i pristaje svim tipovima tijela.<\/p>\n<h3>Materijalni sastav i tehni\u010dka svojstva<\/h3>\n<p><strong>Kroj:&nbsp;<\/strong>Casual fit<br \/>\n<strong>Linija:<\/strong>&nbsp;Standard work line<br \/>\n<strong>Materijal:<\/strong>&nbsp;65 % poliester, 35 % pamuk, 245 g\/m2<br \/>\n<strong>Odr\u017eavanje:<\/strong>&nbsp;Pranje u perilici rublja na 60 \u00b0C<\/p>\n<p><strong>Veli\u010dine:<\/strong><br \/>\nS (46)<br \/>\nM (48, 50)<br \/>\nL (52, 54)<br \/>\nXL (56, 58)<br \/>\nXXL (60, 62)<br \/>\nXXXL (64, 66)<\/p>\n<p><strong>Boja:<\/strong> Plava, siva<br \/>\n<strong>Spol:<\/strong>&nbsp;Unisex<br \/>\n<strong>Proizvo\u0111a\u010d:<\/strong>&nbsp;<a rel=\"nofollow\" href=\"https:\/\/www.lacuna.hr\/\">Lacuna<\/a><br \/>\n<strong>Standard:<\/strong>&nbsp;EN 13688<\/p>\n<h3>Opis standarda<\/h3>\n<p>EN ISO 13688 odre\u0111uje op\u0107e zahtjeve u\u010dinkovitosti za ergonomiju, sigurnost, oznaku veli\u010dine, starenje, kompatibilnost i oznake za\u0161titne odje\u0107e te informacije koje treba pru\u017eiti proizvo\u0111a\u010d za\u0161titne odje\u0107e.<\/p>\n<h3>Opis kolekcije<\/h3>\n<p data-end=\"1580\" data-start=\"1240\">Kolekcija CLASSIC SMART spaja klasi\u010dan izgled radne odje\u0107e s pouzdanom funkcionalno\u0161\u0107u za svakodnevni rad. Namijenjena je korisnicima koji trebaju prakti\u010dnu i pristupa\u010dnu radnu opremu za razli\u010dite djelatnosti. Klasi\u010dan kroj osigurava udobno pristajanje i slobodu kretanja tijekom cijelog radnog dana.<\/p>\n<p data-end=\"1872\" data-start=\"1582\">Odje\u0107a je izra\u0111ena od izdr\u017eljive mje\u0161avine poliestera i pamuka koja pru\u017ea otpornost na habanje. Materijal omogu\u0107uje ravnote\u017eu izme\u0111u trajnosti, udobnosti i jednostavnog odr\u017eavanja. Diskretni kolor detalji daju profesionalan i uredan izgled kolekciji.<\/p>\n<p data-end=\"2174\" data-start=\"1874\">Kolekcija uklju\u010duje radne jakne, hla\u010de i farmer modele koji se mogu kombinirati u komplet. Posebnost pojedinih modela je 2-u-1 konstrukcija koja omogu\u0107uje pretvaranje dugih hla\u010da u kratke. CLASSIC SMART je pouzdan izbor za klasi\u010dnu i funkcionalnu radnu odje\u0107u.<\/p>\n<p><i>Radnu odje\u0107u mogu\u0107e je personalizirati strojnim vezom ili tiskom. Vi\u0161e o personalizaciji mo\u017eete pro\u010ditati na stranici &#8220;<\/i><a href=\"https:\/\/work-foxx.com\/hr\/personalizacija-radne-odjece\/\"><i>Personalizacija radne odje\u0107e<\/i><\/a><i>&#8221; na dnu stranice.<\/i><\/p>\n","protected":false},"excerpt":{"rendered":"<p>Radna jakna Classic Smart zatvara se patentnim zatvara\u010dem i ima nekoliko funkcionalnih d\u017eepova. Jakna pripada liniji radne odje\u0107e STANDARD WORK LINE.<\/p>\n","protected":false},"featured_media":14844,"comment_status":"open","ping_status":"closed","template":"","meta":{"_acf_changed":false,"inline_featured_image":false},"product_brand":[],"product_cat":[784,1127,1153],"product_tag":[],"class_list":{"0":"post-58827","1":"product","2":"type-product","3":"status-publish","4":"has-post-thumbnail","6":"product_cat-odjeca","7":"product_cat-radna-odjeca","8":"product_cat-radne-jakne","10":"first","11":"instock","12":"taxable","13":"shipping-taxable","14":"purchasable","15":"product-type-variable"},"acf":[],"_links":{"self":[{"href":"https:\/\/work-foxx.com\/hr\/wp-json\/wp\/v2\/product\/58827","targetHints":{"allow":["GET"]}}],"collection":[{"href":"https:\/\/work-foxx.com\/hr\/wp-json\/wp\/v2\/product"}],"about":[{"href":"https:\/\/work-foxx.com\/hr\/wp-json\/wp\/v2\/types\/product"}],"replies":[{"embeddable":true,"href":"https:\/\/work-foxx.com\/hr\/wp-json\/wp\/v2\/comments?post=58827"}],"wp:featuredmedia":[{"embeddable":true,"href":"https:\/\/work-foxx.com\/hr\/wp-json\/wp\/v2\/media\/14844"}],"wp:attachment":[{"href":"https:\/\/work-foxx.com\/hr\/wp-json\/wp\/v2\/media?parent=58827"}],"wp:term":[{"taxonomy":"product_brand","embeddable":true,"href":"https:\/\/work-foxx.com\/hr\/wp-json\/wp\/v2\/product_brand?post=58827"},{"taxonomy":"product_cat","embeddable":true,"href":"https:\/\/work-foxx.com\/hr\/wp-json\/wp\/v2\/product_cat?post=58827"},{"taxonomy":"product_tag","embeddable":true,"href":"https:\/\/work-foxx.com\/hr\/wp-json\/wp\/v2\/product_tag?post=58827"}],"curies":[{"name":"wp","href":"https:\/\/api.w.org\/{rel}","templated":true}]}}