{"id":58439,"date":"2025-09-25T11:54:00","date_gmt":"2025-09-25T11:54:00","guid":{"rendered":"https:\/\/work-foxx.com\/product\/delovne-hlace-bergen-flex\/"},"modified":"2026-03-30T11:33:59","modified_gmt":"2026-03-30T11:33:59","slug":"radne-hlace-bergen-flex","status":"publish","type":"product","link":"https:\/\/work-foxx.com\/hr\/proizvod\/radne-hlace-bergen-flex\/","title":{"rendered":"Radne hla\u010de BERGEN FLEX"},"content":{"rendered":"<h1>Radne hla\u010de BERGEN FLEX<\/h1>\n<p>Radne hla\u010de kolekcije Bergen Flex modernog su izgleda. Izra\u0111ene su od tkanine s dodatkom elastana koji osigurava fleksibilnost i raste\u017ee se uz tijelo tijekom rada. Kop\u010daju se skrivenim patentnim zatvara\u010dem i gumbom u struku. Ve\u0107u funkcionalnost osigurava \u0161est d\u017eepova koji su dodatno oja\u010dani Cordura tkaninom. Na bo\u010dnom d\u017eepu nalaze se reflektiraju\u0107i elementi koji osiguravaju bolju vidljivost. Radne hla\u010de imaju dodatno poja\u010danje na koljenima i d\u017eep za \u0161titnike za koljena. Radne hla\u010de kolekcije Bergen Flex pripadaju liniji radne odje\u0107e PRESTIGE WORK LINE, koja savr\u0161eno pristaje va\u0161em tijelu i osigurava udobnost tijekom cjelodnevnog kori\u0161tenja. Kroj je klasi\u010dan i pristaje svim tipovima tijela.<\/p>\n<h3>Materijalni sastav i tehni\u010dka svojstva<\/h3>\n<p><strong>Kroj:<\/strong>&nbsp;Regular fit<br \/>\n<strong>Linija:<\/strong>&nbsp;Prestige work line<br \/>\n<strong>Materijal:<\/strong>&nbsp;59 % pamuk, 38 % poliester, 3 % elastan, 250 g\/m2<br \/>\n<strong>Odr\u017eavanje:<\/strong>&nbsp;Pranje u perilici rublja na 60 \u00b0C<\/p>\n<p><strong>Veli\u010dine:<\/strong><br \/>\nS (46)<br \/>\nM (48, 50)<br \/>\nL (52, 54)<br \/>\nXL (56, 58)<br \/>\nXXL (60, 62)<br \/>\nXXXL (64, 66)<\/p>\n<p><strong>Boja:<\/strong> Crno &#8211; siva sa zelenim elementima, sivo-crna sa plavim elementima<br \/>\n<strong>Spol:<\/strong>&nbsp;Unisex<br \/>\n<strong>Proizvo\u0111a\u010d:<\/strong>&nbsp;<a rel=\"nofollow\" href=\"https:\/\/www.lacuna.hr\/\">Lacuna<\/a><br \/>\n<strong>Standard:<\/strong>&nbsp;EN 13688<\/p>\n<h3>Opis standarda<\/h3>\n<p>EN ISO 13688 odre\u0111uje op\u0107e zahtjeve u\u010dinkovitosti za ergonomiju, sigurnost, oznaku veli\u010dine, starenje, kompatibilnost i oznake za\u0161titne odje\u0107e te informacije koje treba pru\u017eiti proizvo\u0111a\u010d za\u0161titne odje\u0107e.<\/p>\n<h3>Opis kolekcije<\/h3>\n<p data-end=\"1586\" data-start=\"1249\">Kolekcija BERGEN FLEX kombinira sportski dizajn i funkcionalnost rastezljive radne odje\u0107e. Namijenjena je korisnicima koji trebaju ve\u0107u slobodu kretanja, prozra\u010dnost i udobnost tijekom svakodnevnog rada. Odje\u0107a je izra\u0111ena od izdr\u017eljive canvas tkanine s visokim udjelom pamuka i dodatkom elastana.<\/p>\n<p data-end=\"1894\" data-start=\"1588\">Materijal se sastoji od pamuka, poliestera i elastana, \u0161to osigurava ravnote\u017eu izme\u0111u izdr\u017eljivosti i fleksibilnosti. FLEX TECH\u00ae tehnologija pove\u0107ava udobnost, zadr\u017eava oblik odje\u0107e i smanjuje gu\u017evanje. Prozra\u010dna struktura omogu\u0107uje ugodno no\u0161enje i pri duljem radu.<\/p>\n<p data-end=\"2171\" data-start=\"1896\">Kolekcija uklju\u010duje radne jakne, hla\u010de i farmer modele koji se mogu kombinirati u komplet. Reflektivni detalji pobolj\u0161avaju vidljivost i nagla\u0161avaju moderan izgled. BERGEN FLEX je pouzdan izbor za rastezljivu i izdr\u017eljivu radnu opremu.<\/p>\n<p><i>Radnu odje\u0107u mogu\u0107e je personalizirati strojnim vezom ili tiskom. Vi\u0161e o personalizaciji mo\u017eete pro\u010ditati na stranici &#8220;<\/i><a href=\"https:\/\/work-foxx.com\/hr\/personalizacija-radne-odjece\/\"><i>Personalizacija radne odje\u0107e<\/i><\/a><i>&#8221; na dnu stranice.<\/i><\/p>\n","protected":false},"excerpt":{"rendered":"<p>Radne hla\u010de Bergen Flex kop\u010daju se skrivenim patentnim zatvara\u010dem i imaju nekoliko funkcionalnih d\u017eepova. Hla\u010de pripadaju liniji odje\u0107e PRESTIGE WORK LINE.<\/p>\n","protected":false},"featured_media":62375,"comment_status":"open","ping_status":"closed","template":"","meta":{"_acf_changed":false,"inline_featured_image":false},"product_brand":[],"product_cat":[784,1127,1143],"product_tag":[],"class_list":{"0":"post-58439","1":"product","2":"type-product","3":"status-publish","4":"has-post-thumbnail","6":"product_cat-odjeca","7":"product_cat-radna-odjeca","8":"product_cat-radne-hlace","10":"first","11":"instock","12":"taxable","13":"shipping-taxable","14":"purchasable","15":"product-type-variable"},"acf":[],"_links":{"self":[{"href":"https:\/\/work-foxx.com\/hr\/wp-json\/wp\/v2\/product\/58439","targetHints":{"allow":["GET"]}}],"collection":[{"href":"https:\/\/work-foxx.com\/hr\/wp-json\/wp\/v2\/product"}],"about":[{"href":"https:\/\/work-foxx.com\/hr\/wp-json\/wp\/v2\/types\/product"}],"replies":[{"embeddable":true,"href":"https:\/\/work-foxx.com\/hr\/wp-json\/wp\/v2\/comments?post=58439"}],"wp:featuredmedia":[{"embeddable":true,"href":"https:\/\/work-foxx.com\/hr\/wp-json\/wp\/v2\/media\/62375"}],"wp:attachment":[{"href":"https:\/\/work-foxx.com\/hr\/wp-json\/wp\/v2\/media?parent=58439"}],"wp:term":[{"taxonomy":"product_brand","embeddable":true,"href":"https:\/\/work-foxx.com\/hr\/wp-json\/wp\/v2\/product_brand?post=58439"},{"taxonomy":"product_cat","embeddable":true,"href":"https:\/\/work-foxx.com\/hr\/wp-json\/wp\/v2\/product_cat?post=58439"},{"taxonomy":"product_tag","embeddable":true,"href":"https:\/\/work-foxx.com\/hr\/wp-json\/wp\/v2\/product_tag?post=58439"}],"curies":[{"name":"wp","href":"https:\/\/api.w.org\/{rel}","templated":true}]}}