{"id":57091,"date":"2025-05-30T10:25:22","date_gmt":"2025-05-30T10:25:22","guid":{"rendered":"https:\/\/work-foxx.com\/product\/rainbow-1-naglavna-svjetiljka\/"},"modified":"2025-09-09T13:10:43","modified_gmt":"2025-09-09T13:10:43","slug":"naglavna-svjetiljka-rainbow-1","status":"publish","type":"product","link":"https:\/\/work-foxx.com\/hr\/proizvod\/naglavna-svjetiljka-rainbow-1\/","title":{"rendered":"Naglavna svjetiljka RAINBOW 1"},"content":{"rendered":"<p>Naglavna svjetiljka RAINBOW 1<br \/>\nNaglavna svjetiljka Rainbow 1 nudi jedinstven dizajn i funkcionalnost. Karakterizira je mala te\u017eina (75 g) i svjetlina do 350 lumena, \u0161to osigurava domet do 80 m. Korisnik mo\u017ee podesiti svjetlinu i kut osvjetljenja do 230\u00b0. Naglavna svjetiljka Rainbow 1 otporna je na sve vremenske uvjete i padove s visine do 1 m. Senzorski prekida\u010d i SOS modul osiguravaju jednostavnu upotrebu i sigurnost u svim uvjetima. Omogu\u0107uje korisniku jednostavno punjenje putem USB Type-C punja\u010da.<\/p>\n<p>Tehni\u010dke zna\u010dajke<br \/>\nSvjetlosni tok: 350 lumena<br \/>\nDomet snopa: 80 m<br \/>\nKut snopa: do 230\u00b0<br \/>\nOtpornost na vodu: IP64<br \/>\nVrsta baterije: Li-Po (uklju\u010dena)<br \/>\nMin.\/maks. trajanje: 2h30 \/ 8h<br \/>\nVrijeme punjenja: 2 sata i 30 minuta<br \/>\nTe\u017eina: 75 g<br \/>\nProizvo\u0111a\u010d: Kratos Safety<br \/>\nStandard: Direktiva 2014\/30\/EU, 2001\/95\/EU, 2011\/65\/EU, 2012\/19\/EU<\/p>\n","protected":false},"excerpt":{"rendered":"<p>Naglavna svjetiljka RAINBOW 1 nudi jedinstven dizajn i funkcionalnost. Pru\u017ea do 350 lumena svjetline i podesivi kut snopa do 230\u00b0.<\/p>\n","protected":false},"featured_media":57087,"comment_status":"open","ping_status":"closed","template":"","meta":{"_acf_changed":false,"inline_featured_image":false},"product_brand":[],"product_cat":[958,962],"product_tag":[],"class_list":{"0":"post-57091","1":"product","2":"type-product","3":"status-publish","4":"has-post-thumbnail","6":"product_cat-zastita-glave","7":"product_cat-zastita-glave-2","9":"first","10":"instock","11":"taxable","12":"shipping-taxable","13":"purchasable","14":"product-type-simple"},"acf":[],"_links":{"self":[{"href":"https:\/\/work-foxx.com\/hr\/wp-json\/wp\/v2\/product\/57091","targetHints":{"allow":["GET"]}}],"collection":[{"href":"https:\/\/work-foxx.com\/hr\/wp-json\/wp\/v2\/product"}],"about":[{"href":"https:\/\/work-foxx.com\/hr\/wp-json\/wp\/v2\/types\/product"}],"replies":[{"embeddable":true,"href":"https:\/\/work-foxx.com\/hr\/wp-json\/wp\/v2\/comments?post=57091"}],"wp:featuredmedia":[{"embeddable":true,"href":"https:\/\/work-foxx.com\/hr\/wp-json\/wp\/v2\/media\/57087"}],"wp:attachment":[{"href":"https:\/\/work-foxx.com\/hr\/wp-json\/wp\/v2\/media?parent=57091"}],"wp:term":[{"taxonomy":"product_brand","embeddable":true,"href":"https:\/\/work-foxx.com\/hr\/wp-json\/wp\/v2\/product_brand?post=57091"},{"taxonomy":"product_cat","embeddable":true,"href":"https:\/\/work-foxx.com\/hr\/wp-json\/wp\/v2\/product_cat?post=57091"},{"taxonomy":"product_tag","embeddable":true,"href":"https:\/\/work-foxx.com\/hr\/wp-json\/wp\/v2\/product_tag?post=57091"}],"curies":[{"name":"wp","href":"https:\/\/api.w.org\/{rel}","templated":true}]}}