{"id":57058,"date":"2025-09-09T12:59:00","date_gmt":"2025-09-09T12:59:00","guid":{"rendered":"https:\/\/work-foxx.com\/product\/niske-zastitne-cipele-porto-s3s\/"},"modified":"2026-03-30T17:59:53","modified_gmt":"2026-03-30T17:59:53","slug":"niske-zastitne-cipele-porto-s3s","status":"publish","type":"product","link":"https:\/\/work-foxx.com\/hr\/proizvod\/niske-zastitne-cipele-porto-s3s\/","title":{"rendered":"Niske za\u0161titne cipele PORTO S3S"},"content":{"rendered":"<h1>Niske za\u0161titne cipele PORTO S3S<\/h1>\n<p>Niske za\u0161titne cipele Porto imaju za\u0161titnu kapicu i klasificirane su kao S3S. Za\u0161titna kapica izra\u0111ena je od stakloplastike, a sigurnosni ulo\u017eak od neprobojne tkanine, \u0161to smanjuje te\u017einu za\u0161titnih cipela. Izra\u0111ene su od tehni\u010dke tkanine PUtek\u00ae i imaju dodatno oja\u010danje od termoplasti\u010dnog poliuretana (TPU) u podru\u010dju prstiju. Podstavljeni jezik pru\u017ea ve\u0107u udobnost i bolju za\u0161titu. Ulo\u017eak od memorijske pjene prilago\u0111ava se stopalu, pru\u017eaju\u0107i udobnost i smanjuju\u0107i umor stopala. Potplat cipele je otporan na probijanje (P), antistati\u010dki i pru\u017ea izvrsnu za\u0161titu od klizanja na keramici i metalu (SR). Jezik cipele ima d\u017eep za umetanje vezica, \u0161to sprje\u010dava njihovo odvezivanje. Porto niske za\u0161titne cipele nude za\u0161titu od elektrostati\u010dkog pra\u017enjenja (ESD). Pogodne za rad u vla\u017enim i mokrim radnim uvjetima, elektroindustriju, gra\u0111evinarstvo, transport i logistiku, automobilsku i laku industriju.<\/p>\n<p>Porto S3S niske za\u0161titne cipele predstavljaju novu generaciju Lacuna za\u0161titnih cipela. Nude izvrsnu kombinaciju udobnosti, funkcionalnosti i inovativnog dizajna. Izra\u0111ene su od PUtek\u00ae materijala koji je izdr\u017eljiv, otporan na abraziju, lagan, izuzetno fleksibilan i vodoodbojan. Tehnologija koja se koristi za proizvodnju PUtek\u00ae materijala temelji se na premazanim poliesterskim nitima koje su izravno utkane u strukturu tkanine kako bi se postigla iznimna \u010dvrsto\u0107a i izdr\u017eljivost. Performanse i udobnost tenisica za tr\u010danje oblikovane su u za\u0161titnu obu\u0107u s jedinstvenim dizajnom potplata koji pru\u017ea iznimnu potporu i stabilnost. Svojstva i performanse gornjeg dijela za\u0161titnih cipela pru\u017eaju iznimnu stabilnost i udobnost tijekom cijelog prirodnog ciklusa koraka. Oblik i debljina dvoslojnog potplata Porto za\u0161titnih cipela ubla\u017eavaju korak, apsorbiraju energiju udara pri kontaktu s tlom i na taj na\u010din poma\u017eu u smanjenju negativnih u\u010dinaka na zglobove radnika koji cijeli dan provode na nogama ili u pokretu.<\/p>\n<h3>Materijalni sastav i tehni\u010dka svojstva<\/h3>\n<p><strong>Vanjski materijal:<\/strong> PUTEK tkanina s TPU oja\u010danjem u podru\u010dju prstiju<br \/>\n<strong>Podstava:<\/strong> Vi\u0161edimenzionalna mre\u017ea<br \/>\n<strong>Ulo\u017eak:<\/strong> Na bazi anatomske memorijske pjene, prilagodljiv stopalu<br \/>\n<strong>Potplat:<\/strong> Dvoslojni, EVA\/nitrilna guma niske gusto\u0107e<br \/>\n<strong>Zatvaranje:<\/strong> Vezice<\/p>\n<p><strong>Veli\u010dine:<\/strong> 36 &#8211; 48<br \/>\n<strong>Boja:<\/strong> Crna sa zelenim detaljima<br \/>\n<strong>Model:<\/strong> Mu\u0161ki\/\u017denski, niski<br \/>\n<strong>Proizvo\u0111a\u010d:<\/strong> <a href=\"https:\/\/www.lacuna.hr\/en\/\">Lacuna<\/a><\/p>\n<p><strong>Tehni\u010dke zna\u010dajke:<\/strong> S3S, FO, SR, ESD, bez metala<br \/>\n<strong>Za\u0161tita prstiju:<\/strong> Za\u0161titna kapa (SB), fiberglas<br \/>\n<strong>Za\u0161tita potplata:<\/strong> Sigurnosni ulo\u017eak, neprobojni tekstil<br \/>\n<strong>Standard:<\/strong> EN ISO 20345: 2011, EN 61340-5-1:2016 ESD<\/p>\n<h3>Opis standarda<\/h3>\n<p>Norma EN ISO 20345 specificira osnovne zahtjeve i (neobavezne) dodatne zahtjeve za za\u0161titnu obu\u0107u. Obu\u0107a koja je u skladu s normom EN ISO 20345 mora imati specifi\u010dan oblik, za\u0161titu za prste, potplat protiv klizanja, ergonomska svojstva, gornje cipele, \u010dvrsto\u0107u i zadovoljiti potrebne kriterije ispitivanja. Za\u0161titna obu\u0107a s kapom pogodna je za rad gdje postoji velika mogu\u0107nost o\u0161te\u0107enja od mehani\u010dkih utjecaja.<\/p>\n<p>EN 61340-5-1 odre\u0111uje karakteristike za\u0161tite od elektroni\u010dkih komponenti i opreme koje se mogu o\u0161tetiti elektrostati\u010dkim pra\u017enjenjem. Ovaj standard tako\u0111er odre\u0111uje karakteristike koje elektrostati\u010dko za\u0161ti\u0107eno podru\u010dje (EPA) mora imati.<\/p>\n<p><em>Savjete za odabir pravih radnih cipela za va\u0161e potrebe mo\u017eete prona\u0107i u segmentu &#8220;<a href=\"https:\/\/work-foxx.com\/hr\/savjeti\/\">Savjeti stru\u010dnjaka<\/a>&#8220;.<\/em><\/p>\n","protected":false},"excerpt":{"rendered":"<p>Niske za\u0161titne cipele Porto imaju za\u0161titnu kapicu i klasificirane su kao S3S. Izra\u0111ene su od izdr\u017eljive PUTEK tkanine, koja osigurava otpornost na habanje.<\/p>\n","protected":false},"featured_media":57043,"comment_status":"open","ping_status":"closed","template":"","meta":{"_acf_changed":false,"inline_featured_image":false},"product_brand":[],"product_cat":[748,1013,1042],"product_tag":[],"class_list":{"0":"post-57058","1":"product","2":"type-product","3":"status-publish","4":"has-post-thumbnail","6":"product_cat-niske-zastitne-cipele","7":"product_cat-obuca","8":"product_cat-zastitne-cipele","10":"first","11":"outofstock","12":"taxable","13":"shipping-taxable","14":"purchasable","15":"product-type-variable"},"acf":[],"_links":{"self":[{"href":"https:\/\/work-foxx.com\/hr\/wp-json\/wp\/v2\/product\/57058","targetHints":{"allow":["GET"]}}],"collection":[{"href":"https:\/\/work-foxx.com\/hr\/wp-json\/wp\/v2\/product"}],"about":[{"href":"https:\/\/work-foxx.com\/hr\/wp-json\/wp\/v2\/types\/product"}],"replies":[{"embeddable":true,"href":"https:\/\/work-foxx.com\/hr\/wp-json\/wp\/v2\/comments?post=57058"}],"wp:featuredmedia":[{"embeddable":true,"href":"https:\/\/work-foxx.com\/hr\/wp-json\/wp\/v2\/media\/57043"}],"wp:attachment":[{"href":"https:\/\/work-foxx.com\/hr\/wp-json\/wp\/v2\/media?parent=57058"}],"wp:term":[{"taxonomy":"product_brand","embeddable":true,"href":"https:\/\/work-foxx.com\/hr\/wp-json\/wp\/v2\/product_brand?post=57058"},{"taxonomy":"product_cat","embeddable":true,"href":"https:\/\/work-foxx.com\/hr\/wp-json\/wp\/v2\/product_cat?post=57058"},{"taxonomy":"product_tag","embeddable":true,"href":"https:\/\/work-foxx.com\/hr\/wp-json\/wp\/v2\/product_tag?post=57058"}],"curies":[{"name":"wp","href":"https:\/\/api.w.org\/{rel}","templated":true}]}}