{"id":57022,"date":"2025-05-30T10:06:00","date_gmt":"2025-05-30T10:06:00","guid":{"rendered":"https:\/\/work-foxx.com\/product\/polar-grip-visoke-zimske-cizme\/"},"modified":"2026-03-31T12:47:24","modified_gmt":"2026-03-31T12:47:24","slug":"visoke-zimske-cizme-polar-grip","status":"publish","type":"product","link":"https:\/\/work-foxx.com\/hr\/proizvod\/visoke-zimske-cizme-polar-grip\/","title":{"rendered":"Visoke zimske \u010dizme POLAR GRIP"},"content":{"rendered":"<h1>Visoke zimske \u010dizme POLAR GRIP<\/h1>\n<p>Visoke zimske \u010dizme Polar Grip su bez za\u0161titne kape i klasificirane su u klasu za\u0161tite OB. Izra\u0111ene su od kombinacije PVC-a i imaju podstavu od umjetnog krzna. Podstava od umjetnog krzna pru\u017ea toplinsku izolaciju, a elasti\u010dne man\u017eete na vrhu \u010dizama \u0161tite od prodora vode, snijega ili prljav\u0161tine. PVC potplat otporan je na hladno\u0107u (CI), \u017eivotinjske masti, ulja i ugljikovodike (FO). Peta apsorbira energiju (E). \u010cizme nude dobro prianjanje i protukliznu za\u0161titu na keramici i metalu (SRC). Visoke zimske \u010dizme Polar Grip prikladne su za kori\u0161tenje u mokrim i vla\u017enim uvjetima u gra\u0111evinarstvu, poljoprivredi, industriji itd., te u okru\u017eenjima s niskim temperaturama.<\/p>\n<h3>Materijalni sastav i tehni\u010dka svojstva<\/h3>\n<p><strong>Vanjski materijal:<\/strong> Visokokvalitetni PVC<br \/>\n<strong>Podstava:<\/strong> Umjetno krzno<br \/>\n<strong>Potplat:<\/strong> PVC<\/p>\n<p><strong>Veli\u010dine:<\/strong> 39 &#8211; 47<br \/>\n<strong>Boja:<\/strong> Zelena<br \/>\n<strong>Spol:<\/strong> Unisex<br \/>\n<strong>Proizvo\u0111a\u010d:<\/strong> <a rel=\"nofollow\" href=\"https:\/\/wellysafety.com\/\">THE WELLY<\/a><\/p>\n<p><strong>Tehni\u010dke karakteristike:<\/strong> OB, E, CI, SRC<br \/>\n<strong>Za\u0161tita prstiju:<\/strong> Bez za\u0161titne kapice (OB)<br \/>\n<strong>Norma:<\/strong> EN ISO 20347:2022<\/p>\n<h3>Opis standarda<\/h3>\n<p>Norma EN ISO 20347 definira osnovne zahtjeve za radnu obu\u0107u. Izme\u0111u ostalog, specificira zahtjeve za oblik, svojstva potplata, protuklizna svojstva, ergonomska svojstva, gornji\u0161te, \u010dvrsto\u0107u, podstavu, ulo\u0161ke, potplate itd. Radna obu\u0107a prema propisu EN ISO 20347 nema za\u0161titnu kapicu i prikladna je za rad gdje postoji mali rizik od ozljeda zbog mehani\u010dkih utjecaja.<\/p>\n<p>Razlikujemo radne i za\u0161titne \u010dizme, koje se me\u0111usobno razlikuju po stupnju za\u0161tite. Radne \u010dizme s oznakom OB dizajnirane su za rad u kojem su male \u0161anse za o\u0161te\u0107enje od mehani\u010dkih utjecaja. Za\u0161titne \u010dizme s oznakom SB imaju za\u0161titnu kapu i namijenjene su za rad gdje postoji velika mogu\u0107nost o\u0161te\u0107enja zbog mehani\u010dkih utjecaja.<\/p>\n<p><em>Savjete za odabir kvalitetnih \u010dizama mo\u017eete prona\u0107i u segmentu&nbsp;&#8220;<a href=\"https:\/\/work-foxx.com\/hr\/savjeti\/\">Savjeti stru\u010dnjaka<\/a>&#8220;.<\/em><\/p>\n","protected":false},"excerpt":{"rendered":"<p>Visoke zimske \u010dizme Polar Grip nemaju za\u0161titnu kapicu. Prikladne su za rad u mokrim i vla\u017enim okru\u017eenjima te nude za\u0161titu od klizanja (SRC).<\/p>\n","protected":false},"featured_media":57019,"comment_status":"open","ping_status":"closed","template":"","meta":{"_acf_changed":false,"inline_featured_image":false},"product_brand":[],"product_cat":[1015,1976,1013],"product_tag":[],"class_list":{"0":"post-57022","1":"product","2":"type-product","3":"status-publish","4":"has-post-thumbnail","6":"product_cat-cizme","7":"product_cat-gumene-cizme","8":"product_cat-obuca","10":"first","11":"instock","12":"taxable","13":"shipping-taxable","14":"purchasable","15":"product-type-variable"},"acf":[],"_links":{"self":[{"href":"https:\/\/work-foxx.com\/hr\/wp-json\/wp\/v2\/product\/57022","targetHints":{"allow":["GET"]}}],"collection":[{"href":"https:\/\/work-foxx.com\/hr\/wp-json\/wp\/v2\/product"}],"about":[{"href":"https:\/\/work-foxx.com\/hr\/wp-json\/wp\/v2\/types\/product"}],"replies":[{"embeddable":true,"href":"https:\/\/work-foxx.com\/hr\/wp-json\/wp\/v2\/comments?post=57022"}],"wp:featuredmedia":[{"embeddable":true,"href":"https:\/\/work-foxx.com\/hr\/wp-json\/wp\/v2\/media\/57019"}],"wp:attachment":[{"href":"https:\/\/work-foxx.com\/hr\/wp-json\/wp\/v2\/media?parent=57022"}],"wp:term":[{"taxonomy":"product_brand","embeddable":true,"href":"https:\/\/work-foxx.com\/hr\/wp-json\/wp\/v2\/product_brand?post=57022"},{"taxonomy":"product_cat","embeddable":true,"href":"https:\/\/work-foxx.com\/hr\/wp-json\/wp\/v2\/product_cat?post=57022"},{"taxonomy":"product_tag","embeddable":true,"href":"https:\/\/work-foxx.com\/hr\/wp-json\/wp\/v2\/product_tag?post=57022"}],"curies":[{"name":"wp","href":"https:\/\/api.w.org\/{rel}","templated":true}]}}