{"id":57008,"date":"2025-05-30T10:14:22","date_gmt":"2025-05-30T10:14:22","guid":{"rendered":"https:\/\/work-foxx.com\/product\/lateks-rukavice-neochem\/"},"modified":"2025-05-30T10:14:22","modified_gmt":"2025-05-30T10:14:22","slug":"lateks-rukavice-neochem","status":"publish","type":"product","link":"https:\/\/work-foxx.com\/hr\/proizvod\/lateks-rukavice-neochem\/","title":{"rendered":"Lateks rukavice NEOCHEM"},"content":{"rendered":"<p>Lateks rukavice NEOCHEM<br \/>\n Neochem lateks rukavice izra\u0111ene su od prirodne gume (lateksa) s neoprenskim premazom. Otporne su na kemikalije i mehani\u010dke rizike. Prikladne su za rad u vla\u017enim i mokrim okru\u017eenjima gdje postoji mogu\u0107nost kontakta s kemikalijama.  <\/p>\n<p>Materijal: Lateks (prirodna guma)<br \/>\n Duljina: 30 cm<br \/>\n Proizvo\u0111a\u010d: Lacuna<br \/>\n Norma: EN ISO 21420:2020; EN ISO 374-1:2016+A1:2018\/ Tip A (AKLMNOPST); EN ISO 374-4:2019; EN ISO 374-5:2016; EN 388:2016+A1:2018 (2110X)<br \/>\n Veli\u010dina: 7\u201310<br \/>\n Pakiranje: 1 par<\/p>\n<p>Ako proizvod koji vam je potreban nije na zalihi ili ne mo\u017eete prona\u0107i \u017eeljeni proizvod u na\u0161oj internetskoj trgovini, molimo vas da nam po\u0161aljete upit putem kontakt obrasca ili na info@work-foxx.com. S na\u0161om partnerskom mre\u017eom poku\u0161at \u0107emo vam pru\u017eiti \u017eeljene proizvode ili skratiti vrijeme isporuke.<\/p>\n","protected":false},"excerpt":{"rendered":"<p>Neochem lateks rukavice izra\u0111ene su od prirodne gume (lateksa) s neoprenskim premazom. Otporne su na kemikalije i mehani\u010dke rizike. <\/p>\n","protected":false},"featured_media":57004,"comment_status":"open","ping_status":"closed","template":"","meta":{"_acf_changed":false,"inline_featured_image":false},"product_brand":[],"product_cat":[906,910,742],"product_tag":[],"class_list":{"0":"post-57008","1":"product","2":"type-product","3":"status-publish","4":"has-post-thumbnail","6":"product_cat-pvc-i-gumene-rukavice","7":"product_cat-rukavice-od-gume-neoprena-i-nitrila","8":"product_cat-zastita-ruku","10":"first","11":"instock","12":"taxable","13":"shipping-taxable","14":"purchasable","15":"product-type-variable"},"acf":[],"_links":{"self":[{"href":"https:\/\/work-foxx.com\/hr\/wp-json\/wp\/v2\/product\/57008","targetHints":{"allow":["GET"]}}],"collection":[{"href":"https:\/\/work-foxx.com\/hr\/wp-json\/wp\/v2\/product"}],"about":[{"href":"https:\/\/work-foxx.com\/hr\/wp-json\/wp\/v2\/types\/product"}],"replies":[{"embeddable":true,"href":"https:\/\/work-foxx.com\/hr\/wp-json\/wp\/v2\/comments?post=57008"}],"wp:featuredmedia":[{"embeddable":true,"href":"https:\/\/work-foxx.com\/hr\/wp-json\/wp\/v2\/media\/57004"}],"wp:attachment":[{"href":"https:\/\/work-foxx.com\/hr\/wp-json\/wp\/v2\/media?parent=57008"}],"wp:term":[{"taxonomy":"product_brand","embeddable":true,"href":"https:\/\/work-foxx.com\/hr\/wp-json\/wp\/v2\/product_brand?post=57008"},{"taxonomy":"product_cat","embeddable":true,"href":"https:\/\/work-foxx.com\/hr\/wp-json\/wp\/v2\/product_cat?post=57008"},{"taxonomy":"product_tag","embeddable":true,"href":"https:\/\/work-foxx.com\/hr\/wp-json\/wp\/v2\/product_tag?post=57008"}],"curies":[{"name":"wp","href":"https:\/\/api.w.org\/{rel}","templated":true}]}}