{"id":55029,"date":"2025-07-09T10:17:00","date_gmt":"2025-07-09T10:17:00","guid":{"rendered":"https:\/\/work-foxx.com\/product\/cargo-flex-radne-hlace\/"},"modified":"2026-03-30T11:34:01","modified_gmt":"2026-03-30T11:34:01","slug":"radne-hlace-cargo-flex","status":"publish","type":"product","link":"https:\/\/work-foxx.com\/hr\/proizvod\/radne-hlace-cargo-flex\/","title":{"rendered":"Radne hla\u010de CARGO FLEX"},"content":{"rendered":"<h1>Radne hla\u010de CARGO FLEX<\/h1>\n<p><span style=\"color: #000000;\">Radne hla\u010de kolekcije Cargo Flex modernog i elegantnog su izgleda. Izra\u0111ene su od pamu\u010dne tkanine s dodatkom elastana koji osigurava ve\u0107u fleksibilnost. Njihova je upotreba iznimno ugodna jer se tijekom rada raste\u017eu uz tijelo i osiguravaju nesmetan radni proces. Kop\u010daju se skrivenim patentnim zatvara\u010dem i gumbom u struku. Za ve\u0107u funkcionalnost imaju dva kosa d\u017eepa, dva bo\u010dna d\u017eepa i dva stra\u017enja d\u017eepa. Radne hla\u010de Cargo Flex pripadaju liniji radne odje\u0107e DYNAMIC WORK LINE, koja bolje pristaje va\u0161em tijelu i osigurava udobnost tijekom cjelodnevnog kori\u0161tenja. Radne hla\u010de su u\u017eeg, ergonomskog kroja koji ne ograni\u010dava kretanje tijela.<\/span><\/p>\n<h3>Materijalni sastav i tehni\u010dka svojstva<\/h3>\n<p><span style=\"color: #000000;\"><strong>Kroj:<\/strong>&nbsp;Slim fit<\/span><br \/>\n<span style=\"color: #000000;\"><strong>Linija:<\/strong>&nbsp;Dynamic work line<\/span><br \/>\n<span style=\"color: #000000;\"><strong>Materijal:<\/strong>&nbsp;98 % pamuk, 2 % elastan, 255 g\/m2<\/span><br \/>\n<span style=\"color: #000000;\"><strong>Odr\u017eavanje:<\/strong>&nbsp;Pranje u perilici rublja na 60 \u00b0C<\/span><\/p>\n<p><span style=\"color: #000000;\"><strong>Veli\u010dine:<\/strong><\/span><br \/>\n<span style=\"color: #000000;\">S (46)<\/span><br \/>\n<span style=\"color: #000000;\">M (48, 50)<\/span><br \/>\n<span style=\"color: #000000;\">L (52, 54)<\/span><br \/>\n<span style=\"color: #000000;\">XL (56, 58)<\/span><br \/>\n<span style=\"color: #000000;\">XXL (60, 62)<\/span><br \/>\n<span style=\"color: #000000;\">XXXL (64, 66)<\/span><\/p>\n<p><span style=\"color: #000000;\"><strong>Boja:<\/strong> Crna, siva, plava<\/span><br \/>\n<strong>Spol:<\/strong>&nbsp;Unisex<br \/>\n<strong>Proizvo\u0111a\u010d:<\/strong>&nbsp;<a rel=\"nofollow\" href=\"https:\/\/www.lacuna.hr\/\">Lacuna<\/a><br \/>\n<strong>Standard:<\/strong>&nbsp;EN 13688<\/p>\n<h3>Opis standarda<\/h3>\n<p><span style=\"color: #000000;\">EN ISO 13688 odre\u0111uje op\u0107e zahtjeve u\u010dinkovitosti za ergonomiju, sigurnost, oznaku veli\u010dine, starenje, kompatibilnost i oznake za\u0161titne odje\u0107e te informacije koje treba pru\u017eiti proizvo\u0111a\u010d za\u0161titne odje\u0107e.<\/span><\/p>\n<h3>Opis kolekcije<\/h3>\n<p data-end=\"1382\" data-start=\"1131\">Kolekcija CARGO FLEX uklju\u010duje moderne radne hla\u010de dizajnirane za aktivan rad. Namijenjena je korisnicima koji trebaju fleksibilnost, udobnost i prakti\u010dan raspored d\u017eepova. Sportsko-radni dizajn pru\u017ea profesionalan izgled u razli\u010ditim radnim uvjetima.<\/p>\n<p data-end=\"1622\" data-start=\"1384\">Hla\u010de su izra\u0111ene od izdr\u017eljive rastezljive tkanine koja osigurava dugotrajnost i udobno no\u0161enje. FLEX konstrukcija pove\u0107ava slobodu kretanja tijekom svakodnevnih zadataka. Materijal je prikladan za \u010desto no\u0161enje i jednostavno odr\u017eavanje.<\/p>\n<p data-end=\"1839\" data-start=\"1624\">Vi\u0161enamjenski cargo d\u017eepovi omogu\u0107uju prakti\u010dno spremanje alata i dodataka. Oja\u010dani dijelovi pove\u0107avaju otpornost na habanje na klju\u010dnim zonama. CARGO FLEX je pouzdan izbor za fleksibilne i funkcionalne radne hla\u010de.<\/p>\n<p><i>Radnu odje\u0107u mogu\u0107e je personalizirati strojnim vezom ili tiskom. Vi\u0161e o personalizaciji mo\u017eete pro\u010ditati na stranici &#8220;<\/i><a href=\"https:\/\/work-foxx.com\/hr\/personalizacija-radne-odjece\/\"><i>Personalizacija radne odje\u0107e<\/i><\/a><i>&#8221; na dnu stranice.<\/i><\/p>\n","protected":false},"excerpt":{"rendered":"<p>Radne hla\u010de Cargo Flex kop\u010daju se skrivenim patentnim zatvara\u010dem i imaju \u0161est funkcionalnih d\u017eepova. Hla\u010de pripadaju liniji odje\u0107e DYNAMIC WORK LINE.<\/p>\n","protected":false},"featured_media":62115,"comment_status":"open","ping_status":"closed","template":"","meta":{"_acf_changed":false,"inline_featured_image":false},"product_brand":[],"product_cat":[784,1127,1143],"product_tag":[],"class_list":{"0":"post-55029","1":"product","2":"type-product","3":"status-publish","4":"has-post-thumbnail","6":"product_cat-odjeca","7":"product_cat-radna-odjeca","8":"product_cat-radne-hlace","10":"first","11":"instock","12":"taxable","13":"shipping-taxable","14":"purchasable","15":"product-type-variable"},"acf":[],"_links":{"self":[{"href":"https:\/\/work-foxx.com\/hr\/wp-json\/wp\/v2\/product\/55029","targetHints":{"allow":["GET"]}}],"collection":[{"href":"https:\/\/work-foxx.com\/hr\/wp-json\/wp\/v2\/product"}],"about":[{"href":"https:\/\/work-foxx.com\/hr\/wp-json\/wp\/v2\/types\/product"}],"replies":[{"embeddable":true,"href":"https:\/\/work-foxx.com\/hr\/wp-json\/wp\/v2\/comments?post=55029"}],"wp:featuredmedia":[{"embeddable":true,"href":"https:\/\/work-foxx.com\/hr\/wp-json\/wp\/v2\/media\/62115"}],"wp:attachment":[{"href":"https:\/\/work-foxx.com\/hr\/wp-json\/wp\/v2\/media?parent=55029"}],"wp:term":[{"taxonomy":"product_brand","embeddable":true,"href":"https:\/\/work-foxx.com\/hr\/wp-json\/wp\/v2\/product_brand?post=55029"},{"taxonomy":"product_cat","embeddable":true,"href":"https:\/\/work-foxx.com\/hr\/wp-json\/wp\/v2\/product_cat?post=55029"},{"taxonomy":"product_tag","embeddable":true,"href":"https:\/\/work-foxx.com\/hr\/wp-json\/wp\/v2\/product_tag?post=55029"}],"curies":[{"name":"wp","href":"https:\/\/api.w.org\/{rel}","templated":true}]}}