{"id":54867,"date":"2025-07-09T08:33:00","date_gmt":"2025-07-09T08:33:00","guid":{"rendered":"https:\/\/work-foxx.com\/product\/move-flex-radne-kratke-hlace\/"},"modified":"2026-03-30T11:34:03","modified_gmt":"2026-03-30T11:34:03","slug":"radne-kratke-hlace-move-flex","status":"publish","type":"product","link":"https:\/\/work-foxx.com\/hr\/proizvod\/radne-kratke-hlace-move-flex\/","title":{"rendered":"Radne kratke hla\u010de MOVE FLEX"},"content":{"rendered":"<h1>Radne kratke hla\u010de MOVE FLEX<\/h1>\n<p><span style=\"color: #000000;\">Radne kratke hla\u010de kolekcije Move Flex modernog su izgleda. Izra\u0111ene su od izdr\u017eljive, prozra\u010dne i elasti\u010dne mje\u0161avine poliamida i elastina. Lagana funkcionalna tkanina se ne gu\u017eva i vrlo brzo su\u0161i. Nudi izuzetnu udobnost, jednostavno odr\u017eavanje i izvrstan je izbor za rad u ljetnim mjesecima. Kop\u010daju se skrivenim patentnim zatvara\u010dem i gumbom u struku. Imaju dva prednja d\u017eepa, dva stra\u017enja d\u017eepa i prakti\u010dni bo\u010dni d\u017eep s nekoliko pretinaca koji pru\u017eaju ve\u0107u funkcionalnost. Elementi u boji na d\u017eepovima i na struku osiguravaju atraktivan izgled. Radne kratke hla\u010de kolekcije Move Flex pripadaju liniji radne odje\u0107e PRESTIGE WORK LINE, koja savr\u0161eno pristaje va\u0161em tijelu i osigurava udobnost tijekom cjelodnevnog kori\u0161tenja. Radne hla\u010de su u\u017eeg, ergonomskog kroja.<\/span><\/p>\n<h3>Materijalni sastav i tehni\u010dka svojstva<\/h3>\n<p><span style=\"color: #000000;\"><strong>Kroj:<\/strong>&nbsp;Slim fit<\/span><br \/>\n<span style=\"color: #000000;\"><strong>Linija:<\/strong>&nbsp;Prestige work line<\/span><br \/>\n<span style=\"color: #000000;\"><strong>Material:<\/strong>&nbsp;90 % poliamid, 10 % elastan, 260 g\/m2<\/span><br \/>\n<span style=\"color: #000000;\"><strong>Odr\u017eavanje:<\/strong>&nbsp;Pranje u perilici rublja na 30 \u00b0C<\/span><\/p>\n<p><span style=\"color: #000000;\"><strong>Veli\u010dine:<\/strong><\/span><br \/>\n<span style=\"color: #000000;\">S (46)<\/span><br \/>\n<span style=\"color: #000000;\">M (48, 50)<\/span><br \/>\n<span style=\"color: #000000;\">L (52, 54)<\/span><br \/>\n<span style=\"color: #000000;\">XL (56, 58)<\/span><br \/>\n<span style=\"color: #000000;\">XXL (60, 62)<\/span><br \/>\n<span style=\"color: #000000;\">XXXL (64, 66)<\/span><\/p>\n<p><span style=\"color: #000000;\"><strong>Boja:<\/strong> Siva sa zelenim elementima, plava s naran\u010dastim elementima<\/span><br \/>\n<strong>Spol:<\/strong>&nbsp;Unisex<br \/>\n<strong>Proizvo\u0111a\u010d:<\/strong>&nbsp;<a rel=\"nofollow\" href=\"https:\/\/www.lacuna.hr\/\">Lacuna<\/a><br \/>\n<strong>Standard:<\/strong>&nbsp;EN 13688<\/p>\n<h3>Opis standarda<\/h3>\n<p><span style=\"color: #000000;\">EN ISO 13688 odre\u0111uje op\u0107e zahtjeve u\u010dinkovitosti za ergonomiju, sigurnost, oznaku veli\u010dine, starenje, kompatibilnost i oznake za\u0161titne odje\u0107e te informacije koje treba pru\u017eiti proizvo\u0111a\u010d za\u0161titne odje\u0107e.<\/span><\/p>\n<h3>Opis kolekcije<\/h3>\n<p data-end=\"1191\" data-start=\"943\">Kolekcija MOVE FLEX kombinira moderan sportski izgled i naprednu fleksibilnost radne odje\u0107e. Namijenjena je korisnicima koji trebaju udobnost i slobodu kretanja tijekom rada. Dinami\u010dan dizajn pru\u017ea profesionalan izgled u razli\u010ditim radnim uvjetima.<\/p>\n<p data-end=\"1430\" data-start=\"1193\">Odje\u0107a je izra\u0111ena od rastezljivih materijala koji osiguravaju prilagodljivost i prozra\u010dnost. FLEX tehnologija pobolj\u0161ava ergonomiju i prati prirodne pokrete tijela. Lagana konstrukcija omogu\u0107uje ugodno no\u0161enje tijekom dugih radnih sati.<\/p>\n<p data-end=\"1653\" data-start=\"1432\">Kolekcija uklju\u010duje radne hla\u010de, jakne i druge funkcionalne komade za svakodnevni rad. Prakti\u010dni d\u017eepovi omogu\u0107uju organizirano spremanje alata i dodataka. MOVE FLEX je pouzdan izbor za modernu i fleksibilnu radnu opremu.<\/p>\n<p><i><span style=\"font-weight: 400;\">Radnu odje\u0107u mogu\u0107e je personalizirati strojnim vezom ili tiskom. Vi\u0161e o personalizaciji mo\u017eete pro\u010ditati na stranici &#8220;<\/span><\/i><a href=\"https:\/\/work-foxx.com\/hr\/personalizacija-radne-odjece\/\"><i><span style=\"font-weight: 400;\">Personalizacija radne odje\u0107e<\/span><\/i><\/a><i><span style=\"font-weight: 400;\">&#8221; na dnu stranice.<\/span><\/i><\/p>\n","protected":false},"excerpt":{"rendered":"<p>Elasti\u010dne radne kratke hla\u010de Move Flex osiguravaju potpunu slobodu kretanja. Brojni prakti\u010dni d\u017eepovi osiguravaju ve\u0107u funkcionalnost.<\/p>\n","protected":false},"featured_media":62091,"comment_status":"open","ping_status":"closed","template":"","meta":{"_acf_changed":false,"inline_featured_image":false},"product_brand":[],"product_cat":[784,1127,656],"product_tag":[],"class_list":{"0":"post-54867","1":"product","2":"type-product","3":"status-publish","4":"has-post-thumbnail","6":"product_cat-odjeca","7":"product_cat-radna-odjeca","8":"product_cat-radne-kratke-hlace","10":"first","11":"instock","12":"taxable","13":"shipping-taxable","14":"purchasable","15":"product-type-variable"},"acf":[],"_links":{"self":[{"href":"https:\/\/work-foxx.com\/hr\/wp-json\/wp\/v2\/product\/54867","targetHints":{"allow":["GET"]}}],"collection":[{"href":"https:\/\/work-foxx.com\/hr\/wp-json\/wp\/v2\/product"}],"about":[{"href":"https:\/\/work-foxx.com\/hr\/wp-json\/wp\/v2\/types\/product"}],"replies":[{"embeddable":true,"href":"https:\/\/work-foxx.com\/hr\/wp-json\/wp\/v2\/comments?post=54867"}],"wp:featuredmedia":[{"embeddable":true,"href":"https:\/\/work-foxx.com\/hr\/wp-json\/wp\/v2\/media\/62091"}],"wp:attachment":[{"href":"https:\/\/work-foxx.com\/hr\/wp-json\/wp\/v2\/media?parent=54867"}],"wp:term":[{"taxonomy":"product_brand","embeddable":true,"href":"https:\/\/work-foxx.com\/hr\/wp-json\/wp\/v2\/product_brand?post=54867"},{"taxonomy":"product_cat","embeddable":true,"href":"https:\/\/work-foxx.com\/hr\/wp-json\/wp\/v2\/product_cat?post=54867"},{"taxonomy":"product_tag","embeddable":true,"href":"https:\/\/work-foxx.com\/hr\/wp-json\/wp\/v2\/product_tag?post=54867"}],"curies":[{"name":"wp","href":"https:\/\/api.w.org\/{rel}","templated":true}]}}