{"id":48841,"date":"2024-08-20T18:01:44","date_gmt":"2024-08-20T18:01:44","guid":{"rendered":"https:\/\/work-foxx.com\/?post_type=product&#038;p=48841"},"modified":"2024-11-17T00:03:38","modified_gmt":"2024-11-17T00:03:38","slug":"outdoor-hlace-puma-pro-one-plave","status":"publish","type":"product","link":"https:\/\/work-foxx.com\/hr\/proizvod\/outdoor-hlace-puma-pro-one-plave\/","title":{"rendered":"Outdoor hla\u010de PUMA Pro One, plave"},"content":{"rendered":"<h2>Outdoor hla\u010de PUMA Workwear Pro One<\/h2>\n<p>Outdoor hla\u010de PUMA Workwear dio su vrhunske kolekcije Pro One koja je dizajnirana posebno za radne aktivnosti na otvorenom i nudi savr\u0161enu kombinaciju funkcionalnosti i udobnosti. Opremljene su mnogim zna\u010dajkama koje \u0107e va\u0161e iskustvo na otvorenom podi\u0107i na novu razinu. Prostrani d\u017eepovi nude dovoljno prostora za pohranjivanje va\u0161ih osnovnih stvari, dok elasti\u010dni pojas i podesive man\u0161ete za noge osiguravaju optimalno pristajanje. Planinarenje, pecanje, penjanje ili vo\u017enja kanuom? Bez obzira \u0161to radije radili &#8211; Pro One vas prati posvuda i fleksibilno se prilago\u0111ava va\u0161im potrebama.<\/p>\n<h3>Materijalni sastav i tehni\u010dka svojstva<\/h3>\n<p><strong>Materijal:<\/strong> 92% najlon, 8% elastin, 220gr\/m\u00b2<br \/>\n<strong>Veli\u010dine:<\/strong> S &#8211; 3XL<br \/>\n<strong>Odr\u017eavanje:<\/strong> Pranje u perilici rublja na 60 \u00b0C<\/p>\n<p><strong>Boja:<\/strong> Nebesko plava s antracit sivim dodacima<br \/>\n<strong>Model:<\/strong> Mu\u0161ki \/ Unisex<br \/>\n<strong>Proizvo\u0111a\u010d:<\/strong> <a href=\"https:\/\/pumaworkwear.de\/en\/home\/\" rel=\"nofollow\">PUMA Workwear<\/a><\/p>\n<ul>\n<li>\n<h4><strong>PREMIUM MATERIJAL<\/strong><\/h4>\n<\/li>\n<\/ul>\n<p>Hla\u010de su izra\u0111ene od izdr\u017eljivog, prozra\u010dnog rastezljivog materijala koji omogu\u0107uje maksimalnu slobodu kretanja i fleksibilnost. Sjedalo i dio za koljena dodatno su oja\u010dani robusnom tkaninom koja ne samo da odbija prljav\u0161tinu i vodu, ve\u0107 i \u0161titi korisnika pri velikim optere\u0107enjima. Zahvaljuju\u0107i kombinaciji 4-smjernog rastezanja i najlonskih oja\u010danja u podru\u010djima pod stresom, potpuno ste opremljeni za svoju sljede\u0107u avanturu. Inovativni, ergonomski mre\u017easti ventilacijski otvori ne samo da pru\u017eaju prvoklasnu udobnost, ve\u0107 i u\u010dinkovitu kompenzaciju topline.<\/p>\n<ul>\n<li>\n<h3><strong>OPTIMALNO PRILAGANJE<\/strong><\/h3>\n<\/li>\n<\/ul>\n<p>Dok gornja tkanina pru\u017ea za\u0161titu od lagane ki\u0161e ili vlage, ventilacijski otvori s vanjske strane nogavica imaju mre\u017easti umetak koji osigurava optimalnu ventilaciju i hladi vas \u010dak i tijekom najintenzivnijih radnih aktivnosti u prirodi. Za maksimalnu fleksibilnost, mre\u017easti umeci mogu se otvarati i zatvarati patentnim zatvara\u010dem.<\/p>\n<ul>\n<li>\n<h3><strong>PODESIVE MAN\u017dETE<\/strong><\/h3>\n<\/li>\n<\/ul>\n<p>Elasti\u010dne man\u0161ete hla\u010da tako\u0111er su opremljene gumbima za kop\u010danje koji sprje\u010davaju ulazak prljav\u0161tine, vlage i drugih nadra\u017euju\u0107ih tvari.<\/p>\n<ul>\n<li>\n<h3><strong>PUNO SKLADI\u0160NOG PROSTORA<\/strong><\/h3>\n<\/li>\n<\/ul>\n<p>Hla\u010de imaju dva kosa d\u017eepa, dva d\u017eepa na bedrima, prakti\u010dni d\u017eep za mobitel i dodatni mali d\u017eep iznad stra\u017enjice. Zahvaljuju\u0107i optimalnom rasporedu, va\u0161i osobni predmeti su sigurni i ne ometaju vas pri kretanju.<\/p>\n<ul>\n<li>\n<h3><strong>KULTNI PUMA DIZAJN<\/strong><\/h3>\n<\/li>\n<\/ul>\n<p>Kolekcija Pro-One spaja funkcionalnost i stil sa svojim modernim dizajnom i visokokvalitetnom izradom. Izdr\u017eljiv, robustan materijal \u0161titi vas od prljav\u0161tine i habanja, dok prozra\u010dna rastezljiva tkanina osigurava udobno pristajanje. Zahvaljuju\u0107i PUMA-inom prepoznatljivom dizajnu, ne morate raditi kompromise po pitanju stila. PUMA Pro One outdoor hla\u010de mo\u017eete kombinirati sa svom odje\u0107om ili nadograditi svoj izgled drugim PUMA Workwear predmetima.<\/p>\n<p><i>Puma Workwear dio je project kolekcije odje\u0107e. Za narud\u017ebu je potrebno poslati upit. Odje\u0107u je mogu\u0107e personalizirati strojnim vezom ili tiskom. Vi\u0161e o personalizaciji mo\u017eete pro\u010ditati na stranici &#8220;<\/i><a href=\"https:\/\/work-foxx.com\/hr\/personalizacija-radne-odjece\/\"><i>Personalizacija radne odje\u0107e<\/i><\/a><i>&#8221; na dnu stranice.<\/i><\/p>\n","protected":false},"excerpt":{"rendered":"<p>PUMA Workwear outdoor hla\u010de u nebesko plavoj boji dio su vrhunske kolekcije Pro One koja je dizajnirana posebno za radne aktivnosti na otvorenom.<\/p>\n","protected":false},"featured_media":48872,"comment_status":"open","ping_status":"closed","template":"","meta":{"_acf_changed":false,"inline_featured_image":false},"product_brand":[],"product_cat":[2025,784,675],"product_tag":[],"class_list":{"0":"post-48841","1":"product","2":"type-product","3":"status-publish","4":"has-post-thumbnail","6":"product_cat-hlace-hr","7":"product_cat-odjeca","8":"product_cat-sezonska-odjeca","10":"first","11":"instock","12":"taxable","13":"shipping-taxable","14":"purchasable","15":"product-type-variable"},"acf":[],"_links":{"self":[{"href":"https:\/\/work-foxx.com\/hr\/wp-json\/wp\/v2\/product\/48841","targetHints":{"allow":["GET"]}}],"collection":[{"href":"https:\/\/work-foxx.com\/hr\/wp-json\/wp\/v2\/product"}],"about":[{"href":"https:\/\/work-foxx.com\/hr\/wp-json\/wp\/v2\/types\/product"}],"replies":[{"embeddable":true,"href":"https:\/\/work-foxx.com\/hr\/wp-json\/wp\/v2\/comments?post=48841"}],"wp:featuredmedia":[{"embeddable":true,"href":"https:\/\/work-foxx.com\/hr\/wp-json\/wp\/v2\/media\/48872"}],"wp:attachment":[{"href":"https:\/\/work-foxx.com\/hr\/wp-json\/wp\/v2\/media?parent=48841"}],"wp:term":[{"taxonomy":"product_brand","embeddable":true,"href":"https:\/\/work-foxx.com\/hr\/wp-json\/wp\/v2\/product_brand?post=48841"},{"taxonomy":"product_cat","embeddable":true,"href":"https:\/\/work-foxx.com\/hr\/wp-json\/wp\/v2\/product_cat?post=48841"},{"taxonomy":"product_tag","embeddable":true,"href":"https:\/\/work-foxx.com\/hr\/wp-json\/wp\/v2\/product_tag?post=48841"}],"curies":[{"name":"wp","href":"https:\/\/api.w.org\/{rel}","templated":true}]}}