{"id":46047,"date":"2024-08-18T09:47:00","date_gmt":"2024-08-18T09:47:00","guid":{"rendered":"https:\/\/work-foxx.com\/?post_type=product&#038;p=46047"},"modified":"2026-04-15T00:43:16","modified_gmt":"2026-04-15T00:43:16","slug":"visoke-zastitne-cipele-boston-s3s","status":"publish","type":"product","link":"https:\/\/work-foxx.com\/hr\/proizvod\/visoke-zastitne-cipele-boston-s3s\/","title":{"rendered":"Visoke za\u0161titne cipele BOSTON S3S"},"content":{"rendered":"<h1>Visoke za\u0161titne cipele BOSTON S3S<\/h1>\n<p>Visoke za\u0161titne cipele Boston imaju za\u0161titnu kapicu i klasificirane su u za\u0161titnu klasu S3S. Za\u0161titna kapica i sigurnosni ulo\u017eak izra\u0111eni su od kompozitnog materijala, \u0161to smanjuje te\u017einu za\u0161titnih cipela. Izra\u0111ene su od crne mikrofibre koja ne upija vodu i omogu\u0107uje jednostavno \u010di\u0161\u0107enje. Vanjska za\u0161titna kapica (SC) osigurava manje habanja prednjeg dijela cipele. Podstava za\u0161titne cipele izra\u0111ena je od prozra\u010dne 3-D tkanine sa SmellStop tehnologijom. Podstavljeni jezik pru\u017ea ve\u0107u udobnost i bolju za\u0161titu. Ulo\u017eak s Dry&#8217;n Air COMFORT CUBE 3 tehnologijom pru\u017ea ve\u0107u prozra\u010dnost i omogu\u0107uje disanje stopala. Time se sprje\u010dava stvaranje bakterija i gljivica. Cipele imaju inovativni potplat koji kombinira AirTech, Tpu-skin i HiFlap tehnologije. Nova tehnologija potplata s visokim profilom potpetice osigurava lak korak u svakom okru\u017eenju. Potplat ima dodatno oja\u010danje od termoplasti\u010dnog poliuretana (TPU) u petnom dijelu, dok piramidalni otvori u prednjem dijelu cipele osiguravaju bolju amortizaciju i ve\u0107u stabilnost stopala. Potplat je pogodan za rad na ljestvama (LG), otporan je na probijanje (P), antistati\u010dan i pru\u017ea izuzetnu za\u0161titu od klizanja na keramici i metalu (SR). Visoke za\u0161titne cipele Boston nude za\u0161titu od elektrostati\u010dkog pra\u017enjenja (ESD).<\/p>\n<h3>Materijalni sastav i tehni\u010dka svojstva<\/h3>\n<p><strong>Vanjski materijal:<\/strong> Mikrofibra<br \/>\n<strong>Podstava:<\/strong> 3-D mre\u017ea, SmellStop tehnologija, 100% antibakterijski<br \/>\n<strong>Ulo\u017eak:<\/strong> Dry&#8217;n Air COMFORT CUBE 3 tehnologija<br \/>\n<strong>Potplat:<\/strong>&nbsp;Dvoslojni, poliuretan (PU) \/ termoplasti\u010dni poliuretan (TPU)<br \/>\n<strong>Zatvaranje:<\/strong> Vezice<\/p>\n<p><strong>Veli\u010dine:<\/strong> 36 &#8211; 48<br \/>\n<strong>Boja:<\/strong> Crna s plavim i \u017eutim dodacima<br \/>\n<strong>Model:<\/strong> Mu\u0161ki \/ \u017eenski, visok<br \/>\n<strong>Proizvo\u0111a\u010d:<\/strong> <a href=\"https:\/\/www.baseprotection.com\/\">Base<\/a><\/p>\n<p><strong>Tehni\u010dke karakteristike:<\/strong> S3S ESD LG SC FO SR<br \/>\n<strong>Za\u0161tita prstiju:<\/strong> Za\u0161titna kapica (SB), kompozitna, SlimCap<br \/>\n<strong>Za\u0161tita potplata:<\/strong> Sigurnosni ulo\u017eak, kompozit<br \/>\n<strong>Standard:<\/strong> EN ISO 20345:2022<\/p>\n<h3>Opis standarda<\/h3>\n<p>Norma EN ISO 20345 utvr\u0111uje osnovne zahtjeve i (po izboru) dodatne zahtjeve za za\u0161titnu obu\u0107u. Obu\u0107a koja je u skladu s normom EN ISO 20345 mora imati specifi\u010dan oblik, za\u0161titu za prste, protuklizni potplat, ergonomska svojstva, gornji dio obu\u0107e, \u010dvrsto\u0107u i mora zadovoljiti tra\u017eene kriterije ispitivanja. Za\u0161titna obu\u0107a s kapom prikladna je za rad gdje postoji velika mogu\u0107nost ozljeda uslijed mehani\u010dkih utjecaja.<\/p>\n<h3><strong>Opis tehnologija<\/strong><\/h3>\n<p>&#8211; Ulo\u017eak sa <strong>SmellStop\u00ae<\/strong> tehnologijom, koja sprje\u010dava nastanak bakterija i gljivica koje se razvijaju u obu\u0107i i uzrokuju neugodne mirise.<br \/>\n&#8211; <strong>Dry&#8217;n Air\u00ae<\/strong> tehnologija osigurava prozra\u010dnost odnosno cirkulaciju zraka unutar obu\u0107e. Mo\u017ee se integrirati u fiksni ili uklonjivi ulo\u017eak cipele.<br \/>\n&#8211; <strong>Tpu-Skin\u00ae<\/strong> omogu\u0107uje smanjenje tvrdo\u0107e i debljine potplata u nevjerojatnoj mjeri, a rezultat je ve\u0107a fleksibilnost i osje\u0107aj kao da hodate po mekom jastuku.<br \/>\n&#8211; Kombinacija <strong>Hiflap\u00ae<\/strong> tehnologije i dizajna s piramidalnim otvorima smanjuje umor i pru\u017ea pomo\u0107 pri hodu uz amortizaciju, disipaciju, povrat energije i pru\u017ea ve\u0107u stabilnost tijekom kretanja.<\/p>\n<p><em>Savjete za odabir pravih radnih cipela za va\u0161e potrebe mo\u017eete prona\u0107i u segmentu &#8220;<a href=\"https:\/\/work-foxx.com\/hr\/savjeti\/\">Savjeti stru\u010dnjaka<\/a>&#8220;.<\/em><\/p>\n","protected":false},"excerpt":{"rendered":"<p>Visoke za\u0161titne cipele Boston imaju za\u0161titnu kapicu i klasificirane su u za\u0161titnu klasu S3S. Izra\u0111ene su od crne mikrofibre i imaju antibakterijsku postavu.<\/p>\n","protected":false},"featured_media":46076,"comment_status":"open","ping_status":"closed","template":"","meta":{"_acf_changed":false,"inline_featured_image":false},"product_brand":[],"product_cat":[1013,1045,1042],"product_tag":[],"class_list":{"0":"post-46047","1":"product","2":"type-product","3":"status-publish","4":"has-post-thumbnail","6":"product_cat-obuca","7":"product_cat-visoke-zastitne-cipele","8":"product_cat-zastitne-cipele","10":"first","11":"instock","12":"taxable","13":"shipping-taxable","14":"purchasable","15":"product-type-variable"},"acf":[],"_links":{"self":[{"href":"https:\/\/work-foxx.com\/hr\/wp-json\/wp\/v2\/product\/46047","targetHints":{"allow":["GET"]}}],"collection":[{"href":"https:\/\/work-foxx.com\/hr\/wp-json\/wp\/v2\/product"}],"about":[{"href":"https:\/\/work-foxx.com\/hr\/wp-json\/wp\/v2\/types\/product"}],"replies":[{"embeddable":true,"href":"https:\/\/work-foxx.com\/hr\/wp-json\/wp\/v2\/comments?post=46047"}],"wp:featuredmedia":[{"embeddable":true,"href":"https:\/\/work-foxx.com\/hr\/wp-json\/wp\/v2\/media\/46076"}],"wp:attachment":[{"href":"https:\/\/work-foxx.com\/hr\/wp-json\/wp\/v2\/media?parent=46047"}],"wp:term":[{"taxonomy":"product_brand","embeddable":true,"href":"https:\/\/work-foxx.com\/hr\/wp-json\/wp\/v2\/product_brand?post=46047"},{"taxonomy":"product_cat","embeddable":true,"href":"https:\/\/work-foxx.com\/hr\/wp-json\/wp\/v2\/product_cat?post=46047"},{"taxonomy":"product_tag","embeddable":true,"href":"https:\/\/work-foxx.com\/hr\/wp-json\/wp\/v2\/product_tag?post=46047"}],"curies":[{"name":"wp","href":"https:\/\/api.w.org\/{rel}","templated":true}]}}