{"id":45500,"date":"2024-07-01T13:00:00","date_gmt":"2024-07-01T13:00:00","guid":{"rendered":"https:\/\/work-foxx.com\/product\/carape-thermo-ms-1\/"},"modified":"2026-04-01T09:54:23","modified_gmt":"2026-04-01T09:54:23","slug":"carape-thermo-ms-1","status":"publish","type":"product","link":"https:\/\/work-foxx.com\/hr\/proizvod\/carape-thermo-ms-1\/","title":{"rendered":"\u010carape Thermo MS 1"},"content":{"rendered":"<h1>\u010carape Thermo MS 1<\/h1>\n<p>\u010carape Thermo MS 1 savr\u0161eno pristaju. Ove \u010darape su 100% sinteti\u010dke, stoga su izuzetno \u010dvrste i tople. Idealne su za ljude koji moraju raditi u hladnim uvjetima. Zbog izvrsne regulacije vlage stopala ostaju ugodno suha. \u010carape su lagane i odr\u017eavaju va\u0161a stopala svje\u017eima cijeli dan zahvaljuju\u0107i izvrsnoj prozra\u010dnosti.<\/p>\n<h3>Materijalni sastav i tehni\u010dka svojstva<\/h3>\n<p><strong>Material: <\/strong>1% Lycra\u00ae (elastan), 24% poliamid, 75% Thermolite\u00ae (poliester)<br \/>\n<strong>Svojstva:<\/strong> Pogodne za rad u hladnim uvjetima<br \/>\n<strong>Zna\u010dajke:<\/strong> Za\u0161tita gle\u017enja, Potpora za luk, Flex Fit, Apsorpcija udaraca, Ventilacija<br \/>\n<strong>Visina:<\/strong> Standardna<\/p>\n<p><strong>Veli\u010dine:<\/strong>&nbsp;35-38, 39-42, 43-46, 47-50<br \/>\n<strong>Boja:<\/strong> Crna<br \/>\n<strong>Proizvo\u0111a\u010d:<\/strong>&nbsp;<a rel=\"nofollow\" href=\"https:\/\/www.bataindustrials.com\/\">Bata Industrials<\/a><br \/>\n<strong>Odr\u017eavanje:<\/strong> Perite u perilici rublja na 40\u00b0C (ne preporu\u010duje se kemijsko \u010di\u0161\u0107enje, su\u0161enje u su\u0161ilici i gla\u010danje)<\/p>\n<p><em>Savjete za odabir pravih radnih \u010darapa za va\u0161 posao mo\u017eete prona\u0107i u segmentu &#8220;<a href=\"https:\/\/work-foxx.com\/hr\/savjeti\/\">Savjeti stru\u010dnjaka<\/a>&#8220;.<\/em><\/p>\n","protected":false},"excerpt":{"rendered":"<p>Radne \u010darape Thermo MS 1 savr\u0161eno pristaju i izuzetno su \u010dvrste i tople. Idealne su za ljude koji moraju raditi u hladnim uvjetima.<\/p>\n","protected":false},"featured_media":41075,"comment_status":"open","ping_status":"closed","template":"","meta":{"_acf_changed":false,"inline_featured_image":false},"product_brand":[],"product_cat":[1024,1013,1979],"product_tag":[],"class_list":{"0":"post-45500","1":"product","2":"type-product","3":"status-publish","4":"has-post-thumbnail","6":"product_cat-carape-i-dodaci","7":"product_cat-obuca","8":"product_cat-radne-carape","10":"first","11":"instock","12":"taxable","13":"shipping-taxable","14":"purchasable","15":"product-type-variable"},"acf":[],"_links":{"self":[{"href":"https:\/\/work-foxx.com\/hr\/wp-json\/wp\/v2\/product\/45500","targetHints":{"allow":["GET"]}}],"collection":[{"href":"https:\/\/work-foxx.com\/hr\/wp-json\/wp\/v2\/product"}],"about":[{"href":"https:\/\/work-foxx.com\/hr\/wp-json\/wp\/v2\/types\/product"}],"replies":[{"embeddable":true,"href":"https:\/\/work-foxx.com\/hr\/wp-json\/wp\/v2\/comments?post=45500"}],"wp:featuredmedia":[{"embeddable":true,"href":"https:\/\/work-foxx.com\/hr\/wp-json\/wp\/v2\/media\/41075"}],"wp:attachment":[{"href":"https:\/\/work-foxx.com\/hr\/wp-json\/wp\/v2\/media?parent=45500"}],"wp:term":[{"taxonomy":"product_brand","embeddable":true,"href":"https:\/\/work-foxx.com\/hr\/wp-json\/wp\/v2\/product_brand?post=45500"},{"taxonomy":"product_cat","embeddable":true,"href":"https:\/\/work-foxx.com\/hr\/wp-json\/wp\/v2\/product_cat?post=45500"},{"taxonomy":"product_tag","embeddable":true,"href":"https:\/\/work-foxx.com\/hr\/wp-json\/wp\/v2\/product_tag?post=45500"}],"curies":[{"name":"wp","href":"https:\/\/api.w.org\/{rel}","templated":true}]}}