{"id":45470,"date":"2024-07-01T13:00:00","date_gmt":"2024-07-01T13:00:00","guid":{"rendered":"https:\/\/work-foxx.com\/product\/carape-thermo-ml-eco\/"},"modified":"2026-04-01T09:54:24","modified_gmt":"2026-04-01T09:54:24","slug":"carape-thermo-ml-eco","status":"publish","type":"product","link":"https:\/\/work-foxx.com\/hr\/proizvod\/carape-thermo-ml-eco\/","title":{"rendered":"\u010carape Thermo ML Eco"},"content":{"rendered":"<h1>\u010carape Thermo ML Eco<\/h1>\n<p>\u010carape Thermo ML Eco debele su visoke radne \u010darape. Izra\u0111ene su od merino vune koja osigurava da su stopala ugodno topla i suha. Merino vuna ne svrbi i odr\u017eava ravnomjernu temperaturu ko\u017ee. Upija 30% vlage bez osje\u0107aja mokre i prirodno je elasti\u010dan, otporan na prljav\u0161tinu i antibakterijski. Zahvaljuju\u0107i Bekinox metalnim vlaknima, \u010darape vas \u0161tite od elektrostati\u010dkog pra\u017enjenja (ESD). Pro-Cool\u00aeEcoMade poliesterska pre\u0111a ugra\u0111ena je u \u010darapu koja regulira vlagu i odr\u017eava va\u0161a stopala hladnima.<\/p>\n<h3>Materijalni sastav i tehni\u010dka svojstva<\/h3>\n<p><strong>Material:&nbsp;<\/strong>52% Merino vuna, 22% poliamid, 16% Pro-Cool\u00aeEcoMade (poliester), 8% Amicor\u00ae, (akril), 1% Lycra\u00ae (elastan), 1% Bekinox\u00ae (metalna vlakna)<br \/>\n<strong>Svojstva:<\/strong> Amicor\u00ae antibakterijsko vlakno<br \/>\n<strong>Zna\u010dajke:<\/strong> Anatomski oblikovan ulo\u017eak, lijeva i desna nogavica, amortizacija, ESD<br \/>\n<strong>Visina:<\/strong> Visoka<\/p>\n<p><strong>Veli\u010dine:<\/strong>&nbsp;35-38, 39-42, 43-46, 47-50<br \/>\n<strong>Boja:<\/strong> Crna<br \/>\n<strong>Proizvo\u0111a\u010d:<\/strong>&nbsp;<a rel=\"nofollow\" href=\"https:\/\/www.bataindustrials.com\/\">Bata Industrials<\/a><br \/>\n<strong>Odr\u017eavanje:<\/strong> Perite u perilici rublja na 40\u00b0C (ne preporu\u010duje se kemijsko \u010di\u0161\u0107enje, su\u0161enje u su\u0161ilici i gla\u010danje)<\/p>\n<p><em>Savjete za odabir pravih radnih \u010darapa za va\u0161 posao mo\u017eete prona\u0107i u segmentu &#8220;<a href=\"https:\/\/work-foxx.com\/hr\/savjeti\/\">Savjeti stru\u010dnjaka<\/a>&#8220;.<\/em><\/p>\n","protected":false},"excerpt":{"rendered":"<p>\u010carape Thermo ML Eco izra\u0111ene su od merino vune koja stopala odr\u017eava ugodno toplim i suhim, ne izaziva svrbe\u017e i odr\u017eava ujedna\u010denu temperaturu ko\u017ee.<\/p>\n","protected":false},"featured_media":41079,"comment_status":"open","ping_status":"closed","template":"","meta":{"_acf_changed":false,"inline_featured_image":false},"product_brand":[],"product_cat":[1024,1013,1979],"product_tag":[],"class_list":{"0":"post-45470","1":"product","2":"type-product","3":"status-publish","4":"has-post-thumbnail","6":"product_cat-carape-i-dodaci","7":"product_cat-obuca","8":"product_cat-radne-carape","10":"first","11":"instock","12":"taxable","13":"shipping-taxable","14":"purchasable","15":"product-type-variable"},"acf":[],"_links":{"self":[{"href":"https:\/\/work-foxx.com\/hr\/wp-json\/wp\/v2\/product\/45470","targetHints":{"allow":["GET"]}}],"collection":[{"href":"https:\/\/work-foxx.com\/hr\/wp-json\/wp\/v2\/product"}],"about":[{"href":"https:\/\/work-foxx.com\/hr\/wp-json\/wp\/v2\/types\/product"}],"replies":[{"embeddable":true,"href":"https:\/\/work-foxx.com\/hr\/wp-json\/wp\/v2\/comments?post=45470"}],"wp:featuredmedia":[{"embeddable":true,"href":"https:\/\/work-foxx.com\/hr\/wp-json\/wp\/v2\/media\/41079"}],"wp:attachment":[{"href":"https:\/\/work-foxx.com\/hr\/wp-json\/wp\/v2\/media?parent=45470"}],"wp:term":[{"taxonomy":"product_brand","embeddable":true,"href":"https:\/\/work-foxx.com\/hr\/wp-json\/wp\/v2\/product_brand?post=45470"},{"taxonomy":"product_cat","embeddable":true,"href":"https:\/\/work-foxx.com\/hr\/wp-json\/wp\/v2\/product_cat?post=45470"},{"taxonomy":"product_tag","embeddable":true,"href":"https:\/\/work-foxx.com\/hr\/wp-json\/wp\/v2\/product_tag?post=45470"}],"curies":[{"name":"wp","href":"https:\/\/api.w.org\/{rel}","templated":true}]}}