{"id":45448,"date":"2024-07-01T13:00:00","date_gmt":"2024-07-01T13:00:00","guid":{"rendered":"https:\/\/work-foxx.com\/product\/zenske-pamucne-carape\/"},"modified":"2026-04-01T09:54:26","modified_gmt":"2026-04-01T09:54:26","slug":"carape-lady-coton","status":"publish","type":"product","link":"https:\/\/work-foxx.com\/hr\/proizvod\/carape-lady-coton\/","title":{"rendered":"\u010carape Lady Cotton"},"content":{"rendered":"<h1>\u010carape Lady Cotton<\/h1>\n<p>\u010carape Lady Cotton su svestrane radne \u010darape dizajnirane za \u017eene. Prilago\u0111ene su obliku i veli\u010dini \u017eenskog stopala jer se \u017eenska stopala jako razlikuju po obliku i osjetljivosti. Zato je ova jedinstvena kolekcija radnih \u010darapa razvijena posebno za dana\u0161nje profesionalne \u017eene. Ove radne \u010darape izra\u0111ene su od pamuka s Pro-Cool\u00ae poliesterskim vlaknima na stopalu koja prenose vlagu na vanjsku stranu \u010darape. Kombinacija Pro-Cool\u00ae tkanine i ventilacijskih kanala \u0107e va\u0161a stopala odr\u017eati ugodno svje\u017eima i suhima. Antibakterijska srebrna pre\u0111a uklanja neugodne mirise. Posebne oja\u010dane zone pru\u017eaju dodatnu podr\u0161ku stopalu.<\/p>\n<h3>Materijalni sastav i tehni\u010dka svojstva<\/h3>\n<p><strong>Material:<\/strong> 2% Lycra\u00ae (elastan), 3% srebro, 13% poliamid, 31% Pro-Cool\u00ae (poliester), 51% pamuk<br \/>\n<strong>Svojstva:<\/strong> Antibakterijska srebrna pre\u0111a<br \/>\n<strong>Zna\u010dajke:<\/strong> Anatomski oblikovan, ESD, potpora za stopalo, svojstva prilagodbe upija vlagu , antibakterijski, amortizacija, potplat od frotira<br \/>\n<strong>Visina:<\/strong> Standardna<\/p>\n<p><strong>Veli\u010dine:<\/strong> 35-38, 39-42<br \/>\n<strong>Boja:&nbsp;<\/strong>Mornarsko plava<br \/>\n<strong>Proizvo\u0111a\u010d:<\/strong>&nbsp;<a rel=\"nofollow\" href=\"https:\/\/www.bataindustrials.com\/\">Bata Industrials<\/a><br \/>\n<strong>Odr\u017eavanje:<\/strong> Perite u perilici rublja na 40\u00b0C (ne preporu\u010duje se kemijsko \u010di\u0161\u0107enje, su\u0161enje u su\u0161ilici i gla\u010danje)<\/p>\n<p><em>Savjete za odabir pravih radnih \u010darapa za va\u0161 posao mo\u017eete prona\u0107i u segmentu &#8220;<a href=\"https:\/\/work-foxx.com\/hr\/savjeti\/\">Savjeti stru\u010dnjaka<\/a>&#8220;.<\/em><\/p>\n","protected":false},"excerpt":{"rendered":"<p>Radne \u010darape Lady Cotton su svestrane \u010darape dizajnirane za \u017eene. Posebne oja\u010dane zone pru\u017eaju dodatnu potporu stopalu tijekom radnog dana.<\/p>\n","protected":false},"featured_media":41095,"comment_status":"open","ping_status":"closed","template":"","meta":{"_acf_changed":false,"inline_featured_image":false},"product_brand":[],"product_cat":[1024,1013,1979],"product_tag":[],"class_list":{"0":"post-45448","1":"product","2":"type-product","3":"status-publish","4":"has-post-thumbnail","6":"product_cat-carape-i-dodaci","7":"product_cat-obuca","8":"product_cat-radne-carape","10":"first","11":"instock","12":"taxable","13":"shipping-taxable","14":"purchasable","15":"product-type-variable"},"acf":[],"_links":{"self":[{"href":"https:\/\/work-foxx.com\/hr\/wp-json\/wp\/v2\/product\/45448","targetHints":{"allow":["GET"]}}],"collection":[{"href":"https:\/\/work-foxx.com\/hr\/wp-json\/wp\/v2\/product"}],"about":[{"href":"https:\/\/work-foxx.com\/hr\/wp-json\/wp\/v2\/types\/product"}],"replies":[{"embeddable":true,"href":"https:\/\/work-foxx.com\/hr\/wp-json\/wp\/v2\/comments?post=45448"}],"wp:featuredmedia":[{"embeddable":true,"href":"https:\/\/work-foxx.com\/hr\/wp-json\/wp\/v2\/media\/41095"}],"wp:attachment":[{"href":"https:\/\/work-foxx.com\/hr\/wp-json\/wp\/v2\/media?parent=45448"}],"wp:term":[{"taxonomy":"product_brand","embeddable":true,"href":"https:\/\/work-foxx.com\/hr\/wp-json\/wp\/v2\/product_brand?post=45448"},{"taxonomy":"product_cat","embeddable":true,"href":"https:\/\/work-foxx.com\/hr\/wp-json\/wp\/v2\/product_cat?post=45448"},{"taxonomy":"product_tag","embeddable":true,"href":"https:\/\/work-foxx.com\/hr\/wp-json\/wp\/v2\/product_tag?post=45448"}],"curies":[{"name":"wp","href":"https:\/\/api.w.org\/{rel}","templated":true}]}}