{"id":45372,"date":"2024-07-01T13:00:00","date_gmt":"2024-07-01T13:00:00","guid":{"rendered":"https:\/\/work-foxx.com\/product\/carape-cool-ms-2b\/"},"modified":"2026-04-01T09:58:16","modified_gmt":"2026-04-01T09:58:16","slug":"carape-cool-ms-2b","status":"publish","type":"product","link":"https:\/\/work-foxx.com\/hr\/proizvod\/carape-cool-ms-2b\/","title":{"rendered":"\u010carape Cool MS 2B"},"content":{"rendered":"<h1>\u010carape Bata Cool MS 2B<\/h1>\n<p>\u010carape Cool MS 2B imaju iznimna svojstva upravljanja vlagom. Zahvaljuju\u0107i optimalnoj ventilaciji stopala ostaju hladna i suha. PRO-COOL\u00ae poliesterska pre\u0111a ugra\u0111ena je u \u010darapu. Antibakterijska vlakna sprje\u010davaju neugodne mirise i osiguravaju dobrobit stopala. Zahvaljuju\u0107i Bekinox metalnim vlaknima, \u010darape vas \u0161tite od elektrostati\u010dkog pra\u017enjenja (ESD). Oja\u010dane zone oko pete i prstiju pru\u017eaju dodatnu izdr\u017eljivost. Najnovije tehnologije ugra\u0111ene su u ovu mo\u0107nu \u010darapu koja regulira vlagu.<\/p>\n<h3>Materijalni sastav i tehni\u010dka svojstva<\/h3>\n<p><strong>Material:&nbsp;<\/strong>1% Bekinox\u00ae, 1% Lycra\u00ae elastin, 14% Amicor&#x2122; akril, 24% poliamid, 25% Pro-Cool\u00ae poliester, 35% pamuk<br \/>\n<strong>Svojstva:<\/strong> PRO-COOL\u00ae rashladna pre\u0111a<br \/>\n<strong>Zna\u010dajke:<\/strong> ESD, prijenos vlage, Flex Fit, apsorpcija udara<br \/>\n<strong>Visina:<\/strong> Standardna<\/p>\n<p><strong>Veli\u010dine:<\/strong>&nbsp;35-38, 39-42, 43-46, 47-50<br \/>\n<strong>Boja:<\/strong> Crna<br \/>\n<strong>Proizvo\u0111a\u010d:<\/strong>&nbsp;<a rel=\"nofollow\" href=\"https:\/\/www.bataindustrials.com\/\">Bata Industrials<\/a><br \/>\n<strong>Odr\u017eavanje:<\/strong> Perite u perilici rublja na 40\u00b0C (ne preporu\u010duje se kemijsko \u010di\u0161\u0107enje, su\u0161enje u su\u0161ilici i gla\u010danje)<\/p>\n<p><em>Savjete za odabir pravih radnih \u010darapa za va\u0161 posao mo\u017eete prona\u0107i u segmentu &#8220;<a href=\"https:\/\/work-foxx.com\/hr\/savjeti\/\">Savjeti stru\u010dnjaka<\/a>&#8220;.<\/em><\/p>\n","protected":false},"excerpt":{"rendered":"<p>Cool MS 2B radne \u010darape imaju iznimna svojstva upravljanja vlagom. Zahvaljuju\u0107i optimalnoj ventilaciji stopala ostaju hladna i suha.<\/p>\n","protected":false},"featured_media":41124,"comment_status":"open","ping_status":"closed","template":"","meta":{"_acf_changed":false,"inline_featured_image":false},"product_brand":[],"product_cat":[1024,1013,1979],"product_tag":[],"class_list":{"0":"post-45372","1":"product","2":"type-product","3":"status-publish","4":"has-post-thumbnail","6":"product_cat-carape-i-dodaci","7":"product_cat-obuca","8":"product_cat-radne-carape","10":"first","11":"outofstock","12":"taxable","13":"shipping-taxable","14":"purchasable","15":"product-type-variable"},"acf":[],"_links":{"self":[{"href":"https:\/\/work-foxx.com\/hr\/wp-json\/wp\/v2\/product\/45372","targetHints":{"allow":["GET"]}}],"collection":[{"href":"https:\/\/work-foxx.com\/hr\/wp-json\/wp\/v2\/product"}],"about":[{"href":"https:\/\/work-foxx.com\/hr\/wp-json\/wp\/v2\/types\/product"}],"replies":[{"embeddable":true,"href":"https:\/\/work-foxx.com\/hr\/wp-json\/wp\/v2\/comments?post=45372"}],"wp:featuredmedia":[{"embeddable":true,"href":"https:\/\/work-foxx.com\/hr\/wp-json\/wp\/v2\/media\/41124"}],"wp:attachment":[{"href":"https:\/\/work-foxx.com\/hr\/wp-json\/wp\/v2\/media?parent=45372"}],"wp:term":[{"taxonomy":"product_brand","embeddable":true,"href":"https:\/\/work-foxx.com\/hr\/wp-json\/wp\/v2\/product_brand?post=45372"},{"taxonomy":"product_cat","embeddable":true,"href":"https:\/\/work-foxx.com\/hr\/wp-json\/wp\/v2\/product_cat?post=45372"},{"taxonomy":"product_tag","embeddable":true,"href":"https:\/\/work-foxx.com\/hr\/wp-json\/wp\/v2\/product_tag?post=45372"}],"curies":[{"name":"wp","href":"https:\/\/api.w.org\/{rel}","templated":true}]}}