{"id":45052,"date":"2024-07-01T12:59:00","date_gmt":"2024-07-01T12:59:00","guid":{"rendered":"https:\/\/work-foxx.com\/product\/superior-fit-ulosci\/"},"modified":"2026-04-01T09:58:22","modified_gmt":"2026-04-01T09:58:22","slug":"ulosci-superior-fit","status":"publish","type":"product","link":"https:\/\/work-foxx.com\/hr\/proizvod\/ulosci-superior-fit\/","title":{"rendered":"Ulo\u0161ci Superior Fit"},"content":{"rendered":"<h1>Ulo\u0161ci Superior Fit<\/h1>\n<p>Ulo\u0161\u010di za radnu i za\u0161titnu obu\u0107u Superior Fit temelje se na udobnosti, amortizaciji i stabilnosti. Izra\u0111eni su od POLIYOU\u00ae materijala s mre\u017eastim gornjim slojem. Ulo\u0161ci osiguravaju visoku prozra\u010dnost stopala, djeluju antibakterijski, \u0161tite od elektrostati\u010dkog pra\u017enjenja (ESD) i savr\u0161eno apsorbiraju vlagu i udarce. Peta ulo\u0161ka pru\u017ea izvrsnu apsorpciju udaraca. Dodatna potpora za prednji dio stopala osigurava optimalnu potporu i ugodno hodanje. Ulo\u0161ci Superior Fit nude podr\u0161ku za svod koji vam je potreban tijekom dugog dana na poslu.<\/p>\n<h3>Materijalni sastav i tehni\u010dka svojstva<\/h3>\n<p><strong>Gornji sloj:<\/strong> Mre\u017easta tkanina<br \/>\n<strong>Materijal:<\/strong>&nbsp;POLIYOU\u00ae<br \/>\n<strong>Zna\u010dajke:<\/strong> Apsorpcija udara (2\/5), ESD, podr\u0161ka za luk (2\/5)<br \/>\n<strong>Veli\u010dine:<\/strong> 35-37, 38-40, 41-43, 44-46, 47-49<br \/>\n<strong>Proizvo\u0111a\u010d:<\/strong>&nbsp;<a rel=\"nofollow\" href=\"https:\/\/www.bataindustrials.com\/\">Bata Industrials<\/a><\/p>\n<p><em>Savjete za odabir pravih ulo\u017eaka za radnu obu\u0107u mo\u017eete prona\u0107i u rubrici &#8220;<a href=\"https:\/\/work-foxx.com\/hr\/savjeti\/\">Savjeti stru\u010dnjaka<\/a>&#8220;.<\/em><\/p>\n","protected":false},"excerpt":{"rendered":"<p>Ulo\u0161\u010di za radnu i za\u0161titnu obu\u0107u Superior Fit temelje se na udobnosti, amortizaciji i stabilnosti. Izra\u0111eni su od POLIYOU\u00ae materijala.<\/p>\n","protected":false},"featured_media":41030,"comment_status":"open","ping_status":"closed","template":"","meta":{"_acf_changed":false,"inline_featured_image":false},"product_brand":[],"product_cat":[1024,1013,1954],"product_tag":[],"class_list":{"0":"post-45052","1":"product","2":"type-product","3":"status-publish","4":"has-post-thumbnail","6":"product_cat-carape-i-dodaci","7":"product_cat-obuca","8":"product_cat-ulosci-za-obucu","10":"first","11":"instock","12":"taxable","13":"shipping-taxable","14":"purchasable","15":"product-type-variable"},"acf":[],"_links":{"self":[{"href":"https:\/\/work-foxx.com\/hr\/wp-json\/wp\/v2\/product\/45052","targetHints":{"allow":["GET"]}}],"collection":[{"href":"https:\/\/work-foxx.com\/hr\/wp-json\/wp\/v2\/product"}],"about":[{"href":"https:\/\/work-foxx.com\/hr\/wp-json\/wp\/v2\/types\/product"}],"replies":[{"embeddable":true,"href":"https:\/\/work-foxx.com\/hr\/wp-json\/wp\/v2\/comments?post=45052"}],"wp:featuredmedia":[{"embeddable":true,"href":"https:\/\/work-foxx.com\/hr\/wp-json\/wp\/v2\/media\/41030"}],"wp:attachment":[{"href":"https:\/\/work-foxx.com\/hr\/wp-json\/wp\/v2\/media?parent=45052"}],"wp:term":[{"taxonomy":"product_brand","embeddable":true,"href":"https:\/\/work-foxx.com\/hr\/wp-json\/wp\/v2\/product_brand?post=45052"},{"taxonomy":"product_cat","embeddable":true,"href":"https:\/\/work-foxx.com\/hr\/wp-json\/wp\/v2\/product_cat?post=45052"},{"taxonomy":"product_tag","embeddable":true,"href":"https:\/\/work-foxx.com\/hr\/wp-json\/wp\/v2\/product_tag?post=45052"}],"curies":[{"name":"wp","href":"https:\/\/api.w.org\/{rel}","templated":true}]}}