{"id":45014,"date":"2024-07-01T12:37:00","date_gmt":"2024-07-01T12:37:00","guid":{"rendered":"https:\/\/work-foxx.com\/product\/cipele-visoke-zastite-sirocco-blue-s3\/"},"modified":"2026-03-30T18:02:22","modified_gmt":"2026-03-30T18:02:22","slug":"visoke-zastitne-cipele-sirocco-blue-s3","status":"publish","type":"product","link":"https:\/\/work-foxx.com\/hr\/proizvod\/visoke-zastitne-cipele-sirocco-blue-s3\/","title":{"rendered":"Visoke za\u0161titne cipele SIROCCO BLUE S3"},"content":{"rendered":"<h1>Visoke za\u0161titne cipele SIROCCO BLUE S3<\/h1>\n<p>Visoke za\u0161titne cipele SIROCCO BLUE &nbsp;imaju za\u0161titnu kapicu i klasificirane su u za\u0161titnu klasu S3. Za\u0161titna kapica i sigurnosni umetak izra\u0111eni su od \u010delika, \u0161to pru\u017ea najvi\u0161u razinu za\u0161tite. Izra\u0111ene su od ko\u017ee koja pru\u017ea za\u0161titu od o\u0161te\u0107enja i ulaska prljav\u0161tine. Gornji dio cipele je otporan na upijanje vode (WRU). Podstava za\u0161titne cipele izra\u0111ena je od prozra\u010dne 3-D mre\u017ee koja osigurava ve\u0107u prozra\u010dnost i smanjuje znojenje stopala. Podstavljeni jezik nudi ve\u0107u udobnost i bolju za\u0161titu. EVA gumeni ulo\u017eak pru\u017ea udobnost, apsorpciju udaraca i ve\u0107u stabilnost stopala. Mogu\u0107e ga je skinuti, oprati ili kupiti zamjenski. Za\u0161titne cipele imaju potplat od dvoslojnog poliuretana (PU) koji je antistati\u010dan (A), otporan na ulje i gorivo (FO) i pru\u017ea izuzetnu za\u0161titu od klizanja na keramici i metalu (SRC). Visoke za\u0161titne cipele SIROCCO BLUE S3 prikladne su za rad u suhim i mokrim okru\u017eenjima, odr\u017eavanje, monta\u017eu, elektroindustriju, transport i logistiku, automobilsku, laku i te\u0161ku industriju.<\/p>\n<h3>Materijalni sastav i tehni\u010dka svojstva<\/h3>\n<p><strong>Vanjski materijal:<\/strong> Ko\u017ea (cijepana ko\u017ea)<br \/>\n<strong>Podstava:<\/strong> Tekstilna 3-D mre\u017ea<br \/>\n<strong>Ulo\u017eak:<\/strong> EVA guma<br \/>\n<strong>Potplat:<\/strong> Dvoslojni, poliuretan (PU)<br \/>\n<strong>Zatvaranje:<\/strong>&nbsp;Vezice<\/p>\n<p><strong>Veli\u010dine:<\/strong>&nbsp;35 &#8211; 48<br \/>\n<strong>\u0160irina:<\/strong> W (klasi\u010dna)<br \/>\n<strong>Boja: <\/strong>Crna, plava<br \/>\n<strong>Model:<\/strong>&nbsp;Mu\u0161ki \/ \u017denski, visok<br \/>\n<strong>Proizvo\u0111a\u010d:<\/strong>&nbsp;<a rel=\"nofollow\" href=\"https:\/\/www.bataindustrials.com\/\">Bata Industrials<\/a><\/p>\n<p><strong>Tehni\u010dke karakteristike:<\/strong> S3, SRC, FO, A, E, WRU<br \/>\n<strong>Za\u0161tita prstiju:<\/strong> Za\u0161titna kapica (SB), \u010delik, otpornost na probijanje: 200 J<br \/>\n<strong>Za\u0161tita potplata:<\/strong>&nbsp;Sigurnosni ulo\u017eak, \u010delik, otpornost na probijanje: 1100 N<br \/>\n<strong>Standard:<\/strong> CE EN ISO 20345:2011 \/ S3 \/ SRC<\/p>\n<h3>Opis standarda<\/h3>\n<p>Norma EN ISO 20345 odre\u0111uje osnovne zahtjeve i (opcionalno) dodatne zahtjeve za za\u0161titnu obu\u0107u. Obu\u0107a koja je u skladu s normom EN ISO 20345 mora imati specifi\u010dan oblik, za\u0161titu za prste, potplat protiv klizanja, ergonomska svojstva, gornje cipele, \u010dvrsto\u0107u i zadovoljiti potrebne kriterije ispitivanja. Za\u0161titna obu\u0107a s kapom pogodna je za rad gdje postoji velika mogu\u0107nost o\u0161te\u0107enja od mehani\u010dkih utjecaja.<\/p>\n<p><em>Savjete za odabir pravih radnih cipela za va\u0161e potrebe mo\u017eete prona\u0107i u segmentu &#8220;<a href=\"https:\/\/work-foxx.com\/hr\/savjeti\/\">Savjeti stru\u010dnjaka<\/a>&#8220;.<\/em><\/p>\n","protected":false},"excerpt":{"rendered":"<p>Visoke za\u0161titne cipele SIROCCO BLUE \u00a0imaju za\u0161titnu kapicu i klasificirane su u za\u0161titnu klasu S3. Izra\u0111ene su od ko\u017ee koja pru\u017ea za\u0161titu od o\u0161te\u0107enja.<\/p>\n","protected":false},"featured_media":38193,"comment_status":"open","ping_status":"closed","template":"","meta":{"_acf_changed":false,"inline_featured_image":false},"product_brand":[],"product_cat":[1013,1045,1042],"product_tag":[],"class_list":{"0":"post-45014","1":"product","2":"type-product","3":"status-publish","4":"has-post-thumbnail","6":"product_cat-obuca","7":"product_cat-visoke-zastitne-cipele","8":"product_cat-zastitne-cipele","10":"first","11":"instock","12":"taxable","13":"shipping-taxable","14":"purchasable","15":"product-type-variable"},"acf":[],"_links":{"self":[{"href":"https:\/\/work-foxx.com\/hr\/wp-json\/wp\/v2\/product\/45014","targetHints":{"allow":["GET"]}}],"collection":[{"href":"https:\/\/work-foxx.com\/hr\/wp-json\/wp\/v2\/product"}],"about":[{"href":"https:\/\/work-foxx.com\/hr\/wp-json\/wp\/v2\/types\/product"}],"replies":[{"embeddable":true,"href":"https:\/\/work-foxx.com\/hr\/wp-json\/wp\/v2\/comments?post=45014"}],"wp:featuredmedia":[{"embeddable":true,"href":"https:\/\/work-foxx.com\/hr\/wp-json\/wp\/v2\/media\/38193"}],"wp:attachment":[{"href":"https:\/\/work-foxx.com\/hr\/wp-json\/wp\/v2\/media?parent=45014"}],"wp:term":[{"taxonomy":"product_brand","embeddable":true,"href":"https:\/\/work-foxx.com\/hr\/wp-json\/wp\/v2\/product_brand?post=45014"},{"taxonomy":"product_cat","embeddable":true,"href":"https:\/\/work-foxx.com\/hr\/wp-json\/wp\/v2\/product_cat?post=45014"},{"taxonomy":"product_tag","embeddable":true,"href":"https:\/\/work-foxx.com\/hr\/wp-json\/wp\/v2\/product_tag?post=45014"}],"curies":[{"name":"wp","href":"https:\/\/api.w.org\/{rel}","templated":true}]}}