{"id":44787,"date":"2024-07-01T12:37:00","date_gmt":"2024-07-01T12:37:00","guid":{"rendered":"https:\/\/work-foxx.com\/product\/visoke-cizme-workmaster-ii-s5\/"},"modified":"2026-03-31T12:47:24","modified_gmt":"2026-03-31T12:47:24","slug":"visoke-cizme-workmaster-ii-s5","status":"publish","type":"product","link":"https:\/\/work-foxx.com\/hr\/proizvod\/visoke-cizme-workmaster-ii-s5\/","title":{"rendered":"Visoke \u010dizme WORKMASTER II S5"},"content":{"rendered":"<h1>Visoke \u010dizme WORKMASTER II S5<\/h1>\n<p>Visoke za\u0161titne \u010dizme WORKMASTER II imaju za\u0161titnu kapicu i klasificirane su u za\u0161titnu klasu S5. Izra\u0111ene su od PVC-a i imaju PVC potplat. Potplat ima izuzetna protuklizna svojstva na keramici (SRA), antistati\u010dan je (A), upija energiju u peti (E), otporan je na ulja i masti (FO) i nudi za\u0161titu od proboda (P). Visoke \u010dizme WORKMASTER II S5 su vodootporne i pogodne za rad u industriji.<\/p>\n<h3>Materijalni sastav i tehni\u010dka svojstva<\/h3>\n<p><strong>Vanjski materijal:<\/strong> PVC<br \/>\n<strong>Podstava:<\/strong> Sivo poliestersko vlakno<br \/>\n<strong>Potplat:<\/strong> PVC<\/p>\n<p><strong>Veli\u010dine:<\/strong> 36 &#8211; 50<br \/>\n<strong>Boja:<\/strong> Crna<br \/>\n<strong>Spol:<\/strong> Unisex<br \/>\n<strong>Proizvo\u0111a\u010d:<\/strong> <a href=\"https:\/\/www.bataindustrials.com\/\">Bata Industrials<\/a><\/p>\n<p><strong>Tehni\u010dke karakteristike:<\/strong> S5, SRA, FO<br \/>\n<strong>Za\u0161tita prstiju:<\/strong> Za\u0161titna kapica (SB), \u010delik, otpornost na probijanje: 200 J<br \/>\n<strong>Za\u0161tita potplata:<\/strong> Sigurnosni umetak, \u010delik, otpornost na probijanje: 1100 N<br \/>\n<strong>Norma:<\/strong> CE EN ISO 20345:2011 \/ S5 \/ SRA<\/p>\n<h3>Opis standarda<\/h3>\n<p>Norma EN ISO 20345 odre\u0111uje osnovne zahtjeve i (opcionalno) dodatne zahtjeve za za\u0161titnu obu\u0107u. Obu\u0107a koja je u skladu s normom EN ISO 20345 mora imati specifi\u010dan oblik, za\u0161titu za prste, potplat protiv klizanja, ergonomska svojstva, gornje cipele, \u010dvrsto\u0107u i zadovoljiti potrebne kriterije ispitivanja. Za\u0161titna obu\u0107a s kapom pogodna je za rad gdje postoji velika mogu\u0107nost o\u0161te\u0107enja od mehani\u010dkih utjecaja.<\/p>\n<p>Razlikujemo radne i za\u0161titne \u010dizme, koje se me\u0111usobno razlikuju po stupnju za\u0161tite. Radne \u010dizme s oznakom OB dizajnirane su za rad u kojem su male \u0161anse za o\u0161te\u0107enje od mehani\u010dkih utjecaja. Za\u0161titne \u010dizme s oznakom SB imaju za\u0161titnu kapu i namijenjene su za rad gdje postoji velika mogu\u0107nost o\u0161te\u0107enja zbog mehani\u010dkih utjecaja.<\/p>\n<p><em>Savjeti za odabir kvalitetnih \u010dizama mogu se na\u0107i u segmentu &#8220;<a href=\"https:\/\/work-foxx.com\/hr\/savjeti\/\">Savjeti stru\u010dnjaka<\/a>&#8220;.<\/em><\/p>\n","protected":false},"excerpt":{"rendered":"<p>Visoke za\u0161titne \u010dizme WORKMASTER II imaju za\u0161titnu kapu i spadaju u klasu za\u0161tite S5. Potplat ima izuzetna protuklizna svojstva.<\/p>\n","protected":false},"featured_media":40750,"comment_status":"open","ping_status":"closed","template":"","meta":{"_acf_changed":false,"inline_featured_image":false},"product_brand":[],"product_cat":[1015,1976,1013],"product_tag":[],"class_list":{"0":"post-44787","1":"product","2":"type-product","3":"status-publish","4":"has-post-thumbnail","6":"product_cat-cizme","7":"product_cat-gumene-cizme","8":"product_cat-obuca","10":"first","11":"instock","12":"taxable","13":"shipping-taxable","14":"purchasable","15":"product-type-variable"},"acf":[],"_links":{"self":[{"href":"https:\/\/work-foxx.com\/hr\/wp-json\/wp\/v2\/product\/44787","targetHints":{"allow":["GET"]}}],"collection":[{"href":"https:\/\/work-foxx.com\/hr\/wp-json\/wp\/v2\/product"}],"about":[{"href":"https:\/\/work-foxx.com\/hr\/wp-json\/wp\/v2\/types\/product"}],"replies":[{"embeddable":true,"href":"https:\/\/work-foxx.com\/hr\/wp-json\/wp\/v2\/comments?post=44787"}],"wp:featuredmedia":[{"embeddable":true,"href":"https:\/\/work-foxx.com\/hr\/wp-json\/wp\/v2\/media\/40750"}],"wp:attachment":[{"href":"https:\/\/work-foxx.com\/hr\/wp-json\/wp\/v2\/media?parent=44787"}],"wp:term":[{"taxonomy":"product_brand","embeddable":true,"href":"https:\/\/work-foxx.com\/hr\/wp-json\/wp\/v2\/product_brand?post=44787"},{"taxonomy":"product_cat","embeddable":true,"href":"https:\/\/work-foxx.com\/hr\/wp-json\/wp\/v2\/product_cat?post=44787"},{"taxonomy":"product_tag","embeddable":true,"href":"https:\/\/work-foxx.com\/hr\/wp-json\/wp\/v2\/product_tag?post=44787"}],"curies":[{"name":"wp","href":"https:\/\/api.w.org\/{rel}","templated":true}]}}