{"id":44659,"date":"2024-07-01T13:00:00","date_gmt":"2024-07-01T13:00:00","guid":{"rendered":"https:\/\/work-foxx.com\/product\/beekman-ubacuje\/"},"modified":"2026-04-01T09:59:30","modified_gmt":"2026-04-01T09:59:30","slug":"ulosci-beekman","status":"publish","type":"product","link":"https:\/\/work-foxx.com\/hr\/proizvod\/ulosci-beekman\/","title":{"rendered":"Ulo\u0161\u010di Beekman"},"content":{"rendered":"<h1>Ulo\u0161\u010di Beekman<\/h1>\n<p>Ulo\u0161\u010di za radnu i za\u0161titnu obu\u0107u Beekman temelje se na udobnosti, amortizaciji i stabilnosti. Izra\u0111eni su od POLIYOU\u00ae materijala s mre\u017eastim gornjim slojem. Ulo\u0161\u010di Beekman pru\u017eaju meko\u0107u, sprje\u010davaju znojenje i apsorbiraju udarce. Ulo\u0161ci nude blagu potporu svoda i pru\u017eaju jedinstvenu udobnost pri hodu. Istovremeno, produ\u017euju \u017eivot va\u0161ih radnih cipela.<\/p>\n<h3>Materijalni sastav i tehni\u010dka svojstva<\/h3>\n<p><strong>Gornji sloj:<\/strong> Mre\u017easta tkanina<br \/>\n<strong>Materijal:<\/strong> POLIYOU\u00ae<br \/>\n<strong>Zna\u010dajke:<\/strong> Apsorpcija udara (1\/5), potpora luku i peti (1\/5)<br \/>\n<strong>Veli\u010dine:<\/strong> 35-48<br \/>\n<strong>Proizvo\u0111a\u010d:<\/strong> <a href=\"https:\/\/www.bataindustrials.com\/\">Bata Industrials<\/a><\/p>\n<p><em>Savjete za odabir pravih ulo\u017eaka za radnu obu\u0107u mo\u017eete prona\u0107i u rubrici &#8220;<a href=\"https:\/\/work-foxx.com\/hr\/savjeti\/\">Savjeti stru\u010dnjaka<\/a>&#8220;.<\/em><\/p>\n","protected":false},"excerpt":{"rendered":"<p>Ulo\u0161\u010di za radnu i za\u0161titnu obu\u0107u Beekman temelje se na udobnosti, amortizaciji i stabilnosti. Izra\u0111eni su od POLIYOU\u00ae materijala.<\/p>\n","protected":false},"featured_media":41058,"comment_status":"open","ping_status":"closed","template":"","meta":{"_acf_changed":false,"inline_featured_image":false},"product_brand":[],"product_cat":[1024,1013,1954],"product_tag":[],"class_list":{"0":"post-44659","1":"product","2":"type-product","3":"status-publish","4":"has-post-thumbnail","6":"product_cat-carape-i-dodaci","7":"product_cat-obuca","8":"product_cat-ulosci-za-obucu","10":"first","11":"outofstock","12":"taxable","13":"shipping-taxable","14":"purchasable","15":"product-type-variable"},"acf":[],"_links":{"self":[{"href":"https:\/\/work-foxx.com\/hr\/wp-json\/wp\/v2\/product\/44659","targetHints":{"allow":["GET"]}}],"collection":[{"href":"https:\/\/work-foxx.com\/hr\/wp-json\/wp\/v2\/product"}],"about":[{"href":"https:\/\/work-foxx.com\/hr\/wp-json\/wp\/v2\/types\/product"}],"replies":[{"embeddable":true,"href":"https:\/\/work-foxx.com\/hr\/wp-json\/wp\/v2\/comments?post=44659"}],"wp:featuredmedia":[{"embeddable":true,"href":"https:\/\/work-foxx.com\/hr\/wp-json\/wp\/v2\/media\/41058"}],"wp:attachment":[{"href":"https:\/\/work-foxx.com\/hr\/wp-json\/wp\/v2\/media?parent=44659"}],"wp:term":[{"taxonomy":"product_brand","embeddable":true,"href":"https:\/\/work-foxx.com\/hr\/wp-json\/wp\/v2\/product_brand?post=44659"},{"taxonomy":"product_cat","embeddable":true,"href":"https:\/\/work-foxx.com\/hr\/wp-json\/wp\/v2\/product_cat?post=44659"},{"taxonomy":"product_tag","embeddable":true,"href":"https:\/\/work-foxx.com\/hr\/wp-json\/wp\/v2\/product_tag?post=44659"}],"curies":[{"name":"wp","href":"https:\/\/api.w.org\/{rel}","templated":true}]}}