{"id":44627,"date":"2024-07-01T13:00:00","date_gmt":"2024-07-01T13:00:00","guid":{"rendered":"https:\/\/work-foxx.com\/product\/medicinski-prikladni-ulosci-za-petu\/"},"modified":"2026-04-01T09:59:32","modified_gmt":"2026-04-01T09:59:32","slug":"ulosci-medical-fit-heel","status":"publish","type":"product","link":"https:\/\/work-foxx.com\/hr\/proizvod\/ulosci-medical-fit-heel\/","title":{"rendered":"Ulo\u0161\u010di Medical Fit Heel"},"content":{"rendered":"<h1>Ulo\u0161\u010di Medical Fit Heel<\/h1>\n<p>Ulo\u0161\u010di za radnu i za\u0161titnu obu\u0107u Medical Fit Heel&nbsp;pru\u017eaju visokokvalitetnu potporu, dodatnu amortizaciju i udobnost no\u0161enja, podupiru\u0107i stopalo u neutralnom polo\u017eaju. Duboka petna \u010da\u0161ica ubla\u017eava i sprje\u010dava bol i umor u peti.<\/p>\n<p>Sastoje se od tisu\u0107a mjehuri\u0107a zraka (EVA), koji su lagani poput pera, fleksibilni i upijaju udarce. Visokokvalitetni POLIYOU\u00ae potporni potplat s mre\u017eastim gornjim slojem je prozra\u010dan, antibakterijski, \u0161titi od elektrostati\u010dkog pra\u017enjenja (ESD), apsorbira udarce i vlagu te sprje\u010dava neugodne mirise.<\/p>\n<p>Sna\u017ena potpora svoda smanjuje bolove u tetivama i peti. Medical Fit Heel ulo\u0161ci posebno su dizajnirani kako bi pomogli u rje\u0161avanju problema s petom podupiru\u0107i je na podoterapeutski na\u010din i vra\u0107aju\u0107i stopalo u neutralni polo\u017eaj. Ulo\u0161ci sprje\u010davaju i ubla\u017eavaju ozljede i zamor petnog jastu\u010di\u0107a. Ujedno sprje\u010davaju upale tetiva i petne kosti.<\/p>\n<h3>Materijalni sastav i tehni\u010dka svojstva<\/h3>\n<p><strong>Gornji sloj:<\/strong> Mre\u017easta tkanina + POLIYOU\u00ae<br \/>\n<strong>Materijal:<\/strong> EVA<br \/>\n<strong>Zna\u010dajke:<\/strong> Apsorpcija udara (3\/5), ESD, potpora luku i peti (4\/5)<br \/>\n<strong>Veli\u010dine:<\/strong> 35-36, 37-38, 39-40, 41-42, 43-44, 45-46, 47-49<br \/>\n<strong>Proizvo\u0111a\u010d:<\/strong> <a href=\"https:\/\/www.bataindustrials.com\/\">Bata Industrials<\/a><\/p>\n<p><em>Savjete za odabir pravih ulo\u017eaka za radnu obu\u0107u mo\u017eete prona\u0107i u rubrici &#8220;<a href=\"https:\/\/work-foxx.com\/hr\/savjeti\/\">Savjeti stru\u010dnjaka<\/a>&#8220;.<\/em><\/p>\n","protected":false},"excerpt":{"rendered":"<p>Ulo\u0161ci za radnu i za\u0161titnu obu\u0107u Medical Fit Heel pru\u017eaju potporu, dodatnu amortizaciju i udobnost no\u0161enja, podupiru\u0107i stopalo u neutralnom polo\u017eaju.<\/p>\n","protected":false},"featured_media":40949,"comment_status":"open","ping_status":"closed","template":"","meta":{"_acf_changed":false,"inline_featured_image":false},"product_brand":[],"product_cat":[1024,1013,1954],"product_tag":[],"class_list":{"0":"post-44627","1":"product","2":"type-product","3":"status-publish","4":"has-post-thumbnail","6":"product_cat-carape-i-dodaci","7":"product_cat-obuca","8":"product_cat-ulosci-za-obucu","10":"first","11":"instock","12":"taxable","13":"shipping-taxable","14":"purchasable","15":"product-type-variable"},"acf":[],"_links":{"self":[{"href":"https:\/\/work-foxx.com\/hr\/wp-json\/wp\/v2\/product\/44627","targetHints":{"allow":["GET"]}}],"collection":[{"href":"https:\/\/work-foxx.com\/hr\/wp-json\/wp\/v2\/product"}],"about":[{"href":"https:\/\/work-foxx.com\/hr\/wp-json\/wp\/v2\/types\/product"}],"replies":[{"embeddable":true,"href":"https:\/\/work-foxx.com\/hr\/wp-json\/wp\/v2\/comments?post=44627"}],"wp:featuredmedia":[{"embeddable":true,"href":"https:\/\/work-foxx.com\/hr\/wp-json\/wp\/v2\/media\/40949"}],"wp:attachment":[{"href":"https:\/\/work-foxx.com\/hr\/wp-json\/wp\/v2\/media?parent=44627"}],"wp:term":[{"taxonomy":"product_brand","embeddable":true,"href":"https:\/\/work-foxx.com\/hr\/wp-json\/wp\/v2\/product_brand?post=44627"},{"taxonomy":"product_cat","embeddable":true,"href":"https:\/\/work-foxx.com\/hr\/wp-json\/wp\/v2\/product_cat?post=44627"},{"taxonomy":"product_tag","embeddable":true,"href":"https:\/\/work-foxx.com\/hr\/wp-json\/wp\/v2\/product_tag?post=44627"}],"curies":[{"name":"wp","href":"https:\/\/api.w.org\/{rel}","templated":true}]}}