{"id":44537,"date":"2024-07-01T12:37:00","date_gmt":"2024-07-01T12:37:00","guid":{"rendered":"https:\/\/work-foxx.com\/product\/niske-sigurnosne-cizme-marie-s3\/"},"modified":"2026-03-30T18:02:27","modified_gmt":"2026-03-30T18:02:27","slug":"niske-zastitne-cipele-marie-s3","status":"publish","type":"product","link":"https:\/\/work-foxx.com\/hr\/proizvod\/niske-zastitne-cipele-marie-s3\/","title":{"rendered":"Niske za\u0161titne cipele MARIE S3"},"content":{"rendered":"<h1>Niske za\u0161titne cipele MARIE S3<\/h1>\n<p>Niske za\u0161titne cipele MARIE imaju za\u0161titnu kapicu i klasificirane su u za\u0161titnu klasu S3. Posebno su razvijeni za \u017eene. Za\u0161titna kapica izra\u0111ena je od aluminija, a sigurnosni umetak od kompozitnog materijala s FlexGuard\u00ae tehnologijom. Izra\u0111ene su od pletenog tekstila koji je otporan na habanje, jednostavan za \u010di\u0161\u0107enje i otporan na upijanje vode (WRU). Podstava za\u0161titne cipele izra\u0111ena je od prozra\u010dne 3-D mre\u017ee koja osigurava ve\u0107u prozra\u010dnost i smanjuje znojenje stopala. Podstavljeni jezik nudi ve\u0107u udobnost i bolju za\u0161titu. Ulo\u017eak od poliuretanske pjene (PU) pru\u017ea udobnost, apsorpciju udaraca i ve\u0107u stabilnost stopala. Mogu\u0107e ga je skinuti, oprati ili kupiti zamjenski. Vanjska za\u0161titna kapica (SC) izra\u0111ena od termoplasti\u010dnog poliuretana (TPU) nudi dodatnu za\u0161titu od habanja. Za\u0161titne cipele imaju dvoslojni potplat od kombinacije EVA gume i gume koji je antistati\u010dan (A), otporan na ulja i goriva (FO) te pru\u017ea izuzetnu protukliznu za\u0161titu na keramici i metalu (SRC). Potplat \u0161titi korisnika od elektrostati\u010dkog pra\u017enjenja (ESD) i testiran je na toplinu do 300\u00b0C (HRO). Niske za\u0161titne cipele MARIE S3 prikladne su za rad u suhim i mokrim uvjetima, poljoprivredu, automobilsku industriju, gra\u0111evinarstvo, elektroindustriju, laku industriju, transport i logistiku.<\/p>\n<h3>Materijalni sastav i tehni\u010dka svojstva<\/h3>\n<p><strong>Vanjski materijal:<\/strong> Pletena tkanina otporna na habanje<br \/>\n<strong>Podstava:<\/strong> Tekstilna 3-D mre\u017ea \/ kontrola mirisa<br \/>\n<strong>Ulo\u017eak:<\/strong> Poliuretanska (PU) pjena<br \/>\n<strong>Potplat:<\/strong> Dvoslojni, EVA guma\/guma<br \/>\n<strong>Zatvaranje:<\/strong> Vezice<\/p>\n<p><strong>Veli\u010dine:<\/strong> 34 &#8211; 42<br \/>\n<strong>\u0160irina:<\/strong> W (klasi\u010dna)<br \/>\n<strong>Boja:<\/strong> Zelena, crna<br \/>\n<strong>Model:<\/strong> \u017denski, nizak<br \/>\n<strong>Proizvo\u0111a\u010d:<\/strong> <a href=\"https:\/\/www.bataindustrials.com\/\">Bata Industrials<\/a><\/p>\n<p><strong>Tehni\u010dke karakteristike:<\/strong> S3, SRC, FO, A, E, P, ESD, WRU, SC, HRO<br \/>\n<strong>Za\u0161tita prstiju:<\/strong> Za\u0161titna kapica (SB), \u010delik, otpornost na probijanje: 200 J<br \/>\n<strong>Za\u0161tita potplata:<\/strong> Sigurnosni ulo\u017eak, kompozit, FlexGuard\u00ae, otpornost na probijanje: 1100 N<br \/>\n<strong>Standard:<\/strong> CE EN ISO 20345:2011 \/ S3 \/ SRC \/ A \/ E \/ P \/ HRO \/ BS EN 61340-4-3:2002<\/p>\n<h3>Opis standarda<\/h3>\n<p>Norma EN ISO 20345 odre\u0111uje osnovne zahtjeve i (opcionalno) dodatne zahtjeve za za\u0161titnu obu\u0107u. Obu\u0107a koja je u skladu s normom EN ISO 20345 mora imati specifi\u010dan oblik, za\u0161titu za prste, potplat protiv klizanja, ergonomska svojstva, gornje cipele, \u010dvrsto\u0107u i zadovoljiti potrebne kriterije ispitivanja. Za\u0161titna obu\u0107a s kapom pogodna je za rad gdje postoji velika mogu\u0107nost o\u0161te\u0107enja od mehani\u010dkih utjecaja.<\/p>\n<p>Norma EN 61340-4-3:2002 opisuje metodu ispitivanja za odre\u0111ivanje elektri\u010dnog otpora obu\u0107e koja se koristi za pra\u0107enje elektrostatskog potencijala na ljudima. Ova je norma prikladna i za proizvo\u0111a\u010da obu\u0107e i za krajnjeg korisnika.<\/p>\n<h3>Opis kolekcije<\/h3>\n<p>Predstavljamo kolekciju WHAWOWA tvrtke Bata Industrials, revolucionarnu liniju za\u0161titnih cipela dizajniranih posebno za \u017eene. Ova kolekcija uklanja kompromise no\u0161enja manjih mu\u0161kih cipela nude\u0107i savr\u0161eno pristajanje dizajnirano oko jedinstvenog oblika i veli\u010dine \u017eenskog stopala. Rezultat je ve\u0107a udobnost, bolje pristajanje i manji rizik od ozljeda. Osjetit \u0107ete razliku na svakom koraku.<\/p>\n<p>Kolekcija WHAWOWA namijenjena je industrijama kao \u0161to su monta\u017ea, automobilska industrija, prehrambena industrija i logistika, gdje se sigurnost ne mo\u017ee zanemariti, stoga zadovoljava najvi\u0161e standarde za\u0161tite. \u017dene u ovim podru\u010djima ne samo da zahtijevaju sigurnost, nego tako\u0111er daju prednost udobnosti, pristupa\u010dnosti i stilu, uklju\u010duju\u0107i boju i dizajn. Kolekcija WHAWOWA ispunjava sve zahtjeve, spajaju\u0107i stil i funkcionalnost u visokokvalitetnoj i sigurnoj obu\u0107i.<\/p>\n<p>Svaki model ima aluminijsku sigurnosnu kapicu i izdr\u017eljivi neklizaju\u0107i potplat za potpunu za\u0161titu. Cipele su izra\u0111ene od najboljih i najja\u010dih materijala i opremljene su naprednim zna\u010dajkama kao \u0161to su apsorpcija udaraca, kontrola mirisa i visoko prozra\u010dan ulo\u017eak koji upija i odvodi vlagu, pove\u0107avaju\u0107i udobnost tijekom dana. Kombinacija laganog me\u0111upotplata od EVA s visokim elasti\u010dnim povratom i Easy Rolling System\u00ae osigurava da je svaki korak udoban poput hodanja po zraku.<\/p>\n<p>Odaberite kolekciju WHAWOWA tvrtke Bata Industrials za \u017eenske za\u0161titne cipele koje nude besprijekornu kombinaciju sigurnosti, udobnosti i stila, dizajnirane kako biste bili sigurni i elegantni u svakom radnom okru\u017eenju.<\/p>\n<p><em>Savjete za odabir pravih radnih cipela za va\u0161e potrebe mo\u017eete prona\u0107i u segmentu &#8220;<a href=\"https:\/\/work-foxx.com\/hr\/savjeti\/\">Savjeti stru\u010dnjaka<\/a>&#8220;.<\/em><\/p>\n","protected":false},"excerpt":{"rendered":"<p>Niske za\u0161titne cipele MARIE imaju za\u0161titnu kapicu i klasificirane su u za\u0161titnu klasu S3. Kolekcija WHAWOWA razvijena je posebno za \u017eene.<\/p>\n","protected":false},"featured_media":40627,"comment_status":"open","ping_status":"closed","template":"","meta":{"_acf_changed":false,"inline_featured_image":false},"product_brand":[],"product_cat":[748,1013,1042],"product_tag":[],"class_list":{"0":"post-44537","1":"product","2":"type-product","3":"status-publish","4":"has-post-thumbnail","6":"product_cat-niske-zastitne-cipele","7":"product_cat-obuca","8":"product_cat-zastitne-cipele","10":"first","11":"instock","12":"taxable","13":"shipping-taxable","14":"purchasable","15":"product-type-variable"},"acf":[],"_links":{"self":[{"href":"https:\/\/work-foxx.com\/hr\/wp-json\/wp\/v2\/product\/44537","targetHints":{"allow":["GET"]}}],"collection":[{"href":"https:\/\/work-foxx.com\/hr\/wp-json\/wp\/v2\/product"}],"about":[{"href":"https:\/\/work-foxx.com\/hr\/wp-json\/wp\/v2\/types\/product"}],"replies":[{"embeddable":true,"href":"https:\/\/work-foxx.com\/hr\/wp-json\/wp\/v2\/comments?post=44537"}],"wp:featuredmedia":[{"embeddable":true,"href":"https:\/\/work-foxx.com\/hr\/wp-json\/wp\/v2\/media\/40627"}],"wp:attachment":[{"href":"https:\/\/work-foxx.com\/hr\/wp-json\/wp\/v2\/media?parent=44537"}],"wp:term":[{"taxonomy":"product_brand","embeddable":true,"href":"https:\/\/work-foxx.com\/hr\/wp-json\/wp\/v2\/product_brand?post=44537"},{"taxonomy":"product_cat","embeddable":true,"href":"https:\/\/work-foxx.com\/hr\/wp-json\/wp\/v2\/product_cat?post=44537"},{"taxonomy":"product_tag","embeddable":true,"href":"https:\/\/work-foxx.com\/hr\/wp-json\/wp\/v2\/product_tag?post=44537"}],"curies":[{"name":"wp","href":"https:\/\/api.w.org\/{rel}","templated":true}]}}