{"id":44199,"date":"2024-07-01T12:37:00","date_gmt":"2024-07-01T12:37:00","guid":{"rendered":"https:\/\/work-foxx.com\/product\/niske-sigurnosne-cipele-traxx-91-s2\/"},"modified":"2026-03-30T18:05:55","modified_gmt":"2026-03-30T18:05:55","slug":"niske-zastitne-cipele-traxx-91-s2","status":"publish","type":"product","link":"https:\/\/work-foxx.com\/hr\/proizvod\/niske-zastitne-cipele-traxx-91-s2\/","title":{"rendered":"Niske za\u0161titne cipele TRAXX 91 S2"},"content":{"rendered":"<h1>Niske za\u0161titne cipele TRAXX 91 S2<\/h1>\n<p>Niske za\u0161titne cipele TRAXX 91 imaju za\u0161titnu kapicu i klasificirane su u za\u0161titnu klasu S2. Za\u0161titna kapica izra\u0111ena je od \u010delika, \u0161to osigurava najvi\u0161u razinu za\u0161tite. Izra\u0111ene su od nubuk ko\u017ee koja pru\u017ea mekan i prirodan osje\u0107aj. Gornji dio cipele je otporan na upijanje vode (WRU). Podstava za\u0161titne cipele izra\u0111ena je od prozra\u010dnog tekstila s Bata Cool Comfort\u00ae tehnologijom koja osigurava ve\u0107u prozra\u010dnost i smanjuje znojenje stopala. Podstavljeni jezik nudi ve\u0107u udobnost i bolju za\u0161titu. Premium Fit ulo\u017eak od POLIYOU\u00ae materijala s mre\u017eastim slojem osigurava udobnost, apsorpciju udaraca i ve\u0107u stabilnost stopala. Mogu\u0107e ga je skinuti, oprati ili kupiti zamjenski. Za\u0161titne cipele imaju dvoslojni potplat. Srednji sloj izra\u0111en je od poliuretana, a vanjski sloj od QuattroTech\u00ae termoplasti\u010dnog poliuretana koji je vrlo fleksibilan i apsorbira udarce. Potplat je antistati\u010dki (A), otporan na ulja i goriva (FO), pru\u017ea izuzetnu protukliznu za\u0161titu na keramici i metalu (SRC) te nudi korisniku za\u0161titu od hladno\u0107e (CI). Niske za\u0161titne cipele TRAXX 91 S2 prikladne su za rad u suhim i mokrim uvjetima, poljoprivredi, gra\u0111evinarstvu, transportu i logistici, elektroindustriji i te\u0161koj industriji.<\/p>\n<h3>Materijalni sastav i tehni\u010dka svojstva<\/h3>\n<p><strong>Vanjski materijal:<\/strong> Nubuck ko\u017ea<br \/>\n<strong>Podstava:<\/strong> Tekstilna 3-D mre\u017ea, Bata Cool Comfort\u00ae<br \/>\n<strong>Ulo\u017eak:<\/strong> POLIYOU\u00ae, Premium Fit, periv<br \/>\n<strong>Potplat:<\/strong> Dvoslojni, poliuretan (PU) \/ TPU QuattroTech\u00ae<br \/>\n<strong>Zatvaranje:<\/strong> Vezice<\/p>\n<p><strong>Veli\u010dine:<\/strong> 36 &#8211; 48<br \/>\n<strong>\u0160irina:<\/strong> W (klasi\u010dna)<br \/>\n<strong>Boja:<\/strong> Siva, crna<br \/>\n<strong>Model:<\/strong> Mu\u0161ki \/ \u017denski, niski<br \/>\n<strong>Proizvo\u0111a\u010d:<\/strong> <a href=\"https:\/\/www.bataindustrials.com\/\">Bata Industrials<\/a><\/p>\n<p><strong>Tehni\u010dke karakteristike:<\/strong> S2, SRC, FO, A, E, CI, WRU<br \/>\n<strong>Za\u0161tita prstiju:<\/strong> Za\u0161titna kapica (SB), \u010delik, otpornost na probijanje: 200 J<br \/>\n<strong>Za\u0161tita potplata:<\/strong> Sigurnosni ulo\u017eak, \u010delik, FlexGuard\u00ae, otpornost na probijanje: 1100 N<br \/>\n<strong>Norma:<\/strong> CE EN ISO 20345:2011 \/ S2 \/ SRC \/ A \/ E \/ CI<\/p>\n<h3>Opis standarda<\/h3>\n<p>Norma EN ISO 20345 odre\u0111uje osnovne zahtjeve i (opcionalno) dodatne zahtjeve za za\u0161titnu obu\u0107u. Obu\u0107a koja je u skladu s normom EN ISO 20345 mora imati specifi\u010dan oblik, za\u0161titu za prste, potplat protiv klizanja, ergonomska svojstva, gornje cipele, \u010dvrsto\u0107u i zadovoljiti potrebne kriterije ispitivanja. Za\u0161titna obu\u0107a s kapom pogodna je za rad gdje postoji velika mogu\u0107nost o\u0161te\u0107enja od mehani\u010dkih utjecaja.<\/p>\n<h3>Opis kolekcije<\/h3>\n<p>Otkrijte kolekciju TRAXX tvrtke Bata Industrials, liniju za\u0161titne obu\u0107e koja se razvijala vi\u0161e od dvadeset godina te ispunjava i prema\u0161uje sve zakonske, zdravstvene i sigurnosne zahtjeve. TRAXX je ostao bestseller zahvaljuju\u0107i stalnom ugra\u0111ivanju najnovijih tehnologija i nepokolebljivoj predanosti kvaliteti i sigurnosti.<\/p>\n<p>TRAXX modeli dizajnirani su s robusnim zna\u010dajkama uklju\u010duju\u0107i \u010deli\u010dnu kapicu i SRC certificirani potplat za vrhunsku otpornost na klizanje. Visokokvalitetni ulo\u017eak vanjskog potplata pru\u017ea neusporedivu udobnost, dok izbor \u010deli\u010dnih ili FlexGuard\u00ae kompozitnih ulo\u017eaka otpornih na probijanje pru\u017ea maksimalnu za\u0161titu stopala. Odabrani modeli u kolekciji tako\u0111er se mogu pohvaliti vodoodbojnim ili vodootpornim svojstvima koje pru\u017ea HDry\u00ae membrana, a neki su opremljeni TPU gornji\u0161tem otpornim na abraziju za dodatnu izdr\u017eljivost.<\/p>\n<p>TRAXX kolekcija posebnu pozornost pridaje udobnosti pa su ove cipele idealne za profesionalce koji duge sate provode na nogama. Inovativni potplat TPU QuattroTech\u00ae vrlo je fleksibilan, ubla\u017eava i apsorbira udarce te pru\u017ea iznimno prianjanje i stabilnost. To \u010dini kolekciju TRAXX idealnom za radnike koji su navikli dugo hodati, jer pru\u017ea udobnost i sigurnost koja traje cijeli dan.<\/p>\n<p>Odaberite kolekciju TRAXX iz Bata Industrials za za\u0161titnu cipelu koja postavlja nove standarde u za\u0161titi i udobnosti, \u0161to je \u010dini klju\u010dnim izborom za zahtjevne profesionalce u zahtjevnim okru\u017eenjima.<\/p>\n<p><em>Savjete za odabir pravih radnih cipela za va\u0161e potrebe mo\u017eete prona\u0107i u segmentu &#8220;<a href=\"https:\/\/work-foxx.com\/hr\/savjeti\/\">Savjeti stru\u010dnjaka<\/a>&#8220;.<\/em><\/p>\n","protected":false},"excerpt":{"rendered":"<p>Niske za\u0161titne cipele TRAXX 91 imaju za\u0161titnu kapicu i klasificirane su u za\u0161titnu klasu S2. Izra\u0111ene su od nubuk ko\u017ee koja pru\u017ea prirodan osje\u0107aj.<\/p>\n","protected":false},"featured_media":40435,"comment_status":"open","ping_status":"closed","template":"","meta":{"_acf_changed":false,"inline_featured_image":false},"product_brand":[],"product_cat":[748,1013,1042],"product_tag":[],"class_list":{"0":"post-44199","1":"product","2":"type-product","3":"status-publish","4":"has-post-thumbnail","6":"product_cat-niske-zastitne-cipele","7":"product_cat-obuca","8":"product_cat-zastitne-cipele","10":"first","11":"instock","12":"taxable","13":"shipping-taxable","14":"purchasable","15":"product-type-variable"},"acf":[],"_links":{"self":[{"href":"https:\/\/work-foxx.com\/hr\/wp-json\/wp\/v2\/product\/44199","targetHints":{"allow":["GET"]}}],"collection":[{"href":"https:\/\/work-foxx.com\/hr\/wp-json\/wp\/v2\/product"}],"about":[{"href":"https:\/\/work-foxx.com\/hr\/wp-json\/wp\/v2\/types\/product"}],"replies":[{"embeddable":true,"href":"https:\/\/work-foxx.com\/hr\/wp-json\/wp\/v2\/comments?post=44199"}],"wp:featuredmedia":[{"embeddable":true,"href":"https:\/\/work-foxx.com\/hr\/wp-json\/wp\/v2\/media\/40435"}],"wp:attachment":[{"href":"https:\/\/work-foxx.com\/hr\/wp-json\/wp\/v2\/media?parent=44199"}],"wp:term":[{"taxonomy":"product_brand","embeddable":true,"href":"https:\/\/work-foxx.com\/hr\/wp-json\/wp\/v2\/product_brand?post=44199"},{"taxonomy":"product_cat","embeddable":true,"href":"https:\/\/work-foxx.com\/hr\/wp-json\/wp\/v2\/product_cat?post=44199"},{"taxonomy":"product_tag","embeddable":true,"href":"https:\/\/work-foxx.com\/hr\/wp-json\/wp\/v2\/product_tag?post=44199"}],"curies":[{"name":"wp","href":"https:\/\/api.w.org\/{rel}","templated":true}]}}