{"id":43911,"date":"2024-07-01T12:36:00","date_gmt":"2024-07-01T12:36:00","guid":{"rendered":"https:\/\/work-foxx.com\/product\/cizme-summ-boot-brown-s3\/"},"modified":"2026-03-31T12:47:26","modified_gmt":"2026-03-31T12:47:26","slug":"cizme-summ-boot-brown-s3","status":"publish","type":"product","link":"https:\/\/work-foxx.com\/hr\/proizvod\/cizme-summ-boot-brown-s3\/","title":{"rendered":"\u010cizme SUMM BOOT BROWN S3"},"content":{"rendered":"<h1>\u010cizme SUMM BOOT BROWN S3<\/h1>\n<p>\u010cizme SUMM BOOT BROWN imaju za\u0161titnu kapicu i klasificirane su u za\u0161titnu klasu S3. Za\u0161titna kapica izra\u0111ena je od aluminija, a sigurnosni ulo\u017eak od kompozitnog materijala s FlexGuard\u00ae tehnologijom. Izra\u0111ene su od punozrnate ko\u017ee \u0161to omogu\u0107uje lak\u0161e \u010di\u0161\u0107enje i odr\u017eavanje. Gornji dio \u010dizme je otporan na upijanje vode (WRU). Podstava za\u0161titne \u010dizme izra\u0111ena je od prozra\u010dne 3-D mre\u017ee koja omogu\u0107uje ve\u0107u prozra\u010dnost i smanjuje znojenje stopala. Premium Fit ulo\u017eak od POLIYOU\u00ae materijala s mre\u017eastim slojem osigurava udobnost, apsorpciju udaraca i ve\u0107u stabilnost stopala. Ulo\u017eak se mo\u017ee izvaditi, oprati ili kupiti zamjenski. Za\u0161titna kapica (SC) od termoplasti\u010dnog poliuretana nudi dodatnu za\u0161titu od habanja. Za\u0161titne \u010dizme imaju dvoslojni potplat od poliuretana (PU) koji je antistati\u010dan (A), otporan na ulje i gorivo (FO) i pru\u017ea izuzetnu za\u0161titu od klizanja na keramici i metalu (SRC). Vanjski potplat s CI (cold insulation) certifikatom \u010dini \u010dizmu savr\u0161enom za hladne uvjete. \u010cizme SUMM BOOT BROWN S3 prikladne su za rad u suhim i mokrim radnim okru\u017eenjima, poljoprivredi, gra\u0111evinarstvu, rudarstvu, transportu i logistici, automobilskoj i te\u0161koj industriji.<\/p>\n<h3>Sastav materijala i tehni\u010dka svojstva<\/h3>\n<p><strong>Vanjski materijal:<\/strong> Punozrnata ko\u017ea<br \/>\n<strong>Podstava:<\/strong> Tekstilna 3-D mre\u017ea \/ kontrola mirisa<br \/>\n<strong>Ulo\u017eak:<\/strong> POLIYOU\u00ae, Premium Fit, periv<br \/>\n<strong>Potplat:<\/strong> Dvoslojni, poliuretan (PU)<br \/>\n<strong>Zatvaranje:<\/strong> \/<\/p>\n<p><strong>Veli\u010dine:<\/strong> 38 &#8211; 48<br \/>\n<strong>\u0160irina:<\/strong> W (klasi\u010dna)<br \/>\n<strong>Boja:<\/strong> Sme\u0111a<br \/>\n<strong>Model:<\/strong> Mu\u0161ki \/ \u017denski, visok<br \/>\n<strong>Proizvo\u0111a\u010d:<\/strong> <a href=\"https:\/\/www.bataindustrials.com\/\">Bata Industrials<\/a><\/p>\n<p><strong>Tehni\u010dke karakteristike:<\/strong> S3, SRC, FO, A, E, P, WRU, SC, CI<br \/>\n<strong>Za\u0161tita prstiju:<\/strong> Za\u0161titna kapica (SB), aluminij, otpornost na probijanje: 200 J<br \/>\n<strong>Za\u0161tita potplata:<\/strong> Sigurnosni ulo\u017eak, kompozit, FlexGuard\u00ae, otpornost na probijanje: 1100 N<br \/>\n<strong>Norma:<\/strong> CE EN ISO 20345:2011 \/ S3 \/ SRC \/ CI<\/p>\n<h3>Opis standarda<\/h3>\n<p>Norma EN ISO 20345 odre\u0111uje osnovne zahtjeve i (opcionalno) dodatne zahtjeve za za\u0161titnu obu\u0107u. Obu\u0107a koja je u skladu s normom EN ISO 20345 mora imati specifi\u010dan oblik, za\u0161titu za prste, potplat protiv klizanja, ergonomska svojstva, gornje cipele, \u010dvrsto\u0107u i zadovoljiti potrebne kriterije ispitivanja. Za\u0161titna obu\u0107a s kapom pogodna je za rad gdje postoji velika mogu\u0107nost o\u0161te\u0107enja od mehani\u010dkih utjecaja.<\/p>\n<h3>Opis kolekcije<\/h3>\n<p>Predstavljamo kolekciju SUMM+ tvrtke Bata Industrials, gdje se visoka otpornost susre\u0107e s visokom modom u sigurnosnoj obu\u0107i. Ova inovativna KOLEKCIJA spaja sigurnost, izdr\u017eljivost, udobnost i stil, izra\u0111ena s velikim naglaskom na talijansku izradu. Svaki model iz kolekcije SUMM+ utjelovljuje savr\u0161enu ravnote\u017eu izme\u0111u lagane konstrukcije, stabilnosti i protukliznosti, osiguravaju\u0107i iznimne performanse \u010dak i u najekstremnijim radnim uvjetima.<\/p>\n<p>Kolekcija SUMM+ uklju\u010duje niz materijala, od luksuzne ko\u017ee do tehni\u010dkog najlona, \u200b\u200bmikrovlakana i PUTek\u00ae materijala, odabranih zbog svojih vrhunskih performansi i dugog vijeka trajanja. Dizajnirane ne samo za sigurnost, ve\u0107 i za odra\u017eavanje sofisticiranog talijanskog stila, cipele su idealne za profesionalce koji zahtijevaju za\u0161titu i eleganciju.<\/p>\n<p>Klju\u010dni element SUMM+ kolekcije je napredni PU\/TPU potplat (SRC certificiran), koji se mo\u017ee pohvaliti jedinstveno dizajniranom povr\u0161inom profila koja pru\u017ea ve\u0107u razinu otpornosti na klizanje. Lagani aluminijski potplati i FlexGuard\u00ae kompozitni ulo\u0161ci otporni na proboj pru\u017eaju maksimalnu za\u0161titu od opasnosti na radnom mjestu. Uz to, potplat s Premium Fit umetcima pru\u017ea ve\u0107u udobnost, izvrsnu apsorpciju udaraca i ve\u0107u stabilnost.<\/p>\n<p>Svaki model iz linije SUMM+ je antistati\u010dki i zadovoljava standarde certifikata EN ISO 20345:2011, \u0161to jam\u010di sigurnost i kvalitetu. Odaberite kolekciju SUMM+ tvrtke Bata Industrials za sigurnosnu obu\u0107u koja pru\u017ea sveobuhvatnu za\u0161titu bez \u017ertvovanja stila.<\/p>\n<p><em>Savjete za odabir pravih radnih cipela za va\u0161e potrebe mo\u017eete prona\u0107i u segmentu &#8220;<a href=\"https:\/\/work-foxx.com\/hr\/savjeti\/\">Savjeti stru\u010dnjaka<\/a>&#8220;.<\/em><\/p>\n","protected":false},"excerpt":{"rendered":"<p>\u010cizme SUMM BOOT BROWN imaju za\u0161titnu kapicu i klasificirane su u za\u0161titnu klasu S3. Izra\u0111ene su od punozrnate ko\u017ee \u0161to omogu\u0107uje lak\u0161e \u010di\u0161\u0107enje.<\/p>\n","protected":false},"featured_media":40041,"comment_status":"open","ping_status":"closed","template":"","meta":{"_acf_changed":false,"inline_featured_image":false},"product_brand":[],"product_cat":[1015,1929,1013],"product_tag":[],"class_list":{"0":"post-43911","1":"product","2":"type-product","3":"status-publish","4":"has-post-thumbnail","6":"product_cat-cizme","7":"product_cat-kozne-cizme","8":"product_cat-obuca","10":"first","11":"outofstock","12":"taxable","13":"shipping-taxable","14":"purchasable","15":"product-type-variable"},"acf":[],"_links":{"self":[{"href":"https:\/\/work-foxx.com\/hr\/wp-json\/wp\/v2\/product\/43911","targetHints":{"allow":["GET"]}}],"collection":[{"href":"https:\/\/work-foxx.com\/hr\/wp-json\/wp\/v2\/product"}],"about":[{"href":"https:\/\/work-foxx.com\/hr\/wp-json\/wp\/v2\/types\/product"}],"replies":[{"embeddable":true,"href":"https:\/\/work-foxx.com\/hr\/wp-json\/wp\/v2\/comments?post=43911"}],"wp:featuredmedia":[{"embeddable":true,"href":"https:\/\/work-foxx.com\/hr\/wp-json\/wp\/v2\/media\/40041"}],"wp:attachment":[{"href":"https:\/\/work-foxx.com\/hr\/wp-json\/wp\/v2\/media?parent=43911"}],"wp:term":[{"taxonomy":"product_brand","embeddable":true,"href":"https:\/\/work-foxx.com\/hr\/wp-json\/wp\/v2\/product_brand?post=43911"},{"taxonomy":"product_cat","embeddable":true,"href":"https:\/\/work-foxx.com\/hr\/wp-json\/wp\/v2\/product_cat?post=43911"},{"taxonomy":"product_tag","embeddable":true,"href":"https:\/\/work-foxx.com\/hr\/wp-json\/wp\/v2\/product_tag?post=43911"}],"curies":[{"name":"wp","href":"https:\/\/api.w.org\/{rel}","templated":true}]}}