{"id":43828,"date":"2024-07-01T12:36:00","date_gmt":"2024-07-01T12:36:00","guid":{"rendered":"https:\/\/work-foxx.com\/product\/niske-zastitne-cipele-dense-s3\/"},"modified":"2026-03-30T18:06:01","modified_gmt":"2026-03-30T18:06:01","slug":"niske-zastitne-cipele-dense-s3","status":"publish","type":"product","link":"https:\/\/work-foxx.com\/hr\/proizvod\/niske-zastitne-cipele-dense-s3\/","title":{"rendered":"Niske za\u0161titne cipele DENSE S3"},"content":{"rendered":"<h1>Niske za\u0161titne cipele DENSE S3<\/h1>\n<p>Niske za\u0161titne cipele DENSE imaju za\u0161titnu kapicu i klasificirane su u za\u0161titnu klasu S3. Za\u0161titna kapica i sigurnosni ulo\u017eak izra\u0111eni su od kompozitnog materijala, \u0161to smanjuje te\u017einu za\u0161titnih cipela. Izra\u0111ene su od kombinacije izdr\u017eljive mikrofibre i mre\u017easte tkanine koja pru\u017ea meko\u0107u, izdr\u017eljivost i prozra\u010dnost. Gornji dio cipele je otporan na upijanje vode (WRU). Podstava za\u0161titne cipele izra\u0111ena je od prozra\u010dne 3-D mre\u017ee koja osigurava ve\u0107u prozra\u010dnost i smanjuje znojenje stopala. Podstavljeni jezik nudi ve\u0107u udobnost i bolju za\u0161titu. Ulo\u017eak od poliuretanske pjene (Poliyou) pru\u017ea udobnost, amortizaciju i ve\u0107u stabilnost stopala. Mogu\u0107e ga je skinuti, oprati ili kupiti zamjenski. Za\u0161titne cipele imaju dvoslojni potplat od EVA gume i gume koji je antistati\u010dan (A), otporan na ulja i goriva (FO) te pru\u017ea izuzetnu protukliznu za\u0161titu na keramici i metalu (SRC). Potplat \u0161titi korisnika od topline (HI) i hladno\u0107e (CI). Za\u0161titna cipela postavlja standard u sigurnosti, prozra\u010dnosti, lako\u0107i i dizajnu i savr\u0161ena je za profesionalce u pokretu. Niske za\u0161titne cipele DENSE S3 prikladne su za rad u suhim i mokrim okru\u017eenjima, odr\u017eavanje, monta\u017eu, elektroindustriju, transport i logistiku, automobilsku i laku industriju.<\/p>\n<h3>Materijalni sastav i tehni\u010dka svojstva<\/h3>\n<p><strong>Vanjski materijal:<\/strong> Mikrofibra \/ mre\u017easta tkanina<br \/>\n<strong>Podstava:<\/strong> Tekstilna 3-D mre\u017ea<br \/>\n<strong>Ulo\u017eak:<\/strong> Poliuretanska (PU) pjena (Poliyou &#8211; anatomska pjena s tekstilnom presvlakom)<br \/>\n<strong>Potplat:<\/strong> Dvoslojni, EVA guma\/guma<br \/>\n<strong>Zatvaranje:<\/strong> Vezice<\/p>\n<p><strong>Veli\u010dine:<\/strong> 35 &#8211; 48<br \/>\n<strong>\u0160irina:<\/strong> W (klasi\u010dna)<br \/>\n<strong>Boja:<\/strong> Crna, siva<br \/>\n<strong>Model:<\/strong> Mu\u0161ki \/ \u017denski, niski<br \/>\n<strong>Proizvo\u0111a\u010d:<\/strong> <a href=\"https:\/\/www.bataindustrials.com\/\">Bata Industrials<\/a><\/p>\n<p><strong>Tehni\u010dke karakteristike:<\/strong> S3, SRC, FO, A, E, P, ESD, HI, CI, WRU<br \/>\n<strong>Za\u0161tita prstiju:<\/strong> Za\u0161titna kapica (SB), kompozit, otpornost na probijanje: 200 J<br \/>\n<strong>Za\u0161tita potplata:<\/strong> Sigurnosni ulo\u017eak, kompozit, FlexGuard\u00ae, otpornost na probijanje: 1100 N<br \/>\n<strong>Norma:<\/strong> CE EN ISO 20345:2011 \/ S3 \/ SRC<\/p>\n<h3>Opis standarda<\/h3>\n<p>Norma EN ISO 20345 odre\u0111uje osnovne zahtjeve i (opcionalno) dodatne zahtjeve za za\u0161titnu obu\u0107u. Obu\u0107a koja je u skladu s normom EN ISO 20345 mora imati specifi\u010dan oblik, za\u0161titu za prste, potplat protiv klizanja, ergonomska svojstva, gornje cipele, \u010dvrsto\u0107u i zadovoljiti potrebne kriterije ispitivanja. Za\u0161titna obu\u0107a s kapom pogodna je za rad gdje postoji velika mogu\u0107nost o\u0161te\u0107enja od mehani\u010dkih utjecaja.<\/p>\n<h3>Opis kolekcije<\/h3>\n<p>Predstavljamo kolekciju SportMates\u00ae tvrtke Bata Industrials, skrojenu za profesionalce koji se bave sportom i cijene i koji zahtijevaju sigurnost bez kompromisa u stilu i udobnosti. Ova inovativna linija uklju\u010duje dva modela dizajnirana s naglaskom na sigurnost, prozra\u010dnost i laganu konstrukciju.<\/p>\n<p>Modeli SportMates\u00ae opremljeni su gumenim potplatom s certifikatom SRC koji ima napredni Tunnelsystem\u00ae &#8211; jedinstveni amortizer razvijen u suradnji s profesorom W. Baumannom, renomiranim profesorom biomehanike. Ovaj sustav je dizajniran da sprije\u010di umor, gubitak koncentracije i nezgode, \u010dime se zna\u010dajno pove\u0107ava sigurnost korisnika.<\/p>\n<p>Svaka cipela u kolekciji ima sportski i lagani dizajn, \u0161to je \u010dini izvrsnim izborom za profesionalce koji cijene i izvedbu i estetiku. Mekani EVA me\u0111upotplat pru\u017ea iznimnu udobnost i visoku razinu apsorpcije udaraca, u kombinaciji s ulo\u0161kom od poliuretanske pjene i prozra\u010dnim, laganim gornji\u0161tem. Zajedno, ove zna\u010dajke osiguravaju optimalnu klimu i udobnost unutar cipele tijekom cijelog dana.<\/p>\n<p>SportMates\u00ae nisu samo sigurnost, oni je redefiniraju, kombiniraju\u0107i najbolju za\u0161titu s modernom estetikom nalik na tenisice, kao i maksimalnu udobnost i stabilnost. Bilo da se kre\u0107ete zahtjevnim radnim mjestom ili se kre\u0107ete urbanim prostorima, kolekcija SportMates\u00ae tvrtke Bata Industrials osigurava da \u0107ete biti najbolji dok izgledate sjajno.<\/p>\n<p><em>Savjete za odabir pravih radnih cipela za va\u0161e potrebe mo\u017eete prona\u0107i u segmentu &#8220;<a href=\"https:\/\/work-foxx.com\/hr\/savjeti\/\">Savjeti stru\u010dnjaka<\/a>&#8220;.<\/em><\/p>\n","protected":false},"excerpt":{"rendered":"<p>Niske za\u0161titne cipele DENSE imaju za\u0161titnu kapicu i klasificirane su u za\u0161titnu klasu S3. Izra\u0111ene su od kombinacije izdr\u017eljive mikrofibre i tkanine.<\/p>\n","protected":false},"featured_media":39948,"comment_status":"open","ping_status":"closed","template":"","meta":{"_acf_changed":false,"inline_featured_image":false},"product_brand":[],"product_cat":[748,1013,1042],"product_tag":[],"class_list":{"0":"post-43828","1":"product","2":"type-product","3":"status-publish","4":"has-post-thumbnail","6":"product_cat-niske-zastitne-cipele","7":"product_cat-obuca","8":"product_cat-zastitne-cipele","10":"first","11":"instock","12":"taxable","13":"shipping-taxable","14":"purchasable","15":"product-type-variable"},"acf":[],"_links":{"self":[{"href":"https:\/\/work-foxx.com\/hr\/wp-json\/wp\/v2\/product\/43828","targetHints":{"allow":["GET"]}}],"collection":[{"href":"https:\/\/work-foxx.com\/hr\/wp-json\/wp\/v2\/product"}],"about":[{"href":"https:\/\/work-foxx.com\/hr\/wp-json\/wp\/v2\/types\/product"}],"replies":[{"embeddable":true,"href":"https:\/\/work-foxx.com\/hr\/wp-json\/wp\/v2\/comments?post=43828"}],"wp:featuredmedia":[{"embeddable":true,"href":"https:\/\/work-foxx.com\/hr\/wp-json\/wp\/v2\/media\/39948"}],"wp:attachment":[{"href":"https:\/\/work-foxx.com\/hr\/wp-json\/wp\/v2\/media?parent=43828"}],"wp:term":[{"taxonomy":"product_brand","embeddable":true,"href":"https:\/\/work-foxx.com\/hr\/wp-json\/wp\/v2\/product_brand?post=43828"},{"taxonomy":"product_cat","embeddable":true,"href":"https:\/\/work-foxx.com\/hr\/wp-json\/wp\/v2\/product_cat?post=43828"},{"taxonomy":"product_tag","embeddable":true,"href":"https:\/\/work-foxx.com\/hr\/wp-json\/wp\/v2\/product_tag?post=43828"}],"curies":[{"name":"wp","href":"https:\/\/api.w.org\/{rel}","templated":true}]}}