{"id":43689,"date":"2024-07-01T12:36:00","date_gmt":"2024-07-01T12:36:00","guid":{"rendered":"https:\/\/work-foxx.com\/product\/niske-zastitne-cipele-spark-s1p\/"},"modified":"2026-03-30T18:08:00","modified_gmt":"2026-03-30T18:08:00","slug":"niske-zastitne-cipele-spark-s1p","status":"publish","type":"product","link":"https:\/\/work-foxx.com\/hr\/proizvod\/niske-zastitne-cipele-spark-s1p\/","title":{"rendered":"Niske za\u0161titne cipele SPARK S1P"},"content":{"rendered":"<h1>Niske za\u0161titne cipele SPARK S1P<\/h1>\n<p>Niske za\u0161titne cipele SPARK imaju za\u0161titnu kapicu i klasificirane su u za\u0161titnu klasu S1P. Za\u0161titna kapica i sigurnosni ulo\u017eak izra\u0111eni su od kompozitnog materijala, \u0161to smanjuje te\u017einu za\u0161titnih cipela. Budu\u0107i da su za\u0161titne cipele Spark razvijene od laganih materijala, cipela je lagana poput pera. Izra\u0111ene su od izdr\u017eljivog tekstila otpornog na habanje koji pru\u017ea meko\u0107u, izdr\u017eljivost i prozra\u010dnost. Podstava za\u0161titne cipele izra\u0111ena je od prozra\u010dne 3-D mre\u017ee koja osigurava ve\u0107u prozra\u010dnost i smanjuje znojenje stopala. Podstavljeni jezik nudi ve\u0107u udobnost i bolju za\u0161titu. EVA gumeni ulo\u017eak pru\u017ea udobnost, apsorpciju udaraca i ve\u0107u stabilnost stopala. Mogu\u0107e ga je skinuti, oprati ili kupiti zamjenski. Vanjska za\u0161titna kapica (SC) izra\u0111ena od termoplasti\u010dnog poliuretana (TPU) nudi dodatnu za\u0161titu od habanja. Za\u0161titne cipele imaju inovativni dvoslojni potplat najvi\u0161e kvalitete. Srednji dio potplata izra\u0111en je od lagane EVA gume s 3B-Motion tehnologijom: Bata Boosting Base. Ova tehnika daje va\u0161im stopalima ogroman poticaj pri svakom koraku koji napravite. Vanjski dio potplata izra\u0111en je od gume renomiranog svjetskog proizvo\u0111a\u010da Vibram. Vibram potplati poznati su po svojoj izdr\u017eljivosti, izvrsnom prianjanju i otpornosti na ekstremne uvjete, \u0161to ih \u010dini idealnim za rad i druge aktivnosti na otvorenom. Vibram koristi vulkaniziranu gumu koja pobolj\u0161ava performanse pri niskim temperaturama i na skliskim povr\u0161inama. Potplat je antistati\u010dan (A), otporan na ulja i goriva (FO) i pru\u017ea izuzetnu protukliznu za\u0161titu na keramici i metalu (SRC). Potplat \u0161titi korisnika od elektrostati\u010dkog pra\u017enjenja (ESD), udara, topline (HI) i kontaktne topline do 300 \u00b0C (HRO). Niske za\u0161titne cipele SPARK S1P prikladne su za rad u suhim okru\u017eenjima, odr\u017eavanje, monta\u017eu, elektroindustriju, transport i logistiku, automobilsku i laku industriju.<\/p>\n<h3>Materijalni sastav i tehni\u010dka svojstva<\/h3>\n<p><strong>Vanjski materijal:<\/strong> Pletena tkanina otporna na habanje<br \/>\n<strong>Podstava:<\/strong> Tekstilna 3-D mre\u017ea \/ kontrola mirisa<br \/>\n<strong>Ulo\u017eak:<\/strong> EVA guma<br \/>\n<strong>Potplat:<\/strong> Dvoslojni, EVA guma 3B-Motion \/ Vibram guma<br \/>\n<strong>Zatvaranje:<\/strong> Vezice<\/p>\n<p><strong>Veli\u010dine:<\/strong> 35 &#8211; 47<br \/>\n<strong>\u0160irina:<\/strong> W (klasi\u010dna)<br \/>\n<strong>Boja:<\/strong> Crna, crvena<br \/>\n<strong>Model:<\/strong> Mu\u0161ki \/ \u017denski, niski<br \/>\n<strong>Proizvo\u0111a\u010d:<\/strong> <a href=\"https:\/\/www.bataindustrials.com\/\">Bata Industrials<\/a><\/p>\n<p><strong>Tehni\u010dke karakteristike:<\/strong> S1P, SRC, FO, A, E, P, ESD, HI, HRO, SC<br \/>\n<strong>Za\u0161tita prstiju:<\/strong> Za\u0161titna kapica (SB), kompozit, otpornost na probijanje: 200 J<br \/>\n<strong>Za\u0161tita potplata:<\/strong> Sigurnosni ulo\u017eak, kompozit, FlexGuard\u00ae, otpornost na probijanje: 1100 N<br \/>\n<strong>Standard:<\/strong> CE EN ISO 20345:2011 \/ S1P \/ SRC \/ HI \/ HRO \/ BS EN 61340-4-3:2002<\/p>\n<h3>Opis standarda<\/h3>\n<p>Norma EN ISO 20345 odre\u0111uje osnovne zahtjeve i (opcionalno) dodatne zahtjeve za za\u0161titnu obu\u0107u. Obu\u0107a koja je u skladu s normom EN ISO 20345 mora imati specifi\u010dan oblik, za\u0161titu za prste, potplat protiv klizanja, ergonomska svojstva, gornje cipele, \u010dvrsto\u0107u i zadovoljiti potrebne kriterije ispitivanja. Za\u0161titna obu\u0107a s kapom pogodna je za rad gdje postoji velika mogu\u0107nost o\u0161te\u0107enja od mehani\u010dkih utjecaja.<\/p>\n<p>Norma EN 61340-4-3:2002 opisuje metodu ispitivanja za odre\u0111ivanje elektri\u010dnog otpora obu\u0107e koja se koristi za pra\u0107enje elektrostatskog potencijala na ljudima. Ova je norma prikladna i za proizvo\u0111a\u010da obu\u0107e i za krajnjeg korisnika.<\/p>\n<h3>Opis kolekcije<\/h3>\n<p>O\u017eivite svoj radni dan s kolekcijom Radiance tvrtke Bata Industrials, gdje se za\u0161titna obu\u0107a pretvara u dinami\u010dnu kombinaciju stila i za\u0161tite. Ova je kolekcija posebno dizajnirana za one koji cijene i estetiku i funkcionalnost u svojoj za\u0161titni opremi. Svaki model iz kolekcije Radiance pru\u017ea obe\u0107anje maksimalne za\u0161tite i cjelodnevne udobnosti svojim sportskim izgledom i opse\u017enim sigurnosnim zna\u010dajkama.<\/p>\n<p>Za\u0161titne cipele Radiance isti\u010du se atraktivnim dizajnom i inovativnim funkcijama. Svaka cipela ima ekskluzivnu tehnologiju 3B-Motion poznatu kao Bata&#8217;s Boosting Base, koja daje energiju svakom va\u0161em koraku i ozbiljno pove\u0107ava va\u0161u izvedbu tijekom dana. Ova tehnologija osigurava da va\u0161a stopala dobiju ogroman porast snage, \u0161to vam olak\u0161ava izdr\u017eavanje dugih sati na nogama.<\/p>\n<p>Uz moderan izgled, Radiance cipele tako\u0111er imaju lagani EVA me\u0111upotplat pobolj\u0161an Bata 3B-Motion tehnologijom za vrhunsku udobnost i povrat energije. Kombinacija visoko elasti\u010dnog EVA ulo\u0161ka i robusnog Vibram\u00ae potplata sa SRC certifikatom osigurava optimalnu razinu udobnosti, izdr\u017eljivosti i otpornosti na klizanje. Ova kombinacija zna\u010dajki osigurava da \u0107e va\u0161a stopala ostati udobna, a razina energije visoka \u010dak i nakon dugog dana na poslu.<\/p>\n<p>Odaberite kolekciju Radiance tvrtke Bata Industrials za za\u0161titne cipele koje vam daju energiju i udobnost, a istovremeno daju ozbiljnu izjavu o stilu. Izvrstan izbor za profesionalce koji zahtijevaju sigurnost, udobnost i stil u svojoj radnoj obu\u0107i.<\/p>\n<p><em>Savjete za odabir pravih radnih cipela za va\u0161e potrebe mo\u017eete prona\u0107i u segmentu &#8220;<a href=\"https:\/\/work-foxx.com\/hr\/savjeti\/\">Savjeti stru\u010dnjaka<\/a>&#8220;.<\/em><\/p>\n","protected":false},"excerpt":{"rendered":"<p>Niske za\u0161titne cipele SPARK imaju za\u0161titnu kapicu i klasificirane su u za\u0161titnu klasu S1P. Izra\u0111ene su od laganog i izdr\u017eljivog tekstila.<\/p>\n","protected":false},"featured_media":39801,"comment_status":"open","ping_status":"closed","template":"","meta":{"_acf_changed":false,"inline_featured_image":false},"product_brand":[],"product_cat":[748,1013,1042],"product_tag":[],"class_list":{"0":"post-43689","1":"product","2":"type-product","3":"status-publish","4":"has-post-thumbnail","6":"product_cat-niske-zastitne-cipele","7":"product_cat-obuca","8":"product_cat-zastitne-cipele","10":"first","11":"instock","12":"taxable","13":"shipping-taxable","14":"purchasable","15":"product-type-variable"},"acf":[],"_links":{"self":[{"href":"https:\/\/work-foxx.com\/hr\/wp-json\/wp\/v2\/product\/43689","targetHints":{"allow":["GET"]}}],"collection":[{"href":"https:\/\/work-foxx.com\/hr\/wp-json\/wp\/v2\/product"}],"about":[{"href":"https:\/\/work-foxx.com\/hr\/wp-json\/wp\/v2\/types\/product"}],"replies":[{"embeddable":true,"href":"https:\/\/work-foxx.com\/hr\/wp-json\/wp\/v2\/comments?post=43689"}],"wp:featuredmedia":[{"embeddable":true,"href":"https:\/\/work-foxx.com\/hr\/wp-json\/wp\/v2\/media\/39801"}],"wp:attachment":[{"href":"https:\/\/work-foxx.com\/hr\/wp-json\/wp\/v2\/media?parent=43689"}],"wp:term":[{"taxonomy":"product_brand","embeddable":true,"href":"https:\/\/work-foxx.com\/hr\/wp-json\/wp\/v2\/product_brand?post=43689"},{"taxonomy":"product_cat","embeddable":true,"href":"https:\/\/work-foxx.com\/hr\/wp-json\/wp\/v2\/product_cat?post=43689"},{"taxonomy":"product_tag","embeddable":true,"href":"https:\/\/work-foxx.com\/hr\/wp-json\/wp\/v2\/product_tag?post=43689"}],"curies":[{"name":"wp","href":"https:\/\/api.w.org\/{rel}","templated":true}]}}