{"id":43592,"date":"2024-07-01T12:35:00","date_gmt":"2024-07-01T12:35:00","guid":{"rendered":"https:\/\/work-foxx.com\/product\/visoke-sigurnosne-cipele-vector-s3\/"},"modified":"2026-03-30T18:08:03","modified_gmt":"2026-03-30T18:08:03","slug":"visoke-zastitne-cipele-vector-s3","status":"publish","type":"product","link":"https:\/\/work-foxx.com\/hr\/proizvod\/visoke-zastitne-cipele-vector-s3\/","title":{"rendered":"Visoke za\u0161titne cipele VECTOR S3"},"content":{"rendered":"<h1>Visoke za\u0161titne cipele VECTOR S3<\/h1>\n<p>Visoke za\u0161titne cipele VECTOR imaju za\u0161titnu kapicu i klasificirane su u za\u0161titnu klasu S3. Za\u0161titna kapica i sigurnosni ulo\u017eak izra\u0111eni su od \u010delika, \u0161to osigurava najvi\u0161u razinu za\u0161tite. Izra\u0111ene su od punozrnate ko\u017ee \u0161to omogu\u0107uje lak\u0161e \u010di\u0161\u0107enje i odr\u017eavanje. Gornji dio cipele je otporan na upijanje vode (WRU). Podstava za\u0161titne cipele izra\u0111ena je od prozra\u010dne 3-D mre\u017ee s Bata Cool Comfort\u00ae tehnologijom koja osigurava ve\u0107u prozra\u010dnost i smanjuje znojenje stopala. Podstavljeni jezik nudi ve\u0107u udobnost i bolju za\u0161titu. Ulo\u017eak od poliuretanske pjene (Poliyou) pru\u017ea udobnost, amortizaciju i ve\u0107u stabilnost stopala. Mogu\u0107e ga je skinuti, oprati ili kupiti zamjenski. Vanjska za\u0161titna kapica (SC) od poliuretana (PU) nudi dodatnu za\u0161titu od habanja. Za\u0161titne cipele imaju dvoslojni potplat od poliuretana (PU) i termoplasti\u010dnog poliuretana (TPU), koji je antistati\u010dan (A), otporan na ulja i goriva (FO) te pru\u017ea izuzetnu protukliznu za\u0161titu na keramici i metalu (SRC ). Potplat \u0161titi korisnika od elektrostati\u010dkog pra\u017enjenja (ESD), udara, topline (HI) i hladno\u0107e (CI). Visoke za\u0161titne cipele VECTOR S3 pogodne su za rad u poljoprivredi, automobilskoj industriji, gra\u0111evinarstvu, elektroindustriji, lakoj industriji, transportu i logistici.<\/p>\n<h3>Materijalni sastav i tehni\u010dka svojstva<\/h3>\n<p><strong>Vanjski materijal:<\/strong> Punozrnata ko\u017ea<br \/>\n<strong>Podstava:<\/strong> Tekstilna 3-D mre\u017ea, Bata Cool Comfort\u00ae-crna \/ kontrola mirisa<br \/>\n<strong>Ulo\u017eak:<\/strong> Poliuretanska (PU) pjena (Poliyou &#8211; anatomska pjena s tekstilnom presvlakom)<br \/>\n<strong>Potplat:<\/strong> Dvoslojni, poliuretan (PU) \/ QuattroTech\u00ae termoplasti\u010dni poliuretan (TPU)<br \/>\n<strong>Zatvaranje:<\/strong> Vezice<\/p>\n<p><strong>Veli\u010dine:<\/strong> 36 &#8211; 48<br \/>\n<strong>\u0160irina:<\/strong> W (klasi\u010dna), dostupni i u \u0161irini XW (na zahtjev)<br \/>\n<strong>Boja:<\/strong> Crna, naran\u010dasta<br \/>\n<strong>Model:<\/strong> Mu\u0161ki \/ \u017denski, visok<br \/>\n<strong>Proizvo\u0111a\u010d:<\/strong> <a href=\"https:\/\/www.bataindustrials.com\/\">Bata Industrials<\/a><\/p>\n<p><strong>Tehni\u010dke karakteristike:<\/strong> S3, SRC, FO, A, E, P, ESD, HI, CI, WRU, SC<br \/>\n<strong>Za\u0161tita prstiju:<\/strong> Za\u0161titna kapica (SB), \u010delik, otpornost na probijanje: 200 J<br \/>\n<strong>Za\u0161tita potplata:<\/strong> Sigurnosni umetak, \u010delik, otpornost na probijanje: 1100 N<br \/>\n<strong>Standard:<\/strong> CE EN ISO 20345:2011 \/ S3 HI \/ CI \/ SRC \/ BS EN 61340-4-3:2002 Klasa 1, 2, 3<\/p>\n<h3>Opis standarda<\/h3>\n<p>Norma EN ISO 20345 odre\u0111uje osnovne zahtjeve i (opcionalno) dodatne zahtjeve za za\u0161titnu obu\u0107u. Obu\u0107a koja je u skladu s normom EN ISO 20345 mora imati specifi\u010dan oblik, za\u0161titu za prste, potplat protiv klizanja, ergonomska svojstva, gornje cipele, \u010dvrsto\u0107u i zadovoljiti potrebne kriterije ispitivanja. Za\u0161titna obu\u0107a s kapom pogodna je za rad gdje postoji velika mogu\u0107nost o\u0161te\u0107enja od mehani\u010dkih utjecaja.<\/p>\n<p>Norma EN 61340-4-3:2002 opisuje metodu ispitivanja za odre\u0111ivanje elektri\u010dnog otpora obu\u0107e koja se koristi za pra\u0107enje elektrostatskog potencijala na ljudima. Ova je norma prikladna i za proizvo\u0111a\u010da obu\u0107e i za krajnjeg korisnika.<\/p>\n<h3>Opis kolekcije<\/h3>\n<p>Predstavljamo novu kolekciju Bata Industrials, gdje se napredna tehnologija susre\u0107e sa suvremenim stilom u za\u0161titnoj obu\u0107i. Ova je kolekcija dizajnirana kako bi pru\u017eila maksimalnu u\u010dinkovitost i udobnost, dr\u017ee\u0107i vas energijom tijekom cijelog radnog dana. S inovativnom tehnologijom Walkline\u00ae 2.0, kolekcija Nova pomi\u010de granice sigurnosti, zdravlja i udobnosti te optimizira hod i korak korisnika za ve\u0107u energiju i podr\u0161ku.<\/p>\n<p>Svaka cipela u kolekciji Nova izra\u0111ena je od visokotehnolo\u0161kih materijala od mikrovlakana i prozra\u010dnih tkanina, u kombinaciji s fleksibilnim i dinami\u010dnim PU\/QuattroTech\u00ae TPU potplatom s certifikatom SRC. Ovakav sastav osigurava ne samo iznimno elegantan izgled cipela, ve\u0107 i sigurnost i lako\u0107u no\u0161enja. Zbog laganih i prozra\u010dnih materijala, Nova obu\u0107a je izuzetno udobna i pogodna za vi\u0161esatno no\u0161enje.<\/p>\n<p>Biomehani\u010dke prednosti Walkline\u00ae 2.0 sustava nadopunjuju Flexline linije u potplatu, koje su uskla\u0111ene s prirodnim fleksionim zonama stopala, omogu\u0107uju\u0107i energi\u010dniji i u\u010dinkovitiji hod. Robusna potpetica pobolj\u0161ava stabilnost i ergonomiju te dodatno pridonosi ukupnoj udobnosti i sigurnosti obu\u0107e.<\/p>\n<p>Odaberite kolekciju za\u0161titne obu\u0107e Nova kompanije Bata Industrials koja ne radi kompromise u pogledu stila ili performansi, osiguravaju\u0107i da ostanete puni energije i udobni bez obzira kamo vas posao odvede.<\/p>\n<p><em>Savjete za odabir pravih radnih cipela za va\u0161e potrebe mo\u017eete prona\u0107i u segmentu &#8220;<a href=\"https:\/\/work-foxx.com\/hr\/savjeti\/\">Savjeti stru\u010dnjaka<\/a>&#8220;.<\/em><\/p>\n","protected":false},"excerpt":{"rendered":"<p>Visoke za\u0161titne cipele VECTOR imaju za\u0161titnu kapicu i klasificirane su u za\u0161titnu klasu S3. Izra\u0111ene su od punozrnate ko\u017ee \u0161to omogu\u0107uje lak\u0161e \u010di\u0161\u0107enje.<\/p>\n","protected":false},"featured_media":39686,"comment_status":"open","ping_status":"closed","template":"","meta":{"_acf_changed":false,"inline_featured_image":false},"product_brand":[],"product_cat":[1013,1045,1042],"product_tag":[],"class_list":{"0":"post-43592","1":"product","2":"type-product","3":"status-publish","4":"has-post-thumbnail","6":"product_cat-obuca","7":"product_cat-visoke-zastitne-cipele","8":"product_cat-zastitne-cipele","10":"first","11":"instock","12":"taxable","13":"shipping-taxable","14":"purchasable","15":"product-type-variable"},"acf":[],"_links":{"self":[{"href":"https:\/\/work-foxx.com\/hr\/wp-json\/wp\/v2\/product\/43592","targetHints":{"allow":["GET"]}}],"collection":[{"href":"https:\/\/work-foxx.com\/hr\/wp-json\/wp\/v2\/product"}],"about":[{"href":"https:\/\/work-foxx.com\/hr\/wp-json\/wp\/v2\/types\/product"}],"replies":[{"embeddable":true,"href":"https:\/\/work-foxx.com\/hr\/wp-json\/wp\/v2\/comments?post=43592"}],"wp:featuredmedia":[{"embeddable":true,"href":"https:\/\/work-foxx.com\/hr\/wp-json\/wp\/v2\/media\/39686"}],"wp:attachment":[{"href":"https:\/\/work-foxx.com\/hr\/wp-json\/wp\/v2\/media?parent=43592"}],"wp:term":[{"taxonomy":"product_brand","embeddable":true,"href":"https:\/\/work-foxx.com\/hr\/wp-json\/wp\/v2\/product_brand?post=43592"},{"taxonomy":"product_cat","embeddable":true,"href":"https:\/\/work-foxx.com\/hr\/wp-json\/wp\/v2\/product_cat?post=43592"},{"taxonomy":"product_tag","embeddable":true,"href":"https:\/\/work-foxx.com\/hr\/wp-json\/wp\/v2\/product_tag?post=43592"}],"curies":[{"name":"wp","href":"https:\/\/api.w.org\/{rel}","templated":true}]}}