{"id":43455,"date":"2024-07-01T12:35:00","date_gmt":"2024-07-01T12:35:00","guid":{"rendered":"https:\/\/work-foxx.com\/product\/cizme-barge-s3\/"},"modified":"2026-03-31T12:47:28","modified_gmt":"2026-03-31T12:47:28","slug":"cizme-barge-s3","status":"publish","type":"product","link":"https:\/\/work-foxx.com\/hr\/proizvod\/cizme-barge-s3\/","title":{"rendered":"\u010cizme BARGE S3"},"content":{"rendered":"<h1>\u010cizme BARGE S3<\/h1>\n<p>\u010cizme BARGE imaju za\u0161titnu kapicu i klasificirane su u za\u0161titnu klasu S3. Za\u0161titna kapica i sigurnosni ulo\u017eak izra\u0111eni su od kompozitnog materijala, \u0161to smanjuje te\u017einu za\u0161titnih \u010dizama. Izra\u0111ene su od punozrnate ko\u017ee \u0161to omogu\u0107uje lak\u0161e \u010di\u0161\u0107enje i odr\u017eavanje. Dodatni premaz od termoplasti\u010dnog poliuretana (TPU) pru\u017ea za\u0161titu od tro\u0161enja i o\u0161te\u0107enja. \u010cizme imaju HDry vodootpornu membranu koja \u0161titi korisnika od curenja vode (WR). Podstava za\u0161titne \u010dizme izra\u0111ena je od prozra\u010dne 3-D mre\u017ee s Bata Cool Comfort\u00ae tehnologijom koja osigurava ve\u0107u prozra\u010dnost i smanjuje znojenje stopala. Ulo\u017eak izra\u0111en od poliuretanske pjene (PU) s premazom od bru\u0161ene ko\u017ee (Suedetec) pru\u017ea udobnost, apsorpciju udaraca i ve\u0107u stabilnost stopala. Mogu\u0107e ga je skinuti, oprati ili kupiti zamjenski. Vanjska za\u0161titna kapica (SC) od gume nudi dodatnu za\u0161titu od habanja. Za\u0161titne \u010dizme imaju dvoslojni potplat od poliuretana (PU) i gume koji je antistati\u010dan (A), otporan na ulja i goriva (FO) te pru\u017ea izuzetnu protukliznu za\u0161titu na keramici i metalu (SRC). \u0160titi korisnika od kontaktne topline do 300 \u00b0C (HRO). Visoke za\u0161titne \u010dizme BARGE S3 pogodne su za rad u najzahtjevnijim vla\u017enim i mokrim radnim okru\u017eenjima, poljoprivredi, elektroindustriji, gra\u0111evinarstvu, rudarstvu, transportu i logistici, automobilskoj i te\u0161koj industriji.<\/p>\n<h3>Materijalni sastav i tehni\u010dka svojstva<\/h3>\n<p><strong>Vanjski materijal:<\/strong> Punozrnata ko\u017ea, TPU otporan na abraziju<br \/>\n<strong>Podstava:<\/strong> Tekstilna 3-D mre\u017ea, Bata Cool Comfort\u00ae-crna \/ kontrola mirisa<br \/>\n<strong>Ulo\u017eak:<\/strong> Poliuretanska (PU) pjena s premazom od antilopa (Suedetec)<br \/>\n<strong>Potplat:<\/strong> Dvoslojni, poliuretan (PU) \/ guma<br \/>\n<strong>Zatvaranje:<\/strong> \/<\/p>\n<p><strong>Veli\u010dine:<\/strong> 36 &#8211; 49<br \/>\n<strong>\u0160irina:<\/strong> XW (\u0161iroki model)<br \/>\n<strong>Boja:<\/strong> Crna, crvena<br \/>\n<strong>Model:<\/strong> Mu\u0161ki \/ \u017denski, visok<br \/>\n<strong>Proizvo\u0111a\u010d:<\/strong> <a href=\"https:\/\/www.bataindustrials.com\/\">Bata Industrials<\/a><\/p>\n<p><strong>Tehni\u010dke karakteristike:<\/strong> S3, SRC, FO, A, E, P, WR, SC, HRO<br \/>\n<strong>Za\u0161tita prstiju:<\/strong> Za\u0161titna kapica (SB), kompozit, otpornost na probijanje: 200 J<br \/>\n<strong>Za\u0161tita potplata:<\/strong> Sigurnosni ulo\u017eak, kompozit, FlexGuard\u00ae, otpornost na probijanje: 1100 N<br \/>\n<strong>Norma:<\/strong> CE EN ISO 20345:2011 \/ S3 \/ SRC \/ WR \/ HRO<\/p>\n<h3>Opis standarda<\/h3>\n<p>Norma EN ISO 20345 odre\u0111uje osnovne zahtjeve i (opcionalno) dodatne zahtjeve za za\u0161titnu obu\u0107u. Obu\u0107a koja je u skladu s normom EN ISO 20345 mora imati specifi\u010dan oblik, za\u0161titu za prste, potplat protiv klizanja, ergonomska svojstva, gornje cipele, \u010dvrsto\u0107u i zadovoljiti potrebne kriterije ispitivanja. Za\u0161titna obu\u0107a s kapom pogodna je za rad gdje postoji velika mogu\u0107nost o\u0161te\u0107enja od mehani\u010dkih utjecaja.<\/p>\n<h3>Opis kolekcije<\/h3>\n<p>Otkrijte kolekciju Mammoet tvrtke Bata Industrials, vrhunsku liniju radne obu\u0107e dizajniranu da zadovolji stroge zahtjeve profesionalaca u najzahtjevnijim industrijama diljem svijeta. Ve\u0107 vi\u0161e od 200 godina Mammoet izvodi najzahtjevnije operacije dizanja i transporta diljem svijeta, posebno u sektorima kao \u0161to su petrokemijski, pomorski, energetski, pomorski i gra\u0111evinski sektor. Nadahnuta Mammoetovim naslije\u0111em pomicanja granica u te\u0161kim i udaljenim okru\u017eenjima, ova je kolekcija izra\u0111ena s istom predano\u0161\u0107u sigurnosti, zdravlju i udobnosti.<\/p>\n<p>Bata Industrials koristi svoju opse\u017enu stru\u010dnost i godine iskustva za proizvodnju vrhunske za\u0161titne obu\u0107e koja zadovoljava Mammoetove visoke standarde. Kolekcija uklju\u010duje cipele, \u010dizme i \u010darape izra\u0111ene od pune ko\u017ee, dizajnirane za optimalnu izdr\u017eljivost i u\u010dinkovitost. Svaki par opremljen je ultra mekim PU ulo\u0161kom i gumenim potplatom s SRC certifikatom, koji osiguravaju udobnost i sigurnost na svakom terenu.<\/p>\n<p>Kolekcija Mammoet kombinira najsuvremenije tehnologije za pobolj\u0161anje korisni\u010dkog iskustva: inovativni Tunnel System\u00ae za maksimalnu apsorpciju udaraca, vodootpornu HDry\u00ae membranu za odr\u017eavanje stopala suhima u mokrim uvjetima, tehnologiju Odor Control\u00ae za sprje\u010davanje neugodnih mirisa i Bata Cool Comfort \u00ae prozra\u010dni ulo\u017eak za hladna i suha stopala. Ovaj holisti\u010dki pristup osigurava da svaki komad obu\u0107e iz kolekcije Mammoet tvrtke Bata Industrials ne samo \u0161titi, ve\u0107 i podr\u017eava profesionalca da bude fit, budan i siguran tijekom radnog dana.<\/p>\n<p><em>Savjete za odabir pravih radnih cipela za va\u0161e potrebe mo\u017eete prona\u0107i u segmentu &#8220;<a href=\"https:\/\/work-foxx.com\/hr\/savjeti\/\">Savjeti stru\u010dnjaka<\/a>&#8220;.<\/em><\/p>\n","protected":false},"excerpt":{"rendered":"<p>\u010cizme BARGE imaju za\u0161titnu kapicu i klasificirane su u za\u0161titnu klasu S3. Izra\u0111ene su od punozrnate ko\u017ee \u0161to omogu\u0107uje lak\u0161e \u010di\u0161\u0107enje i odr\u017eavanje.<\/p>\n","protected":false},"featured_media":39589,"comment_status":"open","ping_status":"closed","template":"","meta":{"_acf_changed":false,"inline_featured_image":false},"product_brand":[],"product_cat":[1015,1929,1013],"product_tag":[],"class_list":{"0":"post-43455","1":"product","2":"type-product","3":"status-publish","4":"has-post-thumbnail","6":"product_cat-cizme","7":"product_cat-kozne-cizme","8":"product_cat-obuca","10":"first","11":"instock","12":"taxable","13":"shipping-taxable","14":"purchasable","15":"product-type-variable"},"acf":[],"_links":{"self":[{"href":"https:\/\/work-foxx.com\/hr\/wp-json\/wp\/v2\/product\/43455","targetHints":{"allow":["GET"]}}],"collection":[{"href":"https:\/\/work-foxx.com\/hr\/wp-json\/wp\/v2\/product"}],"about":[{"href":"https:\/\/work-foxx.com\/hr\/wp-json\/wp\/v2\/types\/product"}],"replies":[{"embeddable":true,"href":"https:\/\/work-foxx.com\/hr\/wp-json\/wp\/v2\/comments?post=43455"}],"wp:featuredmedia":[{"embeddable":true,"href":"https:\/\/work-foxx.com\/hr\/wp-json\/wp\/v2\/media\/39589"}],"wp:attachment":[{"href":"https:\/\/work-foxx.com\/hr\/wp-json\/wp\/v2\/media?parent=43455"}],"wp:term":[{"taxonomy":"product_brand","embeddable":true,"href":"https:\/\/work-foxx.com\/hr\/wp-json\/wp\/v2\/product_brand?post=43455"},{"taxonomy":"product_cat","embeddable":true,"href":"https:\/\/work-foxx.com\/hr\/wp-json\/wp\/v2\/product_cat?post=43455"},{"taxonomy":"product_tag","embeddable":true,"href":"https:\/\/work-foxx.com\/hr\/wp-json\/wp\/v2\/product_tag?post=43455"}],"curies":[{"name":"wp","href":"https:\/\/api.w.org\/{rel}","templated":true}]}}