{"id":43268,"date":"2024-07-01T12:35:00","date_gmt":"2024-07-01T12:35:00","guid":{"rendered":"https:\/\/work-foxx.com\/product\/visoke-sigurnosne-cipele-longreach-black-boa-s3\/"},"modified":"2026-03-30T18:10:07","modified_gmt":"2026-03-30T18:10:07","slug":"visoke-zastitne-cipele-longreach-black-boa-s3","status":"publish","type":"product","link":"https:\/\/work-foxx.com\/hr\/proizvod\/visoke-zastitne-cipele-longreach-black-boa-s3\/","title":{"rendered":"Visoke za\u0161titne cipele LONGREACH BLACK BOA S3"},"content":{"rendered":"<h1>Visoke za\u0161titne cipele LONGREACH BLACK BOA S3<\/h1>\n<p>Visoke za\u0161titne cipele LONGREACH BLACK BOA imaju za\u0161titnu kapicu i klasificirane su u za\u0161titnu klasu S3. Za\u0161titna kapica i sigurnosni ulo\u017eak izra\u0111eni su od kompozitnog materijala, \u0161to smanjuje te\u017einu za\u0161titnih cipela. Izra\u0111ene su od punozrnate ko\u017ee \u0161to omogu\u0107uje lak\u0161e \u010di\u0161\u0107enje i odr\u017eavanje. Gornji dio cipele je otporan na upijanje vode (WRU). Za\u0161titna cipela je tako\u0111er tretirana 3M Scotchgard&#x2122; ko\u017enom za\u0161titom, koja u\u010dinkovito odbija vodu i ulje, omogu\u0107uju\u0107i jednostavno uklanjanje prljav\u0161tine i produ\u017euju\u0107i vijek trajanja cipela. Podstava za\u0161titne cipele izra\u0111ena je od prozra\u010dne 3-D mre\u017ee s Bata Cool Comfort\u00ae tehnologijom koja osigurava ve\u0107u prozra\u010dnost i smanjuje znojenje stopala. Thinsulate&#x2122; termalne podstava pru\u017ea vrhunsku otpornost na vodu dok poma\u017ee korisniku da ostane topao i udoban. Podstavljeni jezik nudi ve\u0107u udobnost i bolju za\u0161titu. Zatvaraju se inovativnim BOA\u00ae Fit sustavom koji osigurava savr\u0161eno pristajanje uz oblik stopala. Ulo\u017eak izra\u0111en od poliuretanske pjene (PU) s premazom od bru\u0161ene ko\u017ee (Suedetec) pru\u017ea udobnost, apsorpciju udaraca i ve\u0107u stabilnost stopala. Mogu\u0107e ga je skinuti, oprati ili kupiti zamjenski. Vanjska za\u0161titna kapica (SC) izra\u0111ena od termoplasti\u010dnog poliuretana (TPU) nudi dodatnu za\u0161titu od habanja. Za\u0161titne cipele imaju dvoslojni potplat od poliuretana (PU) i gume koji je antistati\u010dan (A), otporan na ulja i goriva (FO) te pru\u017ea izuzetnu protukliznu za\u0161titu na keramici i metalu (SRC). Visoke za\u0161titne cipele LONGREACH BLACK BOA S3 pogodne su za rad u vrlo zahtjevnim vla\u017enim i mokrim radnim okru\u017eenjima, poljoprivredi, elektroindustriji, gra\u0111evinarstvu, rudarstvu, transportu i logistici, automobilskoj i te\u0161koj industriji.<\/p>\n<h3>Materijalni sastav i tehni\u010dka svojstva<\/h3>\n<p><strong>Vanjski materijal:<\/strong> Punozrnata ko\u017ea<br \/>\n<strong>Podstava:<\/strong> Tekstilna 3-D mre\u017ea, Bata Cool Comfort\u00ae-crna \/ kontrola mirisa<br \/>\n<strong>Ulo\u017eak:<\/strong> Poliuretanska (PU) pjena s premazom od antilopa (Suedetec)<br \/>\n<strong>Potplat:<\/strong> Dvoslojni, poliuretan (PU) \/ guma<br \/>\n<strong>Zatvaranje:<\/strong> BOA\u00ae Fit System<\/p>\n<p><strong>Veli\u010dine:<\/strong> 36 &#8211; 49<br \/>\n<strong>\u0160irina:<\/strong> XW (\u0161iroki model)<br \/>\n<strong>Boja:<\/strong> Crna<br \/>\n<strong>Model:<\/strong> Mu\u0161ki \/ \u017denski, visok<br \/>\n<strong>Proizvo\u0111a\u010d:<\/strong> <a href=\"https:\/\/www.bataindustrials.com\/\">Bata Industrials<\/a><\/p>\n<p><strong>Tehni\u010dke karakteristike:<\/strong> S3, SRC, FO, A, E, P, WRU, SC<br \/>\n<strong>Za\u0161tita prstiju:<\/strong> Za\u0161titna kapica (SB), kompozit, otpornost na probijanje: 200 J<br \/>\n<strong>Za\u0161tita potplata:<\/strong> Sigurnosni ulo\u017eak, kompozit, FlexGuard\u00ae, otpornost na probijanje: 1100 N<br \/>\n<strong>Norma:<\/strong> CE EN ISO 20345:2011 \/ S3 \/ SRC<\/p>\n<h3>Opis standarda<\/h3>\n<p>Norma EN ISO 20345 odre\u0111uje osnovne zahtjeve i (opcionalno) dodatne zahtjeve za za\u0161titnu obu\u0107u. Obu\u0107a koja je u skladu s normom EN ISO 20345 mora imati specifi\u010dan oblik, za\u0161titu za prste, potplat protiv klizanja, ergonomska svojstva, gornje cipele, \u010dvrsto\u0107u i zadovoljiti potrebne kriterije ispitivanja. Za\u0161titna obu\u0107a s kapom pogodna je za rad gdje postoji velika mogu\u0107nost o\u0161te\u0107enja od mehani\u010dkih utjecaja.<\/p>\n<h3>Opis kolekcije<\/h3>\n<p>Predstavljamo kolekciju Helix tvrtke Bata Industrials, najbolji izbor za profesionalce koji tra\u017ee laganu, izdr\u017eljivu i elegantnu za\u0161titnu obu\u0107u. Za\u0161titne radne cipele Helix pa\u017eljivo su dizajnirane kako bi pru\u017eile najvi\u0161i standard udobnosti \u010dak iu najte\u017eim radnim uvjetima.<\/p>\n<p>Svaki par Helix serije opremljen je naprednim sustavom jastuka koji pru\u017ea iznimnu apsorpciju udaraca, optimizira udobnost stopala i zglobova te smanjuje umor. Ovaj napredni sustav amortizacije pru\u017ea najbolje mogu\u0107e smanjenje stresa stopala i zglobova, \u010dine\u0107i duge dane na nogama lak\u0161im.<\/p>\n<p>Za\u0161titne cipele Helix nisu napravljene samo za dugotrajnu upotrebu, ve\u0107 su opremljene i elegantnom estetikom koja ne ugro\u017eava funkcionalnost. Izdr\u017eljivi gumeni potplat ima SRC certifikat i pru\u017ea vrhunsku otpornost na klizanje kako biste bili sigurni na razli\u010ditim povr\u0161inama. Osim toga, uklju\u010divanje genijalnog Tunnel System\u00ae dodatno pobolj\u0161ava apsorpciju udaraca.<\/p>\n<p>Svaka cipela je tako\u0111er tretirana 3M Scotchgard&#x2122; ko\u017enom za\u0161titom koja u\u010dinkovito odbija vodu i ulje, omogu\u0107uju\u0107i jednostavno uklanjanje prljav\u0161tine i produ\u017euju\u0107i vijek trajanja cipela. Uz Helix, Bata Industrials kombinira stil, izdr\u017eljivost i naprednu tehnologiju kako bi stvorio kolekciju koja ispunjava zahtjeve svakog zahtjevnog okru\u017eenja, osiguravaju\u0107i da \u0107e ove cipele brzo postati va\u0161a nova omiljena radna obu\u0107a.<\/p>\n<p><em>Savjete za odabir pravih radnih cipela za va\u0161e potrebe mo\u017eete prona\u0107i u segmentu &#8220;<a href=\"https:\/\/work-foxx.com\/hr\/savjeti\/\">Savjeti stru\u010dnjaka<\/a>&#8220;.<\/em><\/p>\n","protected":false},"excerpt":{"rendered":"<p>Visoke za\u0161titne cipele LONGREACH BLACK BOA imaju za\u0161titnu kapicu i klasificirane su u za\u0161titnu klasu S3. Zatvaraju se inovativnim BOA\u00ae Fit sustavom.<\/p>\n","protected":false},"featured_media":39573,"comment_status":"open","ping_status":"closed","template":"","meta":{"_acf_changed":false,"inline_featured_image":false},"product_brand":[],"product_cat":[1013,1045,1042],"product_tag":[],"class_list":{"0":"post-43268","1":"product","2":"type-product","3":"status-publish","4":"has-post-thumbnail","6":"product_cat-obuca","7":"product_cat-visoke-zastitne-cipele","8":"product_cat-zastitne-cipele","10":"first","11":"instock","12":"taxable","13":"shipping-taxable","14":"purchasable","15":"product-type-variable"},"acf":[],"_links":{"self":[{"href":"https:\/\/work-foxx.com\/hr\/wp-json\/wp\/v2\/product\/43268","targetHints":{"allow":["GET"]}}],"collection":[{"href":"https:\/\/work-foxx.com\/hr\/wp-json\/wp\/v2\/product"}],"about":[{"href":"https:\/\/work-foxx.com\/hr\/wp-json\/wp\/v2\/types\/product"}],"replies":[{"embeddable":true,"href":"https:\/\/work-foxx.com\/hr\/wp-json\/wp\/v2\/comments?post=43268"}],"wp:featuredmedia":[{"embeddable":true,"href":"https:\/\/work-foxx.com\/hr\/wp-json\/wp\/v2\/media\/39573"}],"wp:attachment":[{"href":"https:\/\/work-foxx.com\/hr\/wp-json\/wp\/v2\/media?parent=43268"}],"wp:term":[{"taxonomy":"product_brand","embeddable":true,"href":"https:\/\/work-foxx.com\/hr\/wp-json\/wp\/v2\/product_brand?post=43268"},{"taxonomy":"product_cat","embeddable":true,"href":"https:\/\/work-foxx.com\/hr\/wp-json\/wp\/v2\/product_cat?post=43268"},{"taxonomy":"product_tag","embeddable":true,"href":"https:\/\/work-foxx.com\/hr\/wp-json\/wp\/v2\/product_tag?post=43268"}],"curies":[{"name":"wp","href":"https:\/\/api.w.org\/{rel}","templated":true}]}}