{"id":43070,"date":"2024-07-01T12:35:00","date_gmt":"2024-07-01T12:35:00","guid":{"rendered":"https:\/\/work-foxx.com\/product\/niske-zastitne-cipele-legend-s1p\/"},"modified":"2026-03-30T18:13:44","modified_gmt":"2026-03-30T18:13:44","slug":"niske-zastitne-cipele-legend-s1p","status":"publish","type":"product","link":"https:\/\/work-foxx.com\/hr\/proizvod\/niske-zastitne-cipele-legend-s1p\/","title":{"rendered":"Niske za\u0161titne cipele LEGEND S1P"},"content":{"rendered":"<h1>Niske za\u0161titne cipele LEGEND S1P<\/h1>\n<p>Niske za\u0161titne cipele LEGEND imaju za\u0161titnu kapicu i klasificirane su u za\u0161titnu klasu S3. Za\u0161titna kapica i sigurnosni ulo\u017eak izra\u0111eni su od kompozitnog materijala, \u0161to smanjuje te\u017einu za\u0161titnih cipela. Izra\u0111ene su od prozra\u010dne mre\u017easte tkanine koja pru\u017ea meko\u0107u i izdr\u017eljivost. Podstava za\u0161titne cipele izra\u0111ena je od prozra\u010dne 3-D mre\u017ee s Bata Cool Comfort\u00ae tehnologijom koja osigurava ve\u0107u prozra\u010dnost i smanjuje znojenje stopala. Podstavljeni jezik nudi ve\u0107u udobnost i bolju za\u0161titu. Zatvaraju se inovativnim BOA\u00ae Fit sustavom koji osigurava savr\u0161eno pristajanje uz oblik stopala. Ulo\u017eak od poliuretanske pjene (Poliyou) pru\u017ea udobnost, amortizaciju i ve\u0107u stabilnost stopala. Mogu\u0107e ga je skinuti, oprati ili kupiti zamjenski. Vanjska za\u0161titna kapica (SC) izra\u0111ena od termoplasti\u010dnog poliuretana (TPU) nudi dodatnu za\u0161titu od habanja. Za\u0161titne cipele imaju dvoslojni potplat od poliuretana (PU) s Walkline\u00ae tehnologijom koji osigurava lak\u0161i korak i manje zamaranje stopala. Potplat se temelji na novoj tehnologiji &#8220;Beam and Pillar&#8221; koja pru\u017ea najbolju potporu i osigurava da je potplat izuzetno izdr\u017eljiv i apsorbira udarce. Potplat je antistati\u010dki (A), otporan na ulja i goriva (FO) i zahvaljuju\u0107i Flex Grip tehnologiji pru\u017ea izuzetnu protukliznu za\u0161titu na keramici i metalu (SRC). Flex Grip kombinira fleksibilnost, prilagodljivost i superiorno prianjanje koje daleko prema\u0161uje SRC standard. Potplat \u0161titi korisnika od elektrostati\u010dkog pra\u017enjenja (ESD), udara, topline (HI) i hladno\u0107e (CI). Niske za\u0161titne cipele LEGEND S1P prikladne su za rad u suhim uvjetima, odr\u017eavanje, monta\u017eu, elektroindustriju, transport i logistiku, automobilsku i laku industriju.<\/p>\n<h3>Materijalni sastav i tehni\u010dka svojstva<\/h3>\n<p><strong>Vanjski materijal:<\/strong> Mre\u017easta tkanina<br \/>\n<strong>Podstava:<\/strong> Tekstilna 3-D mre\u017ea, Bata Cool Comfort\u00ae-crna \/ kontrola mirisa<br \/>\n<strong>Ulo\u017eak:<\/strong> Poliuretanska (PU) pjena (Poliyou &#8211; anatomska pjena s tekstilnom presvlakom)<br \/>\n<strong>Potplat:<\/strong> Dvoslojni, poliuretan (PU)<br \/>\n<strong>Zatvaranje:<\/strong> BOA\u00ae Fit System<\/p>\n<p><strong>Veli\u010dine:<\/strong> 36 &#8211; 49<br \/>\n<strong>\u0160irina:<\/strong> W (klasi\u010dna), dostupni i u \u0161irini XW (na zahtjev)<br \/>\n<strong>Boja:<\/strong> Crna, crvena, siva<br \/>\n<strong>Model:<\/strong> Mu\u0161ki \/ \u017denski, niski<br \/>\n<strong>Proizvo\u0111a\u010d:<\/strong> <a href=\"https:\/\/www.bataindustrials.com\/\">Bata Industrials<\/a><\/p>\n<p><strong>Tehni\u010dke karakteristike:<\/strong> S1P, SRC, FO, A, E, P, ESD, HI, CI, SC<br \/>\n<strong>Za\u0161tita prstiju:<\/strong> Za\u0161titna kapica (SB), kompozit, otpornost na probijanje: 200 J<br \/>\n<strong>Za\u0161tita potplata:<\/strong> Sigurnosni ulo\u017eak, kompozit, FlexGuard\u00ae, otpornost na probijanje: 1100 N<br \/>\n<strong>Norma:<\/strong> CE EN ISO 20345:2011 \/ S1P \/ SRC \/ BS EN 61340-4-3:2002<\/p>\n<h3>Opis standarda<\/h3>\n<p>Norma EN ISO 20345 odre\u0111uje osnovne zahtjeve i (opcionalno) dodatne zahtjeve za za\u0161titnu obu\u0107u. Obu\u0107a koja je u skladu s normom EN ISO 20345 mora imati specifi\u010dan oblik, za\u0161titu za prste, potplat protiv klizanja, ergonomska svojstva, gornje cipele, \u010dvrsto\u0107u i zadovoljiti potrebne kriterije ispitivanja. Za\u0161titna obu\u0107a s kapom pogodna je za rad gdje postoji velika mogu\u0107nost o\u0161te\u0107enja od mehani\u010dkih utjecaja.<\/p>\n<p>Norma EN 61340-4-3:2002 opisuje metodu ispitivanja za odre\u0111ivanje elektri\u010dnog otpora obu\u0107e koja se koristi za pra\u0107enje elektrostatskog potencijala na ljudima. Ova je norma prikladna i za proizvo\u0111a\u010da obu\u0107e i za krajnjeg korisnika.<\/p>\n<h3>Opis kolekcije<\/h3>\n<p>Zakora\u010dite u budu\u0107nost sigurnosne obu\u0107e sa serijom Forward tvrtke Bata Industrials, gdje se udobnost susre\u0107e s vrhunskom za\u0161titom. Ove za\u0161titne cipele dizajnirane su kako bi se osje\u0107ali gotovo beste\u017einski. Cipele podr\u017eavaju prirodnu Walkline\u00ae liniju stopala, zna\u010dajno smanjuju\u0107i umor i pove\u0107avaju\u0107i va\u0161u energiju tijekom dana.<\/p>\n<p>Kolekcija Forward ima PU konstrukciju dvostruke gusto\u0107e koja je poznata po svojoj lako\u0107i i izvrsnom prianjanju. Pobolj\u0161ane linijama Flexline i inovativnom tehnologijom Flex Grip, ove cipele pru\u017eaju neusporedivu fleksibilnost, prilagodljivost i prianjanje te prema\u0161uju SRC standard za otpornost na klizanje. Svaki model u Forward liniji potpuno je bez metala, \u0161to osigurava nesmetan rad detektora metala, \u0161to ih \u010dini idealnim za sigurnosno osjetljiva okru\u017eenja.<\/p>\n<p>Dostupne u vi\u0161e laganih, ali izdr\u017eljivih modela, Forward za\u0161titne cipele imaju naprednu Walkline\u00ae 2.0 tehnologiju za smanjenje umora i u\u0161tedu energije. PU\/PU potplat na biolo\u0161koj osnovi savr\u0161eno apsorbira udarce, smanjuje udarce na zglobove i poma\u017ee u sprje\u010davanju ozljeda i umora. Uz vrhunsku vu\u010du i otpornost na klizanje, ove su cipele prilago\u0111ene razli\u010ditim radnim uvjetima.<\/p>\n<p>Svaki par opremljen je Premium Fit ulo\u0161kom za upijanje vlage i izra\u0111en je od vrhunskih gornjih materijala, osiguravaju\u0107i savr\u0161eno pristajanje za gotovo svako radno okru\u017eenje. Kolekcija Forward tvrtke Bata Industrials pru\u017ea najvi\u0161u razinu za\u0161tite i udobnosti te postavlja nove standarde u inovacijama za\u0161titne obu\u0107e.<\/p>\n<p><em>Savjete za odabir pravih radnih cipela za va\u0161e potrebe mo\u017eete prona\u0107i u segmentu &#8220;<a href=\"https:\/\/work-foxx.com\/hr\/savjeti\/\">Savjeti stru\u010dnjaka<\/a>&#8220;.<\/em><\/p>\n","protected":false},"excerpt":{"rendered":"<p>Niske za\u0161titne cipele LEGEND imaju za\u0161titnu kapicu i klasificirane su u za\u0161titnu klasu S3. Izra\u0111ene su od mre\u017easte tkanine koja osigurava prozra\u010dnost.<\/p>\n","protected":false},"featured_media":39430,"comment_status":"open","ping_status":"closed","template":"","meta":{"_acf_changed":false,"inline_featured_image":false},"product_brand":[],"product_cat":[748,1013,1042],"product_tag":[],"class_list":{"0":"post-43070","1":"product","2":"type-product","3":"status-publish","4":"has-post-thumbnail","6":"product_cat-niske-zastitne-cipele","7":"product_cat-obuca","8":"product_cat-zastitne-cipele","10":"first","11":"instock","12":"taxable","13":"shipping-taxable","14":"purchasable","15":"product-type-variable"},"acf":[],"_links":{"self":[{"href":"https:\/\/work-foxx.com\/hr\/wp-json\/wp\/v2\/product\/43070","targetHints":{"allow":["GET"]}}],"collection":[{"href":"https:\/\/work-foxx.com\/hr\/wp-json\/wp\/v2\/product"}],"about":[{"href":"https:\/\/work-foxx.com\/hr\/wp-json\/wp\/v2\/types\/product"}],"replies":[{"embeddable":true,"href":"https:\/\/work-foxx.com\/hr\/wp-json\/wp\/v2\/comments?post=43070"}],"wp:featuredmedia":[{"embeddable":true,"href":"https:\/\/work-foxx.com\/hr\/wp-json\/wp\/v2\/media\/39430"}],"wp:attachment":[{"href":"https:\/\/work-foxx.com\/hr\/wp-json\/wp\/v2\/media?parent=43070"}],"wp:term":[{"taxonomy":"product_brand","embeddable":true,"href":"https:\/\/work-foxx.com\/hr\/wp-json\/wp\/v2\/product_brand?post=43070"},{"taxonomy":"product_cat","embeddable":true,"href":"https:\/\/work-foxx.com\/hr\/wp-json\/wp\/v2\/product_cat?post=43070"},{"taxonomy":"product_tag","embeddable":true,"href":"https:\/\/work-foxx.com\/hr\/wp-json\/wp\/v2\/product_tag?post=43070"}],"curies":[{"name":"wp","href":"https:\/\/api.w.org\/{rel}","templated":true}]}}