{"id":42848,"date":"2024-07-01T12:28:00","date_gmt":"2024-07-01T12:28:00","guid":{"rendered":"https:\/\/work-foxx.com\/product\/visoke-sigurnosne-cizme-pwr419-s7\/"},"modified":"2026-03-30T18:13:49","modified_gmt":"2026-03-30T18:13:49","slug":"visoke-zastitne-cipele-pwr419-s7","status":"publish","type":"product","link":"https:\/\/work-foxx.com\/hr\/proizvod\/visoke-zastitne-cipele-pwr419-s7\/","title":{"rendered":"Visoke za\u0161titne cipele PWR419 S7"},"content":{"rendered":"<h1>Visoke za\u0161titne cipele PWR419 S7<\/h1>\n<p>Visoke za\u0161titne cipele PWR419 imaju za\u0161titnu kapicu i klasificirane su u za\u0161titnu klasu S7. Za\u0161titna kapica je izra\u0111ena od aluminija, a sigurnosni ulo\u017eak od \u010delika, \u0161to osigurava najvi\u0161u razinu za\u0161tite. Izra\u0111ene su od punozrnate ko\u017ee \u0161to omogu\u0107uje lak\u0161e \u010di\u0161\u0107enje i odr\u017eavanje. Cipele imaju HDry vodootpornu membranu koja \u0161titi korisnika od curenja vode (WR). Podstava za\u0161titne cipele izra\u0111ena je od prozra\u010dne 3-D mre\u017ee s Bata Cool Comfort\u00ae tehnologijom koja osigurava ve\u0107u prozra\u010dnost i smanjuje znojenje stopala. Podstavljeni jezik nudi ve\u0107u udobnost i bolju za\u0161titu. Ulo\u017eak od poliuretanske pjene (Poliyou) pru\u017ea udobnost, amortizaciju i ve\u0107u stabilnost stopala. Mogu\u0107e ga je skinuti, oprati ili kupiti zamjenski. Vanjska za\u0161titna kapica (SC) izra\u0111ena od poliuretana nudi dodatnu za\u0161titu od habanja. Za\u0161titne cipele imaju dvoslojni potplat od biopoliuretana (PU) i bioreciklirane gume koja je antistati\u010dna (A), otporna na ulja i goriva (FO) te pru\u017ea izuzetnu protukliznu za\u0161titu na keramici i metalu (SRC). Potplat cipele \u0161titi korisnika od kontaktne topline do 300 \u00b0C (HRO) i pogodan je za kori\u0161tenje na ljestvama (LG). Visoke za\u0161titne cipele PWR419 S7 prikladne su za rad u vla\u017enim i mokrim radnim uvjetima, poljoprivredi, elektroindustriji, gra\u0111evinarstvu, transportu i logistici, automobilskoj te lakoj i te\u0161koj industriji. Pogodne su za rad u vrlo zahtjevnim uvjetima.<\/p>\n<h3>Materijalni sastav i tehni\u010dka svojstva<\/h3>\n<p><strong>Vanjski materijal:<\/strong> Punozrnata ko\u017ea, HiDry membrana<br \/>\n<strong>Podstava:<\/strong> Tekstilna 3-D mre\u017ea, Bata Cool Comfort\u00ae-crna \/ kontrola mirisa<br \/>\n<strong>Ulo\u017eak:<\/strong> Poliuretanska (PU) pjena (Poliyou &#8211; anatomska pjena s tekstilnom presvlakom)<br \/>\n<strong>Potplat:<\/strong> Dvoslojni, bio poliuretan (PU) \/ bio reciklirana guma<br \/>\n<strong>Zatvaranje:<\/strong> Vezice<\/p>\n<p><strong>Veli\u010dine:<\/strong> 38 &#8211; 48<br \/>\n<strong>\u0160irina:<\/strong> W (klasi\u010dna)<br \/>\n<strong>Boja:<\/strong> Crna<br \/>\n<strong>Model:<\/strong> Mu\u0161ki \/ \u017denski, visok<br \/>\n<strong>Proizvo\u0111a\u010d:<\/strong> <a href=\"https:\/\/www.bataindustrials.com\/\">Bata Industrials<\/a><\/p>\n<p><strong>Tehni\u010dke karakteristike:<\/strong> S7, SRC, FO, A, E, P, WR, LG, SC, HRO<br \/>\n<strong>Za\u0161tita prstiju:<\/strong> Za\u0161titna kapica (SB), aluminij, otpornost na probijanje: 200 J<br \/>\n<strong>Za\u0161tita potplata:<\/strong> Sigurnosni ulo\u017eak, \u010delik, otpornost na probijanje: 1100 N<br \/>\n<strong>Standard:<\/strong> CE EN ISO 20345:2022 \/ S3 \/ SRC \/ E \/ A \/ P \/ LG \/ SC \/ HRO<\/p>\n<h3>Opis standarda<\/h3>\n<p>Norma EN ISO 20345 odre\u0111uje osnovne zahtjeve i (opcionalno) dodatne zahtjeve za za\u0161titnu obu\u0107u. Obu\u0107a koja je u skladu s normom EN ISO 20345 mora imati specifi\u010dan oblik, za\u0161titu za prste, potplat protiv klizanja, ergonomska svojstva, gornje cipele, \u010dvrsto\u0107u i zadovoljiti potrebne kriterije ispitivanja. Za\u0161titna obu\u0107a s kapom pogodna je za rad gdje postoji velika mogu\u0107nost o\u0161te\u0107enja od mehani\u010dkih utjecaja.<\/p>\n<h3>Opis kolekcije<\/h3>\n<p>Upoznajte robusnost modela Enduro PWR tvrtke Bata Industrials, dizajniranog posebno za te\u0161ke radne uvjete gdje je kvalitetna obu\u0107a nezamjenjiva. Ova je kolekcija izra\u0111ena od vrhunskih materijala i opremljena najsuvremenijim tehnologijama kako bi se osiguralo optimalno prianjanje, udobnost i podr\u0161ka.<\/p>\n<p>Novi model Enduro PWR opremljen je inovativnim konceptom EASY DIRT RELEASE na potplatu koji je osmi\u0161ljen kako bi sprije\u010dio nakupljanje prljav\u0161tine i zadr\u017eao performanse potplata u razli\u010ditim uvjetima tla. Gumeni potplat ima SR certifikat i uklju\u010duje Ladder Grip, koji zadovoljava najnovije sigurnosne standarde i osigurava stabilan korak \u010dak iu izazovnim okru\u017eenjima.<\/p>\n<p>Trajnost je na \u010delu dizajna Enduro PWR, sa 65% reciklirane podstave Bata Cool Comfort\u00ae +, 100% reciklirane poliuretanske pjene u umetcima potplata, 100% recikliranih poliesterskih vezica, 70% reciklirane gume u potplatu i 20 % poliuretana na biolo\u0161koj bazi u me\u0111upotplatu. To \u010dini Enduro PWR vode\u0107im izborom u trajnostni za\u0161titni obu\u0107i.<\/p>\n<p>Unato\u010d robusnoj konstrukciji, obu\u0107a Enduro PWR ne ugro\u017eava udobnost. Kolekcija uklju\u010duje naprednu tehnologiju Walkline 3.0 koja podr\u017eava prirodno napredovanje hoda stopala i ima laganu aluminijsku za\u0161titnu kapicu. Enduro PWR tvrtke Bata Industrials doista je savr\u0161ena cipela za te\u0161ke uvjete rada, koja kombinira izdr\u017eljivost s ekolo\u0161kom svije\u0161\u0107u i udobno\u0161\u0107u.<\/p>\n<p><em>Savjete za odabir pravih radnih cipela za va\u0161e potrebe mo\u017eete prona\u0107i u segmentu &#8220;<a href=\"https:\/\/work-foxx.com\/hr\/savjeti\/\">Savjeti stru\u010dnjaka<\/a>&#8220;.<\/em><\/p>\n","protected":false},"excerpt":{"rendered":"<p>Visoke za\u0161titne cipele PWR419 imaju za\u0161titnu kapicu i klasificirane su u za\u0161titnu klasu S7. Cipele imaju HDry vodootpornu membranu.<\/p>\n","protected":false},"featured_media":37129,"comment_status":"open","ping_status":"closed","template":"","meta":{"_acf_changed":false,"inline_featured_image":false},"product_brand":[],"product_cat":[1013,1045,1042],"product_tag":[],"class_list":{"0":"post-42848","1":"product","2":"type-product","3":"status-publish","4":"has-post-thumbnail","6":"product_cat-obuca","7":"product_cat-visoke-zastitne-cipele","8":"product_cat-zastitne-cipele","10":"first","11":"instock","12":"taxable","13":"shipping-taxable","14":"purchasable","15":"product-type-variable"},"acf":[],"_links":{"self":[{"href":"https:\/\/work-foxx.com\/hr\/wp-json\/wp\/v2\/product\/42848","targetHints":{"allow":["GET"]}}],"collection":[{"href":"https:\/\/work-foxx.com\/hr\/wp-json\/wp\/v2\/product"}],"about":[{"href":"https:\/\/work-foxx.com\/hr\/wp-json\/wp\/v2\/types\/product"}],"replies":[{"embeddable":true,"href":"https:\/\/work-foxx.com\/hr\/wp-json\/wp\/v2\/comments?post=42848"}],"wp:featuredmedia":[{"embeddable":true,"href":"https:\/\/work-foxx.com\/hr\/wp-json\/wp\/v2\/media\/37129"}],"wp:attachment":[{"href":"https:\/\/work-foxx.com\/hr\/wp-json\/wp\/v2\/media?parent=42848"}],"wp:term":[{"taxonomy":"product_brand","embeddable":true,"href":"https:\/\/work-foxx.com\/hr\/wp-json\/wp\/v2\/product_brand?post=42848"},{"taxonomy":"product_cat","embeddable":true,"href":"https:\/\/work-foxx.com\/hr\/wp-json\/wp\/v2\/product_cat?post=42848"},{"taxonomy":"product_tag","embeddable":true,"href":"https:\/\/work-foxx.com\/hr\/wp-json\/wp\/v2\/product_tag?post=42848"}],"curies":[{"name":"wp","href":"https:\/\/api.w.org\/{rel}","templated":true}]}}