{"id":42439,"date":"2024-07-01T12:27:00","date_gmt":"2024-07-01T12:27:00","guid":{"rendered":"https:\/\/work-foxx.com\/product\/visoko-sigurnosne-cizme-act219-s3\/"},"modified":"2026-03-30T18:17:21","modified_gmt":"2026-03-30T18:17:21","slug":"visoke-zastitne-cipele-act219-s3","status":"publish","type":"product","link":"https:\/\/work-foxx.com\/hr\/proizvod\/visoke-zastitne-cipele-act219-s3\/","title":{"rendered":"Visoke za\u0161titne cipele ACT219 S3"},"content":{"rendered":"<h1>Visoke za\u0161titne cipele ACT219 S3<\/h1>\n<p>Visoke za\u0161titne cipele ACT219 imaju za\u0161titnu kapicu i klasificirane su u za\u0161titnu klasu S3. Za\u0161titna kapica je izra\u0111ena od aluminija, a sigurnosni ulo\u017eak od \u010delika, \u0161to osigurava najvi\u0161u razinu za\u0161tite. Izra\u0111ene su od punozrnate ko\u017ee \u0161to omogu\u0107uje lak\u0161e \u010di\u0161\u0107enje i odr\u017eavanje. Gornji dio cipele je otporan na upijanje vode (WRU). Podstava za\u0161titne cipele izra\u0111ena je od prozra\u010dne 3-D mre\u017ee s Bata Cool Comfort\u00ae tehnologijom koja osigurava ve\u0107u prozra\u010dnost i smanjuje znojenje stopala. Podstavljeni jezik nudi ve\u0107u udobnost i bolju za\u0161titu. Ulo\u017eak od poliuretanske pjene (Poliyou) pru\u017ea udobnost, amortizaciju i ve\u0107u stabilnost stopala. Mogu\u0107e ga je skinuti, oprati ili kupiti zamjenski. Vanjska za\u0161titna kapica (SC) izra\u0111ena od poliuretana nudi dodatnu za\u0161titu od habanja. Za\u0161titne cipele imaju dvoslojni potplat od poliuretana (PU), koji je antistati\u010dan (A), otporan na ulja i goriva (FO) te pru\u017ea izuzetnu protukliznu za\u0161titu na keramici i metalu (SRC). Potplat cipele \u0161titi korisnika od elektrostati\u010dkog pra\u017enjenja (ESD), topline (HI), hladno\u0107e (CI) i prikladan je za kori\u0161tenje na ljestvama (LG). Visoke za\u0161titne cipele ACT219 S3 prikladne su za rad u vla\u017enim i mokrim radnim uvjetima, elektroindustriji, gra\u0111evinarstvu, transportu i logistici, automobilskoj i lakoj industriji.<\/p>\n<h3>Materijalni sastav i tehni\u010dka svojstva<\/h3>\n<p><strong>Vanjski materijal:<\/strong> Punozrnata ko\u017ea<br \/>\n<strong>Podstava:<\/strong> Tekstilna 3-D mre\u017ea, Bata Cool Comfort\u00ae-crna \/ kontrola mirisa<br \/>\n<strong>Ulo\u017eak:<\/strong> Poliuretanska (PU) pjena (Poliyou &#8211; anatomska pjena s tekstilnom presvlakom)<br \/>\n<strong>Potplat:<\/strong> Dvoslojni, biopoliuretan (PU)<br \/>\n<strong>Zatvaranje:<\/strong> Vezice<\/p>\n<p><strong>Veli\u010dine:<\/strong> 35 &#8211; 48<br \/>\n<strong>\u0160irina:<\/strong> W (klasi\u010dna), dostupni i u \u0161irini XW i XXW (na zahtjev)<br \/>\n<strong>Boja:<\/strong> Crna<br \/>\n<strong>Model:<\/strong> Mu\u0161ki \/ \u017denski, visok<br \/>\n<strong>Proizvo\u0111a\u010d:<\/strong> <a href=\"https:\/\/www.bataindustrials.com\/\">Bata Industrials<\/a><\/p>\n<p><strong>Tehni\u010dke karakteristike:<\/strong> S3, SRC, FO, A, E, WRU, ESD, HI, CI, LG, SC<br \/>\n<strong>Za\u0161tita prstiju:<\/strong> Za\u0161titna kapica (SB), aluminij, otpornost na probijanje: 200 J<br \/>\n<strong>Za\u0161tita potplata:<\/strong> Sigurnosni ulo\u017eak, \u010delik, otpornost na probijanje: 1100 N<br \/>\n<strong>Standard:<\/strong> CE EN ISO 20345:2022 \/ S3 \/ SRC \/ E \/ A \/ HI \/ CI \/ LG \/ SC \/ BS EN 61340-4-3:2002<\/p>\n<h3>Opis standarda<\/h3>\n<p>Norma EN ISO 20345 odre\u0111uje osnovne zahtjeve i (opcionalno) dodatne zahtjeve za za\u0161titnu obu\u0107u. Obu\u0107a koja je u skladu s normom EN ISO 20345 mora imati specifi\u010dan oblik, za\u0161titu za prste, potplat protiv klizanja, ergonomska svojstva, gornje cipele, \u010dvrsto\u0107u i zadovoljiti potrebne kriterije ispitivanja. Za\u0161titna obu\u0107a s kapom pogodna je za rad gdje postoji velika mogu\u0107nost o\u0161te\u0107enja od mehani\u010dkih utjecaja.<\/p>\n<p>Norma EN 61340-4-3:2002 opisuje metodu ispitivanja za odre\u0111ivanje elektri\u010dnog otpora obu\u0107e koja se koristi za pra\u0107enje elektrostatskog potencijala na ljudima. Ova je norma prikladna i za proizvo\u0111a\u010da obu\u0107e i za krajnjeg korisnika.<\/p>\n<h3>Opis kolekcije<\/h3>\n<p>Predstavljamo kolekciju Enduro ACT tvrtke Bata Industrials &#8211; savr\u0161en spoj moderne inovacije i tradicionalne izrade za\u0161titnih cipela. Proizvedene u Nizozemskoj, cipele Enduro ACT dizajnirane su kako bi pru\u017eile najbolju udobnost i udobnost u klasi, s do\u017eivotnim jamstvom i neusporedivom kvalitetom. Ovaj model ponosno odr\u017eava bezvremensku estetiku klasi\u010dne za\u0161titne obu\u0107e, dok uklju\u010duje vrhunske zna\u010dajke za pove\u0107ane performanse.<\/p>\n<p>Enduro ACT opremljen je najnovijim dostignu\u0107ima u vlastitim tehnologijama Bata Industrials, uklju\u010duju\u0107i nadogra\u0111eni Walkline\u00ae 3.0 System, Easy Rolling System\u00ae, Heel Lock Support\u00ae i Tunnel System\u00ae. Zajedno, ove inovacije optimiziraju prirodan hod korisnika, zna\u010dajno smanjuju\u0107i umor i omogu\u0107uju\u0107i energi\u010dnije hodanje. Kao rezultat toga, korisnici do\u017eivljavaju neusporedivu udobnost i potporu, savr\u0161enu za duge dane na nogama.<\/p>\n<p>Konstrukcija Enduro ACT uklju\u010duje izdr\u017eljivi aluminijski ulo\u017eak i kapicu za prste te izdr\u017eljivi PU me\u0111upotplat i vanjski potplat dizajnirani za op\u0107u upotrebu. Potplat ima SR certifikat i opremljen je Ladder Gripom, koji zadovoljava najnovije sigurnosne standarde i pru\u017ea izvrsno prianjanje i stabilnost. Izdr\u017eljivost je tako\u0111er klju\u010dni fokus modela Enduro ACT. Cipela koristi 20% bio-baziranog poliuretana u me\u0111upotplatu i vanjskom potplatu, kao i 65% recikliranog poliestera u podstavi Bata Cool Comfort\u00ae + i 100% recikliranog poliestera u ulo\u0161ku. \u010cak su i vezice izra\u0111ene od 100% R-Peta, \u0161to pokazuje predanost Bata Industrials odgovornosti prema okoli\u0161u.<\/p>\n<p>Odaberite model Enduro ACT tvrtke Bata Industrials za za\u0161titnu cipelu koja nudi profinjenu mje\u0161avinu tradicije i tehnologije dok promi\u010de odr\u017eivost u industriji.<\/p>\n<p><em>Savjete za odabir pravih radnih cipela za va\u0161e potrebe mo\u017eete prona\u0107i u segmentu &#8220;<a href=\"https:\/\/work-foxx.com\/hr\/savjeti\/\">Savjeti stru\u010dnjaka<\/a>&#8220;.<\/em><\/p>\n","protected":false},"excerpt":{"rendered":"<p>Visoke za\u0161titne cipele ACT219 imaju za\u0161titnu kapicu i klasificirane su u za\u0161titnu klasu S3. Izra\u0111ene su od punozrnate ko\u017ee \u0161to omogu\u0107uje lak\u0161e \u010di\u0161\u0107enje.<\/p>\n","protected":false},"featured_media":36903,"comment_status":"open","ping_status":"closed","template":"","meta":{"_acf_changed":false,"inline_featured_image":false},"product_brand":[],"product_cat":[1013,1045,1042],"product_tag":[],"class_list":{"0":"post-42439","1":"product","2":"type-product","3":"status-publish","4":"has-post-thumbnail","6":"product_cat-obuca","7":"product_cat-visoke-zastitne-cipele","8":"product_cat-zastitne-cipele","10":"first","11":"instock","12":"taxable","13":"shipping-taxable","14":"purchasable","15":"product-type-variable"},"acf":[],"_links":{"self":[{"href":"https:\/\/work-foxx.com\/hr\/wp-json\/wp\/v2\/product\/42439","targetHints":{"allow":["GET"]}}],"collection":[{"href":"https:\/\/work-foxx.com\/hr\/wp-json\/wp\/v2\/product"}],"about":[{"href":"https:\/\/work-foxx.com\/hr\/wp-json\/wp\/v2\/types\/product"}],"replies":[{"embeddable":true,"href":"https:\/\/work-foxx.com\/hr\/wp-json\/wp\/v2\/comments?post=42439"}],"wp:featuredmedia":[{"embeddable":true,"href":"https:\/\/work-foxx.com\/hr\/wp-json\/wp\/v2\/media\/36903"}],"wp:attachment":[{"href":"https:\/\/work-foxx.com\/hr\/wp-json\/wp\/v2\/media?parent=42439"}],"wp:term":[{"taxonomy":"product_brand","embeddable":true,"href":"https:\/\/work-foxx.com\/hr\/wp-json\/wp\/v2\/product_brand?post=42439"},{"taxonomy":"product_cat","embeddable":true,"href":"https:\/\/work-foxx.com\/hr\/wp-json\/wp\/v2\/product_cat?post=42439"},{"taxonomy":"product_tag","embeddable":true,"href":"https:\/\/work-foxx.com\/hr\/wp-json\/wp\/v2\/product_tag?post=42439"}],"curies":[{"name":"wp","href":"https:\/\/api.w.org\/{rel}","templated":true}]}}