{"id":41977,"date":"2024-07-01T12:23:00","date_gmt":"2024-07-01T12:23:00","guid":{"rendered":"https:\/\/work-foxx.com\/product\/niske-sigurnosne-cipele-antwerp-s3\/"},"modified":"2026-03-30T18:19:01","modified_gmt":"2026-03-30T18:19:01","slug":"niske-zastitne-cipele-antwerp-s3","status":"publish","type":"product","link":"https:\/\/work-foxx.com\/hr\/proizvod\/niske-zastitne-cipele-antwerp-s3\/","title":{"rendered":"Niske za\u0161titne cipele ANTWERP S3"},"content":{"rendered":"<h1>Niske za\u0161titne cipele ANTWERP S3<\/h1>\n<p>Niske za\u0161titne cipele ANTWERP imaju za\u0161titnu kapicu i klasificirane su u za\u0161titnu klasu S3. Za\u0161titna kapica i sigurnosni ulo\u017eak izra\u0111eni su od kompozitnog materijala, \u0161to smanjuje te\u017einu za\u0161titnih cipela. Izra\u0111ene su od nubuk ko\u017ee koja pru\u017ea mekan i prirodan osje\u0107aj. Gornji dio cipele je otporan na upijanje vode (WRU). Podstava za\u0161titne cipele izra\u0111ena je od prozra\u010dnog tekstila koji osigurava ve\u0107u prozra\u010dnost i smanjuje znojenje stopala. Podstavljeni jezik nudi ve\u0107u udobnost i bolju za\u0161titu. Ulo\u017eak od lateks pjene pru\u017ea udobnost, apsorpciju udaraca i ve\u0107u stabilnost stopala. Mogu\u0107e ga je skinuti, oprati ili kupiti zamjenski. Za\u0161titne cipele imaju dvoslojni potplat od poliuretana (PU), koji je antistati\u010dan (A), otporan na ulja i goriva (FO) te pru\u017ea izuzetnu protukliznu za\u0161titu na keramici i metalu (SRC). Niske za\u0161titne cipele ANTWERP S3 pogodne su za rad u poljoprivredi, gra\u0111evinarstvu, transportu i logistici, automobilskoj i te\u0161koj industriji.<\/p>\n<h3>Materijalni sastav i tehni\u010dka svojstva<\/h3>\n<p><strong>Vanjski materijal:<\/strong> Nubuk ko\u017ea, otporna na upijanje vode (PU premaz)<br \/>\n<strong>Podstava:<\/strong> Tekstilna 3-D mre\u017ea<br \/>\n<strong>Ulo\u017eak:<\/strong> Pjena od lateksa + mre\u017easta navlaka, OrthoLite<br \/>\n<strong>Potplat:<\/strong> Dvoslojni, poliuretan (PU), Easy Rolling System\u00ae<br \/>\n<strong>Zatvaranje:<\/strong> Vezice<\/p>\n<p><strong>Veli\u010dine:<\/strong> 35 &#8211; 48<br \/>\n<strong>\u0160irina:<\/strong> W (klasi\u010dna)<br \/>\n<strong>Boja:<\/strong> Crna, plava<br \/>\n<strong>Model:<\/strong> Mu\u0161ki \/ \u017denski, niski<br \/>\n<strong>Proizvo\u0111a\u010d:<\/strong> <a href=\"https:\/\/www.bataindustrials.com\/\">Bata Industrials<\/a><\/p>\n<p><strong>Tehni\u010dke karakteristike:<\/strong> S3, SRC, FO, A, P, E<br \/>\n<strong>Za\u0161tita prstiju:<\/strong> Za\u0161titna kapica (SB), kompozit, otpornost na probijanje: 200 J<br \/>\n<strong>Za\u0161tita potplata:<\/strong> Sigurnosni ulo\u017eak, kompozit, FlexGuard\u00ae, otpornost na probijanje: 1100 N<br \/>\n<strong>Standard:<\/strong> CE EN ISO 20345:2011 \/ S3 \/ SRC \/ A \/ E \/ P<\/p>\n<h3>Opis standarda<\/h3>\n<p>Norma EN ISO 20345 odre\u0111uje osnovne zahtjeve i (opcionalno) dodatne zahtjeve za za\u0161titnu obu\u0107u. Obu\u0107a koja je u skladu s normom EN ISO 20345 mora imati specifi\u010dan oblik, za\u0161titu za prste, potplat protiv klizanja, ergonomska svojstva, gornje cipele, \u010dvrsto\u0107u i zadovoljiti potrebne kriterije ispitivanja. Za\u0161titna obu\u0107a s kapom pogodna je za rad gdje postoji velika mogu\u0107nost o\u0161te\u0107enja od mehani\u010dkih utjecaja.<\/p>\n<h3>Opis kolekcije<\/h3>\n<p>Predstavljamo kolekciju Bata Industrials Eagle, gdje je svaki par cipela dokaz nenadma\u0161ne sigurnosti i suvremenog stila. Ova raznolika kolekcija uklju\u010duje razli\u010dite vrste cipela, od kojih svaka ima inovativni Easy Rolling System\u00ae i genijalni Tunnelsystem\u00ae za optimalno kretanje i udobnost. Premium potplati pru\u017eaju iznimnu podr\u0161ku tijekom dana, dok visokokvalitetni gornji dijelovi pru\u017eaju izdr\u017eljivost i elegantan, nenametljiv izgled.<\/p>\n<p>Kolekcija Eagle dizajnirana je da zadovolji najvi\u0161e standarde sigurnosti i performansi, a dostupna je po nenadma\u0161noj cijeni koja postavlja nova mjerila u industriji. Inspiriran legendarnom svemirskom letjelicom EAGLE &#8211; lunarnim lenderom koji je nosio zapovjednika Apolla 11 Neila Armstronga na Mjesec &#8211; svaki model u ovoj kolekciji nazvan je po jednoj od svemirskih letjelica Apollo ili njihovim zapovjednicima, kombiniraju\u0107i povijesni zna\u010daj s modernom inovacijom.<\/p>\n<p>Kolekcija Eagle sada uklju\u010duje sedam modela bez metala, pove\u0107avaju\u0107i svoju privla\u010dnost u specijaliziranim okru\u017eenjima. Ovi modeli su posebno dizajnirani za sektore koji zahtijevaju obu\u0107u bez metalnih dijelova, kao \u0161to su radna mjesta sa sustavima za detekciju metala ili u ekstremno hladnim uvjetima, kao \u0161to su rashladne sobe, gdje svojstva bez metala pru\u017eaju dodatnu udobnost i sprje\u010davaju prijenos topline.<\/p>\n<p>Modeli Eagle, koji su oko 100 grama lak\u0161i od sli\u010dnih za\u0161titnih cipela, osiguravaju lako\u0107u i manje zamaranja. OrthoLite potplat s PU pjenom pru\u017ea meku i udobnu amortizaciju pod nogama. Osim toga, novorazvijeni vanjski potplat s SRC certifikatom opremljen je sustavom Easy Rolling System. PU me\u0111upotplat mek\u0161e gusto\u0107e pru\u017ea maksimalnu stabilnost i trakciju. Odaberite kolekciju Eagle tvrtke Bata Industrials za obu\u0107u koja daje prednost sigurnosti, udobnosti i dizajnu po najboljoj cijeni. Kolekcija je savr\u0161ena za najrazli\u010ditija profesionalna okru\u017eenja.<\/p>\n<p><em>Savjete za odabir pravih radnih cipela za va\u0161e potrebe mo\u017eete prona\u0107i u segmentu &#8220;<a href=\"https:\/\/work-foxx.com\/hr\/savjeti\/\">Savjeti stru\u010dnjaka<\/a>&#8220;.<\/em><\/p>\n","protected":false},"excerpt":{"rendered":"<p>Niske za\u0161titne cipele ANTWERP imaju za\u0161titnu kapicu i klasificirane su u za\u0161titnu klasu S3. Cipele imaju dodatni poliuretanski premaz za lak\u0161e \u010di\u0161\u0107enje.<\/p>\n","protected":false},"featured_media":38702,"comment_status":"open","ping_status":"closed","template":"","meta":{"_acf_changed":false,"inline_featured_image":false},"product_brand":[],"product_cat":[748,1013,1042],"product_tag":[],"class_list":{"0":"post-41977","1":"product","2":"type-product","3":"status-publish","4":"has-post-thumbnail","6":"product_cat-niske-zastitne-cipele","7":"product_cat-obuca","8":"product_cat-zastitne-cipele","10":"first","11":"instock","12":"taxable","13":"shipping-taxable","14":"purchasable","15":"product-type-variable"},"acf":[],"_links":{"self":[{"href":"https:\/\/work-foxx.com\/hr\/wp-json\/wp\/v2\/product\/41977","targetHints":{"allow":["GET"]}}],"collection":[{"href":"https:\/\/work-foxx.com\/hr\/wp-json\/wp\/v2\/product"}],"about":[{"href":"https:\/\/work-foxx.com\/hr\/wp-json\/wp\/v2\/types\/product"}],"replies":[{"embeddable":true,"href":"https:\/\/work-foxx.com\/hr\/wp-json\/wp\/v2\/comments?post=41977"}],"wp:featuredmedia":[{"embeddable":true,"href":"https:\/\/work-foxx.com\/hr\/wp-json\/wp\/v2\/media\/38702"}],"wp:attachment":[{"href":"https:\/\/work-foxx.com\/hr\/wp-json\/wp\/v2\/media?parent=41977"}],"wp:term":[{"taxonomy":"product_brand","embeddable":true,"href":"https:\/\/work-foxx.com\/hr\/wp-json\/wp\/v2\/product_brand?post=41977"},{"taxonomy":"product_cat","embeddable":true,"href":"https:\/\/work-foxx.com\/hr\/wp-json\/wp\/v2\/product_cat?post=41977"},{"taxonomy":"product_tag","embeddable":true,"href":"https:\/\/work-foxx.com\/hr\/wp-json\/wp\/v2\/product_tag?post=41977"}],"curies":[{"name":"wp","href":"https:\/\/api.w.org\/{rel}","templated":true}]}}