{"id":41818,"date":"2024-07-01T12:22:00","date_gmt":"2024-07-01T12:22:00","guid":{"rendered":"https:\/\/work-foxx.com\/product\/visoke-sigurnosne-cizme-bickz-907-s3\/"},"modified":"2026-03-30T18:19:05","modified_gmt":"2026-03-30T18:19:05","slug":"visoke-zastitne-cipele-bickz-907-s3","status":"publish","type":"product","link":"https:\/\/work-foxx.com\/hr\/proizvod\/visoke-zastitne-cipele-bickz-907-s3\/","title":{"rendered":"Visoke za\u0161titne cipele BICKZ 907 S3"},"content":{"rendered":"<h1 class=\"fc-black pb-1 pt-1 p-md-0\">Visoke za\u0161titne cipele BICKZ 907 S3<\/h1>\n<p>Visoke za\u0161titne cipele BICKZ 907 imaju za\u0161titnu kapicu i klasificirane su u za\u0161titnu klasu S3. Za\u0161titna kapica i sigurnosni ulo\u017eak izra\u0111eni su od kompozitnog materijala, \u0161to smanjuje te\u017einu za\u0161titnih cipela. Izra\u0111ene su od punozrnate ko\u017ee \u0161to omogu\u0107uje lak\u0161e \u010di\u0161\u0107enje i odr\u017eavanje. Gornji dio cipele je otporan na upijanje vode (WRU). Podstava za\u0161titne cipele izra\u0111ena je od prozra\u010dnog tekstila s Bickz Cool System\u00ae tehnologijom koja osigurava ve\u0107u prozra\u010dnost i smanjuje znojenje stopala. Podstavljeni jezik nudi ve\u0107u udobnost i bolju za\u0161titu. Zatvaraju se vezicama i patentnim zatvara\u010dem, \u0161to osigurava savr\u0161eno pristajanje i brzo otpu\u0161tanje. Premium Fit ulo\u017eak pru\u017ea udobnost, apsorpciju udaraca i ve\u0107u stabilnost stopala. Umetak se mo\u017ee izvaditi, oprati ili kupiti zamjenski. Vanjska za\u0161titna kapica (SC) od gume nudi dodatnu za\u0161titu od habanja. Za\u0161titne cipele imaju dvoslojni potplat od EVA i nitrilne gume koji je antistati\u010dan (A), otporan na ulja i goriva (FO) te pru\u017ea izuzetnu protukliznu za\u0161titu na keramici i metalu (SRC). Potplat cipele \u0161titi korisnika od kontaktne topline do 300 \u00b0C (HRO). Visoke za\u0161titne cipele BICKZ 907 S3 prikladne su za vrlo zahtjevne zadatke u poljoprivredi, gra\u0111evinarstvu, transportu i logistici te te\u0161koj industriji.<\/p>\n<h3>Materijalni sastav i tehni\u010dka svojstva<\/h3>\n<p><strong>Vanjski materijal:<\/strong> Punozrnata ko\u017ea, otporna na upijanje vode<br \/>\n<strong>Podstava:<\/strong> Tekstilna 3-D mre\u017ea, Bickz Cool System\u00ae<br \/>\n<strong>Ulo\u017eak:<\/strong> POLIYOU\u00ae, Premium Fit, periv<br \/>\n<strong>Potplat:<\/strong> Dvoslojni, EVA \/ guma<br \/>\n<strong>Zatvaranje:<\/strong> Vezice, patentni zatvara\u010d<\/p>\n<p><strong>Veli\u010dine:<\/strong> 38 &#8211; 48<br \/>\n<strong>\u0160irina:<\/strong> W (klasi\u010dna)<br \/>\n<strong>Boja:<\/strong> Crna<br \/>\n<strong>Model:<\/strong> Mu\u0161ki, visok<br \/>\n<strong>Proizvo\u0111a\u010d:<\/strong> <a href=\"https:\/\/www.bataindustrials.com\/\">Bata Industrials<\/a><\/p>\n<p><strong>Tehni\u010dke karakteristike:<\/strong> S3, SRC, FO, A, P, E, SC, HRO<br \/>\n<strong>Za\u0161tita prstiju:<\/strong> Za\u0161titna kapica (SB), kompozit, otpornost na probijanje: 200 J<br \/>\n<strong>Za\u0161tita potplata:<\/strong> Sigurnosni ulo\u017eak, kompozit, FlexGuard\u00ae, otpornost na probijanje: 1100 N<br \/>\n<strong>Standard:<\/strong> CE EN ISO 20345:2011 \/ S3 \/ SRC \/ HRO<\/p>\n<h3>Opis standarda<\/h3>\n<p>Norma EN ISO 20345 odre\u0111uje osnovne zahtjeve i (opcionalno) dodatne zahtjeve za za\u0161titnu obu\u0107u. Obu\u0107a koja je u skladu s normom EN ISO 20345 mora imati specifi\u010dan oblik, za\u0161titu za prste, potplat protiv klizanja, ergonomska svojstva, gornje cipele, \u010dvrsto\u0107u i zadovoljiti potrebne kriterije ispitivanja. Za\u0161titna obu\u0107a s kapom pogodna je za rad gdje postoji velika mogu\u0107nost o\u0161te\u0107enja od mehani\u010dkih utjecaja.<\/p>\n<h3>Opis kolekcije<\/h3>\n<p>Otkrijte inovativni spoj stila i sigurnosti s kolekcijom Bickz tvrtke Bata Industrials. Bilo da tra\u017eite niske ili visoke za\u0161titne cipele, Bickz vas pokriva. Ova izvanredna linija nudi svestran raspon niskih, visokih i robusnih radnih cipela dizajniranih za zahtjevna okru\u017eenja. Svi modeli iz kolekcije opremljeni su najnovijim stilskim i ujedno funkcionalnim dodacima. Ovi modeli imaju specifikaciju S3 i imaju SRC certificirane potplate, osiguravaju\u0107i optimalnu sigurnost i performanse. Za\u0161titne cipele imaju dvoslojni potplat od EVA i nitrilne gume, \u0161to osigurava neusporedivu udobnost i izdr\u017eljivost. Stoga su savr\u0161eni i za najzahtjevnije radne uvjete. Odaberite kolekciju Bickz by Bata Industrials za za\u0161titnu obu\u0107u koja nema kompromisa u pogledu stila ili performansi, a sve to po konkurentnoj cijeni.<\/p>\n<p><em>Savjete za odabir pravih radnih cipela za va\u0161e potrebe mo\u017eete prona\u0107i u segmentu &#8220;<a href=\"https:\/\/work-foxx.com\/hr\/savjeti\/\">Savjeti stru\u010dnjaka<\/a>&#8220;.<\/em><\/p>\n","protected":false},"excerpt":{"rendered":"<p>Visoke za\u0161titne cipele BICKZ 907 imaju za\u0161titnu kapicu i klasificirane su u za\u0161titnu klasu S3. Zatvaraju se vezicama i patentnim zatvara\u010dem sa strane.<\/p>\n","protected":false},"featured_media":38672,"comment_status":"open","ping_status":"closed","template":"","meta":{"_acf_changed":false,"inline_featured_image":false},"product_brand":[],"product_cat":[1013,1045,1042],"product_tag":[],"class_list":{"0":"post-41818","1":"product","2":"type-product","3":"status-publish","4":"has-post-thumbnail","6":"product_cat-obuca","7":"product_cat-visoke-zastitne-cipele","8":"product_cat-zastitne-cipele","10":"first","11":"instock","12":"taxable","13":"shipping-taxable","14":"purchasable","15":"product-type-variable"},"acf":[],"_links":{"self":[{"href":"https:\/\/work-foxx.com\/hr\/wp-json\/wp\/v2\/product\/41818","targetHints":{"allow":["GET"]}}],"collection":[{"href":"https:\/\/work-foxx.com\/hr\/wp-json\/wp\/v2\/product"}],"about":[{"href":"https:\/\/work-foxx.com\/hr\/wp-json\/wp\/v2\/types\/product"}],"replies":[{"embeddable":true,"href":"https:\/\/work-foxx.com\/hr\/wp-json\/wp\/v2\/comments?post=41818"}],"wp:featuredmedia":[{"embeddable":true,"href":"https:\/\/work-foxx.com\/hr\/wp-json\/wp\/v2\/media\/38672"}],"wp:attachment":[{"href":"https:\/\/work-foxx.com\/hr\/wp-json\/wp\/v2\/media?parent=41818"}],"wp:term":[{"taxonomy":"product_brand","embeddable":true,"href":"https:\/\/work-foxx.com\/hr\/wp-json\/wp\/v2\/product_brand?post=41818"},{"taxonomy":"product_cat","embeddable":true,"href":"https:\/\/work-foxx.com\/hr\/wp-json\/wp\/v2\/product_cat?post=41818"},{"taxonomy":"product_tag","embeddable":true,"href":"https:\/\/work-foxx.com\/hr\/wp-json\/wp\/v2\/product_tag?post=41818"}],"curies":[{"name":"wp","href":"https:\/\/api.w.org\/{rel}","templated":true}]}}