{"id":35289,"date":"2024-04-21T16:16:28","date_gmt":"2024-04-21T16:16:28","guid":{"rendered":"https:\/\/work-foxx.com\/?post_type=product&#038;p=35289"},"modified":"2024-04-24T08:17:21","modified_gmt":"2024-04-24T08:17:21","slug":"zastitne-naocale-fox-tamne","status":"publish","type":"product","link":"https:\/\/work-foxx.com\/hr\/proizvod\/zastitne-naocale-fox-tamne\/","title":{"rendered":"Za\u0161titne nao\u010dale FOX, tamne"},"content":{"rendered":"<p>Za\u0161titne nao\u010dale Fox imaju tamne polikarbonatne le\u0107e s oznakom 5-3.1 1FT. Za\u0161titne nao\u010dale Fox \u0161tite vas od UV zraka i dodatno \u0161tite od ogrebotina. Ru\u010dke su automatski podesive i imaju utore za vi\u0161e prostora. Nao\u010dale su pogodne za rad u te\u0161koj i procesnoj industriji, lakoj industriji, odr\u017eavanju, gra\u0111evinarstvu, transportu, logistici itd.<\/p>\n<p><strong>Boja le\u0107e:<\/strong> Tamna<br \/>\n<strong>Boja okvira:<\/strong> Crna\/crvena<br \/>\n<strong>Karakteristike:<\/strong> Izuzetno lagan (22g), UV za\u0161tita, za\u0161tita od ogrebotina<br \/>\n<strong>Oznaka le\u0107e:<\/strong> 5-3.1 1FT<br \/>\n<strong>Oznaka okvira:<\/strong> FT<br \/>\n<strong>Proizvo\u0111a\u010d:<\/strong> <a href=\"http:\/\/www.coverguard-safety.com\">Coverguard<\/a><br \/>\n<strong>Standard:<\/strong> EN166:2001, EN170:2003<\/p>\n<h5>Opis standarda<\/h5>\n<p><b>EN 166<\/b>\u00a0&#8211; Za\u0161tita o\u010diju<\/p>\n<p><b>EN 170<\/b>\u00a0&#8211; Za\u0161tita o\u010diju \u2014 Ultraljubi\u010dasti filtri<\/p>\n<p>Ako proizvod koji vam je potreban nije na zalihi ili ne mo\u017eete prona\u0107i \u017eeljeni proizvod u na\u0161oj internetskoj trgovini, pozivamo vas da nam po\u0161aljete upit na\u00a0<a href=\"mailto:info@work-foxx.com\"><b>info@work-foxx.com<\/b><\/a>\u00a0ili putem<a href=\"https:\/\/work-foxx.com\/hr\/pomoc-i-kontakt\/\">\u00a0kontakt obrasca<\/a>. S na\u0161om partnerskom mre\u017eom poku\u0161at \u0107emo vam pru\u017eiti \u017eeljene proizvode ili skratiti vrijeme isporuke.<\/p>\n","protected":false},"excerpt":{"rendered":"<p>Za\u0161titne nao\u010dale Fox imaju tamne le\u0107e s oznakom le\u0107e 5-3.1 1FT. \u0160tite korisnika od UV zraka i imaju dodatnu za\u0161titu od ogrebotina.<\/p>\n","protected":false},"featured_media":35292,"comment_status":"open","ping_status":"closed","template":"","meta":{"_acf_changed":false,"inline_featured_image":false},"product_brand":[],"product_cat":[958,969,970],"product_tag":[],"class_list":{"0":"post-35289","1":"product","2":"type-product","3":"status-publish","4":"has-post-thumbnail","6":"product_cat-zastita-glave","7":"product_cat-zastita-ociju","8":"product_cat-zastitne-naocale","10":"first","11":"outofstock","12":"taxable","13":"shipping-taxable","14":"purchasable","15":"product-type-simple"},"acf":[],"_links":{"self":[{"href":"https:\/\/work-foxx.com\/hr\/wp-json\/wp\/v2\/product\/35289","targetHints":{"allow":["GET"]}}],"collection":[{"href":"https:\/\/work-foxx.com\/hr\/wp-json\/wp\/v2\/product"}],"about":[{"href":"https:\/\/work-foxx.com\/hr\/wp-json\/wp\/v2\/types\/product"}],"replies":[{"embeddable":true,"href":"https:\/\/work-foxx.com\/hr\/wp-json\/wp\/v2\/comments?post=35289"}],"wp:featuredmedia":[{"embeddable":true,"href":"https:\/\/work-foxx.com\/hr\/wp-json\/wp\/v2\/media\/35292"}],"wp:attachment":[{"href":"https:\/\/work-foxx.com\/hr\/wp-json\/wp\/v2\/media?parent=35289"}],"wp:term":[{"taxonomy":"product_brand","embeddable":true,"href":"https:\/\/work-foxx.com\/hr\/wp-json\/wp\/v2\/product_brand?post=35289"},{"taxonomy":"product_cat","embeddable":true,"href":"https:\/\/work-foxx.com\/hr\/wp-json\/wp\/v2\/product_cat?post=35289"},{"taxonomy":"product_tag","embeddable":true,"href":"https:\/\/work-foxx.com\/hr\/wp-json\/wp\/v2\/product_tag?post=35289"}],"curies":[{"name":"wp","href":"https:\/\/api.w.org\/{rel}","templated":true}]}}