{"id":34977,"date":"2024-04-17T10:56:00","date_gmt":"2024-04-17T10:56:00","guid":{"rendered":"https:\/\/work-foxx.com\/product\/nizki-zascitni-cevlji-otavite-s1p\/"},"modified":"2026-03-30T18:22:59","modified_gmt":"2026-03-30T18:22:59","slug":"niske-zastitne-cipele-otavite-s1p","status":"publish","type":"product","link":"https:\/\/work-foxx.com\/hr\/proizvod\/niske-zastitne-cipele-otavite-s1p\/","title":{"rendered":"Niske za\u0161titne cipele OTAVITE S1P"},"content":{"rendered":"<h1>Niske za\u0161titne cipele OTAVITE S1P<\/h1>\n<p>Niske za\u0161titne cipele Otavite imaju za\u0161titnu kapivu i klasificirane su u za\u0161titnu klasu S1P. Izra\u0111ene su od mre\u017easte tkanine i imaju prozra\u010dnu i meku 3D mre\u017eastu podstavu. Podstavljeni jezik pru\u017ea ve\u0107u udobnost i bolju za\u0161titu. Perforirani EVA gumeni ulo\u017eak je anatomski i tako\u0111er se mo\u017ee izvaditi i prati. Cipele imaju dvoslojni potplat od poliuretana niske gusto\u0107e (PU) koji je antistati\u010dan, pru\u017ea iznimnu protukliznu za\u0161titu na keramici i metalu (SRC) i pru\u017ea cjelodnevnu udobnost. Niske za\u0161titne cipele Otavite klase S1P imaju antistati\u010dki potplat i ulo\u017eak. Potplat je otporan na probode i ugljikovodike, a peta radne cipele upija energiju.<\/p>\n<h3>Materijalni sastav i tehni\u010dka svojstva<\/h3>\n<p><strong>Vanjski materijal:<\/strong> Mre\u017easta tkanina<br \/>\n<strong>Podstava:<\/strong> Air 3D mesh<br \/>\n<strong>Ulo\u017eak:<\/strong> Uklonjiv, perforirana EVA guma<br \/>\n<strong>Potplat:<\/strong> Dvoslojni, poliuretan (PU) \/ poliuretan (PU)<\/p>\n<p><strong>Veli\u010dine:<\/strong> 38 &#8211; 47<br \/>\n<strong>Boja:<\/strong> Crna s plavim i crvenim dodacima<br \/>\n<strong>Spol:<\/strong> Uniseks<br \/>\n<strong>Proizvo\u0111a\u010d:<\/strong> <a href=\"http:\/\/www.coverguard-safety.com\">Coverguard<\/a><\/p>\n<p><strong>Tehni\u010dke karakteristike:<\/strong> S1P, SRC<br \/>\n<strong>Za\u0161tita prstiju:<\/strong> Za\u0161titna kapica (SB), aluminij<br \/>\n<strong>Za\u0161tita potplata:<\/strong> Sigurnosni umetak, aluminij<br \/>\n<strong>Standard:<\/strong> EN ISO 20345:2011<\/p>\n<h3>Opis standarda<\/h3>\n<p>Norma EN ISO 20345 utvr\u0111uje osnovne zahtjeve i (po izboru) dodatne zahtjeve za za\u0161titnu obu\u0107u. Obu\u0107a koja je u skladu s normom EN ISO 20345 mora imati specifi\u010dan oblik, za\u0161titu za prste, protuklizni potplat, ergonomska svojstva, gornji dio obu\u0107e, \u010dvrsto\u0107u i mora zadovoljiti tra\u017eene kriterije ispitivanja. Za\u0161titna obu\u0107a s kapom prikladna je za rad gdje postoji velika mogu\u0107nost ozljeda uslijed mehani\u010dkih utjecaja.<\/p>\n<p><i>Savjete za odabir pravih radnih cipela za va\u0161e potrebe mo\u017eete prona\u0107i u segmentu &#8220;<\/i><a href=\"https:\/\/work-foxx.com\/hr\/savjeti\/\"><i>Savjeti stru\u010dnjaka<\/i><\/a><i>&#8220;.<\/i><\/p>\n","protected":false},"excerpt":{"rendered":"<p>Niske za\u0161titne cipele Otavite imaju za\u0161titnu kapu i spadaju u klasu za\u0161tite S1P. Izra\u0111ene su od mre\u017easte tkanine i imaju zra\u010dnu mre\u017eastu podstavu.<\/p>\n","protected":false},"featured_media":34051,"comment_status":"open","ping_status":"closed","template":"","meta":{"_acf_changed":false,"inline_featured_image":false},"product_brand":[],"product_cat":[748,1013,1042],"product_tag":[],"class_list":{"0":"post-34977","1":"product","2":"type-product","3":"status-publish","4":"has-post-thumbnail","6":"product_cat-niske-zastitne-cipele","7":"product_cat-obuca","8":"product_cat-zastitne-cipele","10":"first","11":"instock","12":"taxable","13":"shipping-taxable","14":"purchasable","15":"product-type-variable"},"acf":[],"_links":{"self":[{"href":"https:\/\/work-foxx.com\/hr\/wp-json\/wp\/v2\/product\/34977","targetHints":{"allow":["GET"]}}],"collection":[{"href":"https:\/\/work-foxx.com\/hr\/wp-json\/wp\/v2\/product"}],"about":[{"href":"https:\/\/work-foxx.com\/hr\/wp-json\/wp\/v2\/types\/product"}],"replies":[{"embeddable":true,"href":"https:\/\/work-foxx.com\/hr\/wp-json\/wp\/v2\/comments?post=34977"}],"wp:featuredmedia":[{"embeddable":true,"href":"https:\/\/work-foxx.com\/hr\/wp-json\/wp\/v2\/media\/34051"}],"wp:attachment":[{"href":"https:\/\/work-foxx.com\/hr\/wp-json\/wp\/v2\/media?parent=34977"}],"wp:term":[{"taxonomy":"product_brand","embeddable":true,"href":"https:\/\/work-foxx.com\/hr\/wp-json\/wp\/v2\/product_brand?post=34977"},{"taxonomy":"product_cat","embeddable":true,"href":"https:\/\/work-foxx.com\/hr\/wp-json\/wp\/v2\/product_cat?post=34977"},{"taxonomy":"product_tag","embeddable":true,"href":"https:\/\/work-foxx.com\/hr\/wp-json\/wp\/v2\/product_tag?post=34977"}],"curies":[{"name":"wp","href":"https:\/\/api.w.org\/{rel}","templated":true}]}}