{"id":34936,"date":"2024-04-17T10:56:00","date_gmt":"2024-04-17T10:56:00","guid":{"rendered":"https:\/\/work-foxx.com\/product\/nizki-zascitni-sandali-bova-s1p\/"},"modified":"2026-03-30T18:23:00","modified_gmt":"2026-03-30T18:23:00","slug":"zastitne-sandale-bova-s1p","status":"publish","type":"product","link":"https:\/\/work-foxx.com\/hr\/proizvod\/zastitne-sandale-bova-s1p\/","title":{"rendered":"Za\u0161titne sandale BOVA S1P"},"content":{"rendered":"<h1>Za\u0161titne sandale BOVA S1P<\/h1>\n<p>Za\u0161titne sandale Bova imaju za\u0161titnu kapicu i klasificirane su u za\u0161titnu klasu S1P. Izra\u0111ene su od rektificirane ko\u017ee i poliuretanskog premaza s podstavom od prozra\u010dne 3D tkanine. Podstavljeni jezik pru\u017ea ve\u0107u udobnost i bolju za\u0161titu. Ulo\u017eak od kombinacije pjene i tekstila je anatomski, ali se tako\u0111er mo\u017ee izvaditi i prati. Potplat od dvoslojnog poliuretana (PU) otporan je na probijanje (P) i pru\u017ea dobro prianjanje i za\u0161titu od klizanja na keramici i metalu (SRC). Za\u0161titne sandale Bova klase S1P imaju antistati\u010dki potplat i ulo\u017eak. Potplat je otporan na probode i ugljikovodike, a peta radne cipele upija energiju.<\/p>\n<h3>Materijalni sastav i tehni\u010dka svojstva<\/h3>\n<p><strong>Vanjski materijal:<\/strong> Rektificirana ko\u017ea i poliuretanski premaz<br \/>\n<strong>Podstava:<\/strong> Air 3D mesh<br \/>\n<strong>Ulo\u017eak:<\/strong> Uklonjiv, kombinacija pjene i tekstila<br \/>\n<strong>Potplat:<\/strong> Dvoslojni, poliuretan (PU) \/ poliuretan (PU)<\/p>\n<p><strong>Veli\u010dine:<\/strong> 36 &#8211; 47<br \/>\n<strong>Boja:<\/strong> Crna sa zelenom postavom i \u0161avovima<br \/>\n<strong>Spol:<\/strong> Uniseks<br \/>\n<strong>Proizvo\u0111a\u010d:<\/strong> <a href=\"http:\/\/www.coverguard-safety.com\">Coverguard<\/a><\/p>\n<p><strong>Tehni\u010dke karakteristike:<\/strong> S1P, SRC<br \/>\n<strong>Za\u0161tita prstiju:<\/strong> Za\u0161titna kapica (SB), \u010delik<br \/>\n<strong>Za\u0161tita potplata:<\/strong> Sigurnosni umetak, \u010delik<br \/>\n<strong>Standard:<\/strong> EN ISO 20345:2011<\/p>\n<h3>Opis standarda<\/h3>\n<p>Norma EN ISO 20345 utvr\u0111uje osnovne zahtjeve i (po izboru) dodatne zahtjeve za za\u0161titnu obu\u0107u. Obu\u0107a koja je u skladu s normom EN ISO 20345 mora imati specifi\u010dan oblik, za\u0161titu za prste, protuklizni potplat, ergonomska svojstva, gornji dio obu\u0107e, \u010dvrsto\u0107u i mora zadovoljiti tra\u017eene kriterije ispitivanja. Za\u0161titna obu\u0107a s kapom prikladna je za rad gdje postoji velika mogu\u0107nost ozljeda uslijed mehani\u010dkih utjecaja.<\/p>\n<p><em>Savjete za odabir pravih za\u0161titnih sandala za va\u0161e potrebe mo\u017eete prona\u0107i u segmentu &#8220;<a href=\"https:\/\/work-foxx.com\/hr\/savjeti\/\">Savjeti stru\u010dnjaka<\/a>&#8220;.<\/em><\/p>\n","protected":false},"excerpt":{"rendered":"<p>Za\u0161titne sandale Bova imaju za\u0161titnu kapicu i spadaju u za\u0161titnu klasu S1P. Izra\u0111ene su od ko\u017ee i imaju prozra\u010dnu podstavu od 3D tkanine.<\/p>\n","protected":false},"featured_media":34059,"comment_status":"open","ping_status":"closed","template":"","meta":{"_acf_changed":false,"inline_featured_image":false},"product_brand":[],"product_cat":[1013,1042,1977],"product_tag":[],"class_list":{"0":"post-34936","1":"product","2":"type-product","3":"status-publish","4":"has-post-thumbnail","6":"product_cat-obuca","7":"product_cat-zastitne-cipele","8":"product_cat-zastitne-sandale","10":"first","11":"instock","12":"taxable","13":"shipping-taxable","14":"purchasable","15":"product-type-variable"},"acf":[],"_links":{"self":[{"href":"https:\/\/work-foxx.com\/hr\/wp-json\/wp\/v2\/product\/34936","targetHints":{"allow":["GET"]}}],"collection":[{"href":"https:\/\/work-foxx.com\/hr\/wp-json\/wp\/v2\/product"}],"about":[{"href":"https:\/\/work-foxx.com\/hr\/wp-json\/wp\/v2\/types\/product"}],"replies":[{"embeddable":true,"href":"https:\/\/work-foxx.com\/hr\/wp-json\/wp\/v2\/comments?post=34936"}],"wp:featuredmedia":[{"embeddable":true,"href":"https:\/\/work-foxx.com\/hr\/wp-json\/wp\/v2\/media\/34059"}],"wp:attachment":[{"href":"https:\/\/work-foxx.com\/hr\/wp-json\/wp\/v2\/media?parent=34936"}],"wp:term":[{"taxonomy":"product_brand","embeddable":true,"href":"https:\/\/work-foxx.com\/hr\/wp-json\/wp\/v2\/product_brand?post=34936"},{"taxonomy":"product_cat","embeddable":true,"href":"https:\/\/work-foxx.com\/hr\/wp-json\/wp\/v2\/product_cat?post=34936"},{"taxonomy":"product_tag","embeddable":true,"href":"https:\/\/work-foxx.com\/hr\/wp-json\/wp\/v2\/product_tag?post=34936"}],"curies":[{"name":"wp","href":"https:\/\/api.w.org\/{rel}","templated":true}]}}