{"id":34745,"date":"2024-04-17T10:57:00","date_gmt":"2024-04-17T10:57:00","guid":{"rendered":"https:\/\/work-foxx.com\/product\/visoki-skornji-work-it-s5-crni\/"},"modified":"2026-03-31T13:21:03","modified_gmt":"2026-03-31T13:21:03","slug":"visoke-cizme-work-it-s5-crne","status":"publish","type":"product","link":"https:\/\/work-foxx.com\/hr\/proizvod\/visoke-cizme-work-it-s5-crne\/","title":{"rendered":"Visoke \u010dizme WORK-IT S5, crne"},"content":{"rendered":"<h1>Visoke \u010dizme WORK-IT S5, crne<\/h1>\n<p>Visoko za\u0161titne \u010dizme Dunlop Work-It imaju za\u0161titnu kapicu i klasificirane su u klasu za\u0161tite S5. Izra\u0111ene su od PVC-a i imaju PVC potplat. Potplat ima iznimna protuklizna svojstva (SR), antistati\u010dan je (A), upija energiju u peti (E), otporan je na ulja i masti (FO) i nudi za\u0161titu od proboda (P). Potplat \u010dizme je ispitan i certificiran za rad na ljestvama (LG). Visoke \u010dizme Work-It S5 su vodootporne i prikladne za rad u industriji.<\/p>\n<h3>Materijalni sastav i tehni\u010dka svojstva<\/h3>\n<p><strong>Vanjski materijal:<\/strong>&nbsp;PVC<br \/>\n<b>Podstava:<\/b> Siva poliesterska vlakna<br \/>\n<strong>Potplat:<\/strong> PVC<\/p>\n<p><strong>Veli\u010dine:<\/strong> 36 &#8211; 50<br \/>\n<strong>Boja:<\/strong>&nbsp;Crna<br \/>\n<strong>Spol:<\/strong>&nbsp;Unisex<br \/>\n<strong>Proizvo\u0111a\u010d:<\/strong> <a href=\"https:\/\/www.dunlopboots.com\/\">Dunlop Boots<\/a><\/p>\n<p><strong>Tehni\u010dke karakteristike:<\/strong> S5 SR FO LG<br \/>\n<strong>Za\u0161tita prstiju:<\/strong>&nbsp;Za\u0161titna kapica (SB), \u010delik<br \/>\n<b>Za\u0161tita potplata:<\/b>&nbsp;Sigurnosni ulo\u017eak, \u010delik<br \/>\n<strong>Standard:<\/strong> EN ISO 20345:2022 S5 SR FO LG<\/p>\n<h3>Opis standarda<\/h3>\n<p>Norma EN ISO 20345 utvr\u0111uje osnovne zahtjeve i (po izboru) dodatne zahtjeve za za\u0161titnu obu\u0107u. Obu\u0107a koja je u skladu s normom EN ISO 20345 mora imati specifi\u010dan oblik, za\u0161titu za prste, protuklizni potplat, ergonomska svojstva, gornji dio obu\u0107e, \u010dvrsto\u0107u i mora zadovoljiti tra\u017eene kriterije ispitivanja. Za\u0161titna obu\u0107a s kapom prikladna je za rad gdje postoji velika mogu\u0107nost ozljeda uslijed mehani\u010dkih utjecaja.<\/p>\n<p>Razlikujemo radne i za\u0161titne \u010dizme koje se me\u0111usobno razlikuju po stupnju za\u0161tite. Radne \u010dizme s oznakom OB namijenjene su za rad na kojem postoji mala mogu\u0107nost ozljeda zbog mehani\u010dkih utjecaja. Za\u0161titne \u010dizme oznake SB imaju za\u0161titnu kapicu i namijenjene su za rad gdje postoji velika mogu\u0107nost ozljeda zbog mehani\u010dkih utjecaja.<\/p>\n<p><em>Savjete za odabir kvalitetnih \u010dizama mo\u017eete prona\u0107i u rubrici&nbsp;&#8220;<a href=\"https:\/\/work-foxx.com\/hr\/savjeti\/\">Savjeti stru\u010dnjaka<\/a>&#8220;.<\/em><\/p>\n","protected":false},"excerpt":{"rendered":"<p>Crne visoke za\u0161titne \u010dizme Dunlop Work-It S5 imaju za\u0161titnu kapu i spadaju u za\u0161titnu klasu S5. Vodootporne su i pogodne za rad u industriji.<\/p>\n","protected":false},"featured_media":33975,"comment_status":"open","ping_status":"closed","template":"","meta":{"_acf_changed":false,"inline_featured_image":false},"product_brand":[],"product_cat":[1015,1976,1013],"product_tag":[],"class_list":{"0":"post-34745","1":"product","2":"type-product","3":"status-publish","4":"has-post-thumbnail","6":"product_cat-cizme","7":"product_cat-gumene-cizme","8":"product_cat-obuca","10":"first","11":"instock","12":"taxable","13":"shipping-taxable","14":"purchasable","15":"product-type-variable"},"acf":[],"_links":{"self":[{"href":"https:\/\/work-foxx.com\/hr\/wp-json\/wp\/v2\/product\/34745","targetHints":{"allow":["GET"]}}],"collection":[{"href":"https:\/\/work-foxx.com\/hr\/wp-json\/wp\/v2\/product"}],"about":[{"href":"https:\/\/work-foxx.com\/hr\/wp-json\/wp\/v2\/types\/product"}],"replies":[{"embeddable":true,"href":"https:\/\/work-foxx.com\/hr\/wp-json\/wp\/v2\/comments?post=34745"}],"wp:featuredmedia":[{"embeddable":true,"href":"https:\/\/work-foxx.com\/hr\/wp-json\/wp\/v2\/media\/33975"}],"wp:attachment":[{"href":"https:\/\/work-foxx.com\/hr\/wp-json\/wp\/v2\/media?parent=34745"}],"wp:term":[{"taxonomy":"product_brand","embeddable":true,"href":"https:\/\/work-foxx.com\/hr\/wp-json\/wp\/v2\/product_brand?post=34745"},{"taxonomy":"product_cat","embeddable":true,"href":"https:\/\/work-foxx.com\/hr\/wp-json\/wp\/v2\/product_cat?post=34745"},{"taxonomy":"product_tag","embeddable":true,"href":"https:\/\/work-foxx.com\/hr\/wp-json\/wp\/v2\/product_tag?post=34745"}],"curies":[{"name":"wp","href":"https:\/\/api.w.org\/{rel}","templated":true}]}}